{"id":2525,"date":"2025-02-13T16:52:56","date_gmt":"2025-02-13T15:52:56","guid":{"rendered":"https:\/\/fts.you2.pl\/index.php\/produkt\/ferencvarosi-ts-2019-20-away-xl\/"},"modified":"2025-09-17T13:22:36","modified_gmt":"2025-09-17T11:22:36","slug":"ferencvarosi-ts-2019-20-away-xl","status":"publish","type":"product","link":"https:\/\/fts.you2.pl\/de\/ferencvarosi-ts-2019-20-away-xl\/","title":{"rendered":"Ferencvarosi TS 2019\/20 Away [XL]"},"content":{"rendered":"<p><strong>Klub:<\/strong> Ferencvarosi TS<\/p>\n<p><strong>Sezon:<\/strong> 2019\/20 Away<\/p>\n<p><strong>Rozmiar: <\/strong>XL<\/p>\n<p><strong>Stan:<\/strong> Bardzo dobry &#8211; jedno mikro zaci\u0105gni\u0119cie.<\/p>\n<p><strong>Wymiary (szeroko\u015b\u0107 pod pachami\/d\u0142ugo\u015b\u0107) w cm: <\/strong>56\/75<\/p>","protected":false},"excerpt":{"rendered":"<p>Ferencvarosi TS 2019\/20 Away [XL]<\/p>","protected":false},"featured_media":0,"template":"","meta":{"_kad_blocks_custom_css":"","_kad_blocks_head_custom_js":"","_kad_blocks_body_custom_js":"","_kad_blocks_footer_custom_js":"","_kad_post_transparent":"","_kad_post_title":"","_kad_post_layout":"","_kad_post_sidebar_id":"","_kad_post_content_style":"","_kad_post_vertical_padding":"","_kad_post_feature":"","_kad_post_feature_position":"","_kad_post_header":false,"_kad_post_footer":false},"product_brand":[55],"product_cat":[31,50,60],"product_tag":[],"class_list":{"0":"post-2525","1":"product","2":"type-product","3":"status-publish","5":"product_brand-nike","6":"product_cat-kluby-europejskie","7":"product_cat-kluby-europejskie-kluby-europejskie","8":"product_cat-pozostale-kluby-europejskie","9":"pa_rozmiar-xl","11":"first","12":"instock","13":"taxable","14":"shipping-taxable","15":"purchasable","16":"product-type-simple","17":"entry","18":"content-bg","19":"loop-entry"},"taxonomy_info":{"product_brand":[{"value":55,"label":"Nike"}],"product_cat":[{"value":31,"label":"Kluby Europejskie"},{"value":50,"label":"Kluby Europejskie"},{"value":60,"label":"Pozosta\u0142e kluby europejskie"}],"pa_rozmiar":[{"value":57,"label":"XL"}]},"featured_image_src_large":false,"author_info":[],"comment_info":"","_links":{"self":[{"href":"https:\/\/fts.you2.pl\/de\/wp-json\/wp\/v2\/product\/2525","targetHints":{"allow":["GET"]}}],"collection":[{"href":"https:\/\/fts.you2.pl\/de\/wp-json\/wp\/v2\/product"}],"about":[{"href":"https:\/\/fts.you2.pl\/de\/wp-json\/wp\/v2\/types\/product"}],"wp:attachment":[{"href":"https:\/\/fts.you2.pl\/de\/wp-json\/wp\/v2\/media?parent=2525"}],"wp:term":[{"taxonomy":"product_brand","embeddable":true,"href":"https:\/\/fts.you2.pl\/de\/wp-json\/wp\/v2\/product_brand?post=2525"},{"taxonomy":"product_cat","embeddable":true,"href":"https:\/\/fts.you2.pl\/de\/wp-json\/wp\/v2\/product_cat?post=2525"},{"taxonomy":"product_tag","embeddable":true,"href":"https:\/\/fts.you2.pl\/de\/wp-json\/wp\/v2\/product_tag?post=2525"}],"curies":[{"name":"wp","href":"https:\/\/api.w.org\/{rel}","templated":true}]}}