{"id":2526,"date":"2025-02-13T16:52:52","date_gmt":"2025-02-13T15:52:52","guid":{"rendered":"https:\/\/fts.you2.pl\/index.php\/produkt\/brazylia-2010-11-away-m\/"},"modified":"2025-09-17T13:22:37","modified_gmt":"2025-09-17T11:22:37","slug":"brazylia-2010-11-away-m","status":"publish","type":"product","link":"https:\/\/fts.you2.pl\/de\/brazylia-2010-11-away-m\/","title":{"rendered":"Brazylia 2010\/11 Away [M]"},"content":{"rendered":"<p><strong>Klub:<\/strong> Brazylia<\/p>\n<p><strong>Sezon:<\/strong> 2010\/11 Away<\/p>\n<p><strong>Rozmiar: <\/strong>M<\/p>\n<p><strong>Stan:\u00a0<\/strong>Dobry &#8211; drobne zabrudzenia szytych element\u00f3w.<\/p>\n<p><strong>Wymiary (szeroko\u015b\u0107 pod pachami\/d\u0142ugo\u015b\u0107) w cm: <\/strong>53\/70<\/p>","protected":false},"excerpt":{"rendered":"<p>Brazylia 2010\/11 Away [M]<\/p>","protected":false},"featured_media":0,"template":"","meta":{"_kad_blocks_custom_css":"","_kad_blocks_head_custom_js":"","_kad_blocks_body_custom_js":"","_kad_blocks_footer_custom_js":"","_kad_post_transparent":"","_kad_post_title":"","_kad_post_layout":"","_kad_post_sidebar_id":"","_kad_post_content_style":"","_kad_post_vertical_padding":"","_kad_post_feature":"","_kad_post_feature_position":"","_kad_post_header":false,"_kad_post_footer":false},"product_brand":[55],"product_cat":[77,78,22],"product_tag":[],"class_list":{"0":"post-2526","1":"product","2":"type-product","3":"status-publish","5":"product_brand-nike","6":"product_cat-ameryka-poludniowa-reprezentacje","7":"product_cat-brazylia","8":"product_cat-reprezentacje","9":"pa_rozmiar-m","11":"first","12":"instock","13":"taxable","14":"shipping-taxable","15":"purchasable","16":"product-type-simple","17":"entry","18":"content-bg","19":"loop-entry"},"taxonomy_info":{"product_brand":[{"value":55,"label":"Nike"}],"product_cat":[{"value":77,"label":"Ameryka Po\u0142udniowa"},{"value":78,"label":"Brazylia"},{"value":22,"label":"REPREZENTACJE"}],"pa_rozmiar":[{"value":28,"label":"M"}]},"featured_image_src_large":false,"author_info":[],"comment_info":"","_links":{"self":[{"href":"https:\/\/fts.you2.pl\/de\/wp-json\/wp\/v2\/product\/2526","targetHints":{"allow":["GET"]}}],"collection":[{"href":"https:\/\/fts.you2.pl\/de\/wp-json\/wp\/v2\/product"}],"about":[{"href":"https:\/\/fts.you2.pl\/de\/wp-json\/wp\/v2\/types\/product"}],"wp:attachment":[{"href":"https:\/\/fts.you2.pl\/de\/wp-json\/wp\/v2\/media?parent=2526"}],"wp:term":[{"taxonomy":"product_brand","embeddable":true,"href":"https:\/\/fts.you2.pl\/de\/wp-json\/wp\/v2\/product_brand?post=2526"},{"taxonomy":"product_cat","embeddable":true,"href":"https:\/\/fts.you2.pl\/de\/wp-json\/wp\/v2\/product_cat?post=2526"},{"taxonomy":"product_tag","embeddable":true,"href":"https:\/\/fts.you2.pl\/de\/wp-json\/wp\/v2\/product_tag?post=2526"}],"curies":[{"name":"wp","href":"https:\/\/api.w.org\/{rel}","templated":true}]}}