{"id":2529,"date":"2025-02-13T16:52:55","date_gmt":"2025-02-13T15:52:55","guid":{"rendered":"https:\/\/fts.you2.pl\/index.php\/produkt\/koszulka-okolicznosciowa-chelsea-fc-2019-20-home-xs\/"},"modified":"2025-09-17T13:22:38","modified_gmt":"2025-09-17T11:22:38","slug":"koszulka-okolicznosciowa-chelsea-fc-2019-20-home-xs","status":"publish","type":"product","link":"https:\/\/fts.you2.pl\/de\/koszulka-okolicznosciowa-chelsea-fc-2019-20-home-xs\/","title":{"rendered":"Koszulka okoliczno\u015bciowa Chelsea FC 2019\/20 Home [XS]"},"content":{"rendered":"<p><strong>Klub:<\/strong> Chelsea FC<\/p>\n<p><strong>Sezon:<\/strong> 2019\/20 Home<\/p>\n<p><strong>Rozmiar: <\/strong>XS<\/p>\n<p><strong>Stan:<\/strong> Bardzo dobry &#8211; kilka mikro zaci\u0105gni\u0119\u0107 na r\u0119kawku.<\/p>\n<p><strong>Wymiary (szeroko\u015b\u0107 pod pachami\/d\u0142ugo\u015b\u0107) w cm: <\/strong>45\/70<\/p>","protected":false},"excerpt":{"rendered":"<p data-start=\"0\" data-end=\"114\"><strong data-start=\"0\" data-end=\"114\">Oryginalna koszulka pi\u0142karska Chelsea FC z sezonu 2019\/20 w wersji domowej \u2013 edycja okoliczno\u015bciowa, produkcji Nike.<\/strong><\/p>\n<p data-start=\"116\" data-end=\"627\">Ta <strong data-start=\"119\" data-end=\"163\">oryginalna koszulka pi\u0142karska Chelsea FC<\/strong> z sezonu <strong data-start=\"173\" data-end=\"184\">2019\/20<\/strong> to unikalna <strong data-start=\"197\" data-end=\"223\">edycja okoliczno\u015bciowa<\/strong>, wyprodukowana przez <strong data-start=\"245\" data-end=\"253\">Nike<\/strong>, stworzona specjalnie na jeden, wyj\u0105tkowy mecz. Trykot przygotowany na 50\u2011lecie zwyci\u0119stwa Chelsea w <strong data-start=\"110\" data-end=\"148\">Fina\u0142owym rewan\u017cu FA Cup W 1970 roku. <\/strong>Koszulka zosta\u0142a u\u017cyta <strong data-start=\"23\" data-end=\"42\">tylko jeden raz<\/strong>, podczas <strong data-start=\"52\" data-end=\"103\">meczu FA Cup trzeciej rundy z Nottingham Forest<\/strong>, rozegranego <strong data-start=\"117\" data-end=\"141\">5 stycznia 2020 roku<\/strong> na Stamford Bridge. W odr\u00f3\u017cnieniu od standardowej wersji domowej, ten model wyr\u00f3\u017cnia si\u0119 <strong data-start=\"400\" data-end=\"430\">monochromatycznym designem<\/strong> \u2013\u00a0<strong data-start=\"465\" data-end=\"478\">logo Nike<\/strong> oraz <strong data-start=\"484\" data-end=\"512\">sponsor \u2013 Yokohama Tyres<\/strong> \u2013 zosta\u0142y przedstawione w jednolitym, ciemnym odcieniu, tworz\u0105c elegancki, ciemno niebieski efekt wizualny.<\/p>\n<p data-start=\"1061\" data-end=\"1361\">Ten model zosta\u0142 u\u017cyty <strong data-start=\"1084\" data-end=\"1108\">tylko w jednym meczu<\/strong> \u2013 co czyni go jednym z najrzadszych i najbardziej poszukiwanych egzemplarzy z kolekcji Chelsea. Brak kolorowych akcent\u00f3w i minimalistyczne podej\u015bcie do logotyp\u00f3w nadaj\u0105 koszulce wyj\u0105tkowego charakteru, kt\u00f3ry \u0142\u0105czy <strong data-start=\"1323\" data-end=\"1360\">nowoczesno\u015b\u0107 z pi\u0142karsk\u0105 tradycj\u0105<\/strong>.<\/p>\n<p data-start=\"1363\" data-end=\"1671\">Dla <strong data-start=\"1367\" data-end=\"1384\">kolekcjoner\u00f3w<\/strong>, <strong data-start=\"1386\" data-end=\"1406\">fan\u00f3w Chelsea FC<\/strong> oraz wszystkich mi\u0142o\u015bnik\u00f3w <strong data-start=\"1434\" data-end=\"1478\">limitowanych edycji koszulek pi\u0142karskich<\/strong>, ten egzemplarz to prawdziwa gratka. Symbolizuje <strong data-start=\"1528\" data-end=\"1563\">wyj\u0105tkowy moment sezonu 2019\/20<\/strong>, w kt\u00f3rym klub rywalizowa\u0142 pod wodz\u0105 Franka Lamparda, stawiaj\u0105c na m\u0142odych zawodnik\u00f3w i ofensywny styl gry.<\/p>\n<p data-start=\"1673\" data-end=\"1933\" data-is-last-node=\"\" data-is-only-node=\"\"><strong data-start=\"1673\" data-end=\"1724\">Ekskluzywna, nowoczesna i pe\u0142na klubowego ducha<\/strong> \u2013 ta okoliczno\u015bciowa koszulka Chelsea FC to nie tylko element stroju, ale r\u00f3wnie\u017c <strong data-start=\"1807\" data-end=\"1850\">unikatowy fragment historii \u201eThe Blues\u201d<\/strong>, idealny do ka\u017cdej kolekcji lub jako stylowy element garderoby prawdziwego kibica.<\/p>","protected":false},"featured_media":0,"template":"","meta":{"_kad_blocks_custom_css":"","_kad_blocks_head_custom_js":"","_kad_blocks_body_custom_js":"","_kad_blocks_footer_custom_js":"","_kad_post_transparent":"","_kad_post_title":"","_kad_post_layout":"","_kad_post_sidebar_id":"","_kad_post_content_style":"","_kad_post_vertical_padding":"","_kad_post_feature":"","_kad_post_feature_position":"","_kad_post_header":false,"_kad_post_footer":false},"product_brand":[55],"product_cat":[397,32,31,356],"product_tag":[],"class_list":{"0":"post-2529","1":"product","2":"type-product","3":"status-publish","5":"product_brand-nike","6":"product_cat-chelsea-fc","7":"product_cat-kluby-angielskie","8":"product_cat-kluby-europejskie","9":"product_cat-koszulki-mlodziezowe","10":"pa_rozmiar-xs","12":"first","13":"instock","14":"taxable","15":"shipping-taxable","16":"purchasable","17":"product-type-simple","18":"entry","19":"content-bg","20":"loop-entry"},"taxonomy_info":{"product_brand":[{"value":55,"label":"Nike"}],"product_cat":[{"value":397,"label":"Chelsea FC"},{"value":32,"label":"Kluby Angielskie"},{"value":31,"label":"Kluby Europejskie"},{"value":356,"label":"Koszulki M\u0142odzie\u017cowe"}],"pa_rozmiar":[{"value":415,"label":"XS"}]},"featured_image_src_large":false,"author_info":[],"comment_info":"","_links":{"self":[{"href":"https:\/\/fts.you2.pl\/de\/wp-json\/wp\/v2\/product\/2529","targetHints":{"allow":["GET"]}}],"collection":[{"href":"https:\/\/fts.you2.pl\/de\/wp-json\/wp\/v2\/product"}],"about":[{"href":"https:\/\/fts.you2.pl\/de\/wp-json\/wp\/v2\/types\/product"}],"wp:attachment":[{"href":"https:\/\/fts.you2.pl\/de\/wp-json\/wp\/v2\/media?parent=2529"}],"wp:term":[{"taxonomy":"product_brand","embeddable":true,"href":"https:\/\/fts.you2.pl\/de\/wp-json\/wp\/v2\/product_brand?post=2529"},{"taxonomy":"product_cat","embeddable":true,"href":"https:\/\/fts.you2.pl\/de\/wp-json\/wp\/v2\/product_cat?post=2529"},{"taxonomy":"product_tag","embeddable":true,"href":"https:\/\/fts.you2.pl\/de\/wp-json\/wp\/v2\/product_tag?post=2529"}],"curies":[{"name":"wp","href":"https:\/\/api.w.org\/{rel}","templated":true}]}}