{"id":2530,"date":"2025-02-13T16:52:54","date_gmt":"2025-02-13T15:52:54","guid":{"rendered":"https:\/\/fts.you2.pl\/index.php\/produkt\/afc-ajax-2021-22-third-xs\/"},"modified":"2025-09-17T13:22:38","modified_gmt":"2025-09-17T11:22:38","slug":"afc-ajax-2021-22-third-xs","status":"publish","type":"product","link":"https:\/\/fts.you2.pl\/de\/afc-ajax-2021-22-third-xs\/","title":{"rendered":"Koszulka pi\u0142karska AFC Ajax 2021\/22 Third [XS]"},"content":{"rendered":"<p><strong>Klub:<\/strong> AFC Ajax<\/p>\n<p><strong>Sezon:<\/strong> 2021\/22 Third<\/p>\n<p><strong>Rozmiar: <\/strong>XS<\/p>\n<p><strong>Stan:<\/strong> Dobry &#8211; jedno znaczne zaci\u0105gni\u0119cie na froncie.<\/p>\n<p><strong>Wymiary (szeroko\u015b\u0107 pod pachami\/d\u0142ugo\u015b\u0107) w cm: <\/strong>45\/69<\/p>","protected":false},"excerpt":{"rendered":"<p data-start=\"0\" data-end=\"140\"><strong data-start=\"0\" data-end=\"140\">Oryginalna trzecia koszulka pi\u0142karska Ajaxu Amsterdam z sezonu 2021\/22 \u2013 produkcji Adidasa, z motywem Jamajki i ho\u0142dem dla Boba Marleya.<\/strong><\/p>\n<p data-start=\"142\" data-end=\"628\">Ta <strong data-start=\"145\" data-end=\"202\">oryginalna trzecia koszulka pi\u0142karska Ajaxu Amsterdam<\/strong> z sezonu <strong data-start=\"212\" data-end=\"223\">2021\/22<\/strong> to wyj\u0105tkowy model, kt\u00f3ry przeszed\u0142 do historii nie tylko ze wzgl\u0119du na unikatowy design, ale r\u00f3wnie\u017c ze wzgl\u0119du na swoje <strong data-start=\"346\" data-end=\"393\">symboliczne znaczenie i emocjonalny przekaz<\/strong>. Wyprodukowana przez <strong data-start=\"415\" data-end=\"426\">Adidasa<\/strong>, koszulka powsta\u0142a jako ho\u0142d dla <strong data-start=\"460\" data-end=\"476\">Boba Marleya<\/strong> i jego ponadczasowego hitu \u201e<strong data-start=\"505\" data-end=\"527\">Three Little Birds<\/strong>\u201d \u2013 nieformalnego hymnu kibic\u00f3w Ajaxu, kt\u00f3ry od lat rozbrzmiewa na trybunach <strong data-start=\"604\" data-end=\"627\">Johan Cruijff ArenA<\/strong>.<\/p>\n<p data-start=\"630\" data-end=\"1237\">Koszulka zosta\u0142a zaprojektowana w <strong data-start=\"664\" data-end=\"687\">czarnej kolorystyce<\/strong>, z charakterystycznymi <strong data-start=\"711\" data-end=\"748\">czerwono-\u017c\u00f3\u0142to-zielonymi detalami<\/strong>, kt\u00f3re nawi\u0105zuj\u0105 do <strong data-start=\"769\" data-end=\"791\">barw flagi Jamajki<\/strong> oraz kultury reggae. Na ramionach znajduj\u0105 si\u0119 <strong data-start=\"839\" data-end=\"860\">trzy pasy Adidasa<\/strong> w kolorach jamajskich, a z ty\u0142u, tu\u017c pod ko\u0142nierzykiem, umieszczono <strong data-start=\"929\" data-end=\"952\">trzy kolorowe ptaki<\/strong> \u2013 symbolizuj\u0105ce tytu\u0142 piosenki \u201eThree Little Birds\u201d. To subtelne, ale bardzo wyraziste odniesienie do dziedzictwa muzycznego Boba Marleya, kt\u00f3ry by\u0142 nie tylko ikon\u0105 muzyki, ale i zwolennikiem jedno\u015bci, pokoju i wolno\u015bci \u2013 warto\u015bci bliskich zar\u00f3wno kibicom Ajaxu, jak i samemu klubowi.<\/p>\n<p data-start=\"1239\" data-end=\"1612\">Na froncie koszulki widnieje <strong data-start=\"1268\" data-end=\"1292\">herb Ajaxu Amsterdam<\/strong>, logo <strong data-start=\"1299\" data-end=\"1309\">Adidas<\/strong> oraz sponsor g\u0142\u00f3wny <strong data-start=\"1330\" data-end=\"1339\">Ziggo<\/strong>, wszystkie utrzymane w jednolitej, kontrastowej kolorystyce, kt\u00f3ra doskonale komponuje si\u0119 z ca\u0142o\u015bci\u0105 projektu.<\/p>\n<p data-start=\"1614\" data-end=\"1960\">Cho\u0107 pierwotnie koszulka mia\u0142a by\u0107 noszona w meczach, <strong data-start=\"1668\" data-end=\"1731\">UEFA zakaza\u0142a u\u017cywania wersji z trzema ptaszkami na plecach<\/strong> w oficjalnych rozgrywkach europejskich, co tylko zwi\u0119kszy\u0142o jej rozpoznawalno\u015b\u0107 i status w\u015br\u00f3d kolekcjoner\u00f3w. Model szybko zyska\u0142 miano <strong data-start=\"1868\" data-end=\"1889\">koszulki kultowej<\/strong> \u2013 \u0142\u0105cz\u0105cej <strong data-start=\"1901\" data-end=\"1934\">pi\u0142k\u0119 no\u017cn\u0105, muzyk\u0119 i kultur\u0119<\/strong> w jedn\u0105, sp\u00f3jn\u0105 opowie\u015b\u0107.<\/p>","protected":false},"featured_media":0,"template":"","meta":{"_kad_blocks_custom_css":"","_kad_blocks_head_custom_js":"","_kad_blocks_body_custom_js":"","_kad_blocks_footer_custom_js":"","_kad_post_transparent":"","_kad_post_title":"","_kad_post_layout":"","_kad_post_sidebar_id":"","_kad_post_content_style":"","_kad_post_vertical_padding":"","_kad_post_feature":"","_kad_post_feature_position":"","_kad_post_header":false,"_kad_post_footer":false},"product_brand":[45],"product_cat":[107,31,50,356],"product_tag":[],"class_list":{"0":"post-2530","1":"product","2":"type-product","3":"status-publish","5":"product_brand-adidas","6":"product_cat-belgia-i-holandia","7":"product_cat-kluby-europejskie","8":"product_cat-kluby-europejskie-kluby-europejskie","9":"product_cat-koszulki-mlodziezowe","10":"pa_rozmiar-xs","12":"first","13":"instock","14":"taxable","15":"shipping-taxable","16":"purchasable","17":"product-type-simple","18":"entry","19":"content-bg","20":"loop-entry"},"taxonomy_info":{"product_brand":[{"value":45,"label":"Adidas"}],"product_cat":[{"value":107,"label":"Belgia i Holandia"},{"value":31,"label":"Kluby Europejskie"},{"value":50,"label":"Kluby Europejskie"},{"value":356,"label":"Koszulki M\u0142odzie\u017cowe"}],"pa_rozmiar":[{"value":415,"label":"XS"}]},"featured_image_src_large":false,"author_info":[],"comment_info":"","_links":{"self":[{"href":"https:\/\/fts.you2.pl\/de\/wp-json\/wp\/v2\/product\/2530","targetHints":{"allow":["GET"]}}],"collection":[{"href":"https:\/\/fts.you2.pl\/de\/wp-json\/wp\/v2\/product"}],"about":[{"href":"https:\/\/fts.you2.pl\/de\/wp-json\/wp\/v2\/types\/product"}],"wp:attachment":[{"href":"https:\/\/fts.you2.pl\/de\/wp-json\/wp\/v2\/media?parent=2530"}],"wp:term":[{"taxonomy":"product_brand","embeddable":true,"href":"https:\/\/fts.you2.pl\/de\/wp-json\/wp\/v2\/product_brand?post=2530"},{"taxonomy":"product_cat","embeddable":true,"href":"https:\/\/fts.you2.pl\/de\/wp-json\/wp\/v2\/product_cat?post=2530"},{"taxonomy":"product_tag","embeddable":true,"href":"https:\/\/fts.you2.pl\/de\/wp-json\/wp\/v2\/product_tag?post=2530"}],"curies":[{"name":"wp","href":"https:\/\/api.w.org\/{rel}","templated":true}]}}