{"id":2535,"date":"2025-02-13T16:53:01","date_gmt":"2025-02-13T15:53:01","guid":{"rendered":"https:\/\/fts.you2.pl\/index.php\/produkt\/schalke-04-2002-03-home-xl\/"},"modified":"2025-09-17T13:22:38","modified_gmt":"2025-09-17T11:22:38","slug":"schalke-04-2002-03-home-xl","status":"publish","type":"product","link":"https:\/\/fts.you2.pl\/de\/schalke-04-2002-03-home-xl\/","title":{"rendered":"Schalke 04 2002\/03 Home [XL]"},"content":{"rendered":"<p><strong>Klub:<\/strong> Schalke 04<\/p>\n<p><strong>Sezon:<\/strong> 2002\/03 Home<\/p>\n<p><strong>Rozmiar: <\/strong>XL<\/p>\n<p><strong>Stan:<\/strong> Doskona\u0142y<\/p>\n<p><strong>Wymiary (szeroko\u015b\u0107 pod pachami\/d\u0142ugo\u015b\u0107) w cm: <\/strong>62\/70(prz\u00f3d), 75(ty\u0142)<\/p>\n<p data-start=\"145\" data-end=\"674\"><strong>Oryginalna koszulka pi\u0142karska Schalke\u00a004<\/strong> z sezon\u00f3w <strong>2002\u20132004<\/strong>, wyprodukowana przez <strong>Adidasa<\/strong>, w klasycznym, mocnym odcieniu niebieskiego. W tym okresie dru\u017cyn\u0119 reprezentowa\u0142 ceniony reprezentant Polski \u2013 <strong data-start=\"412\" data-end=\"428\">Tomasz Hajto<\/strong>, kt\u00f3ry wni\u00f3s\u0142 charakter i do\u015bwiadczenie do defensywy <strong>\u201eDie\u00a0Knappen\u201d<\/strong>. Model charakteryzuje si\u0119 solidnym wykonaniem i szerokim krojem.<\/p>\n<p data-start=\"676\" data-end=\"896\">Idealna dla wszystkich, kt\u00f3rzy chc\u0105 doda\u0107 do swojej kolekcji <strong>oryginaln\u0105 koszulk\u0119 pi\u0142karsk\u0105<\/strong> z autentycznym polskim akcentem w dru\u017cynie<strong> Bundesligi<\/strong>. \u015awietna opcja dla fan\u00f3w <strong>Bundesligi<\/strong> i <strong>Schalke 04<\/strong>.<\/p>","protected":false},"excerpt":{"rendered":"<p>Schalke 04 2002\/03 Home [XL]<\/p>","protected":false},"featured_media":0,"template":"","meta":{"_kad_blocks_custom_css":"","_kad_blocks_head_custom_js":"","_kad_blocks_body_custom_js":"","_kad_blocks_footer_custom_js":"","_kad_post_transparent":"","_kad_post_title":"","_kad_post_layout":"","_kad_post_sidebar_id":"","_kad_post_content_style":"","_kad_post_vertical_padding":"","_kad_post_feature":"","_kad_post_feature_position":"","_kad_post_header":false,"_kad_post_footer":false},"product_brand":[45],"product_cat":[31,46,316],"product_tag":[],"class_list":{"0":"post-2535","1":"product","2":"type-product","3":"status-publish","5":"product_brand-adidas","6":"product_cat-kluby-europejskie","7":"product_cat-kluby-niemieckie","8":"product_cat-schalke-04","9":"pa_rozmiar-xl","11":"first","12":"instock","13":"taxable","14":"shipping-taxable","15":"purchasable","16":"product-type-simple","17":"entry","18":"content-bg","19":"loop-entry"},"taxonomy_info":{"product_brand":[{"value":45,"label":"Adidas"}],"product_cat":[{"value":31,"label":"Kluby Europejskie"},{"value":46,"label":"Kluby Niemieckie"},{"value":316,"label":"Schalke 04"}],"pa_rozmiar":[{"value":57,"label":"XL"}]},"featured_image_src_large":false,"author_info":[],"comment_info":"","_links":{"self":[{"href":"https:\/\/fts.you2.pl\/de\/wp-json\/wp\/v2\/product\/2535","targetHints":{"allow":["GET"]}}],"collection":[{"href":"https:\/\/fts.you2.pl\/de\/wp-json\/wp\/v2\/product"}],"about":[{"href":"https:\/\/fts.you2.pl\/de\/wp-json\/wp\/v2\/types\/product"}],"wp:attachment":[{"href":"https:\/\/fts.you2.pl\/de\/wp-json\/wp\/v2\/media?parent=2535"}],"wp:term":[{"taxonomy":"product_brand","embeddable":true,"href":"https:\/\/fts.you2.pl\/de\/wp-json\/wp\/v2\/product_brand?post=2535"},{"taxonomy":"product_cat","embeddable":true,"href":"https:\/\/fts.you2.pl\/de\/wp-json\/wp\/v2\/product_cat?post=2535"},{"taxonomy":"product_tag","embeddable":true,"href":"https:\/\/fts.you2.pl\/de\/wp-json\/wp\/v2\/product_tag?post=2535"}],"curies":[{"name":"wp","href":"https:\/\/api.w.org\/{rel}","templated":true}]}}