{"id":2536,"date":"2025-02-13T16:52:59","date_gmt":"2025-02-13T15:52:59","guid":{"rendered":"https:\/\/fts.you2.pl\/index.php\/produkt\/reedycja-hamburger-sv-1976-78-away-s\/"},"modified":"2025-09-17T13:22:40","modified_gmt":"2025-09-17T11:22:40","slug":"reedycja-hamburger-sv-1976-78-away-s","status":"publish","type":"product","link":"https:\/\/fts.you2.pl\/de\/reedycja-hamburger-sv-1976-78-away-s\/","title":{"rendered":"REEDYCJA Hamburger SV 1976\/78 Away [S]"},"content":{"rendered":"<p><strong>Klub:<\/strong> Hamburger SV<\/p>\n<p><strong>Sezon:<\/strong> 1976\/78 Away<\/p>\n<p><strong>Rozmiar: <\/strong>S<\/p>\n<p><strong>Stan:<\/strong> Doskona\u0142y<\/p>\n<p><strong>Wymiary (szeroko\u015b\u0107 pod pachami\/d\u0142ugo\u015b\u0107) w cm: <\/strong>42\/69<\/p>","protected":false},"excerpt":{"rendered":"<p>REEDYCJA Hamburger SV 1976\/78 Away [S]<\/p>","protected":false},"featured_media":0,"template":"","meta":{"_kad_blocks_custom_css":"","_kad_blocks_head_custom_js":"","_kad_blocks_body_custom_js":"","_kad_blocks_footer_custom_js":"","_kad_post_transparent":"","_kad_post_title":"","_kad_post_layout":"","_kad_post_sidebar_id":"","_kad_post_content_style":"","_kad_post_vertical_padding":"","_kad_post_feature":"","_kad_post_feature_position":"","_kad_post_header":false,"_kad_post_footer":false},"product_brand":[103],"product_cat":[31,46,174],"product_tag":[],"class_list":{"0":"post-2536","1":"product","2":"type-product","3":"status-publish","5":"product_brand-erima","6":"product_cat-kluby-europejskie","7":"product_cat-kluby-niemieckie","8":"product_cat-pozostale-kluby-niemieckie","9":"pa_rozmiar-s","11":"first","12":"instock","13":"taxable","14":"shipping-taxable","15":"purchasable","16":"product-type-simple","17":"entry","18":"content-bg","19":"loop-entry"},"taxonomy_info":{"product_brand":[{"value":103,"label":"Erima"}],"product_cat":[{"value":31,"label":"Kluby Europejskie"},{"value":46,"label":"Kluby Niemieckie"},{"value":174,"label":"Pozosta\u0142e kluby niemieckie"}],"pa_rozmiar":[{"value":19,"label":"S"}]},"featured_image_src_large":false,"author_info":[],"comment_info":"","_links":{"self":[{"href":"https:\/\/fts.you2.pl\/de\/wp-json\/wp\/v2\/product\/2536","targetHints":{"allow":["GET"]}}],"collection":[{"href":"https:\/\/fts.you2.pl\/de\/wp-json\/wp\/v2\/product"}],"about":[{"href":"https:\/\/fts.you2.pl\/de\/wp-json\/wp\/v2\/types\/product"}],"wp:attachment":[{"href":"https:\/\/fts.you2.pl\/de\/wp-json\/wp\/v2\/media?parent=2536"}],"wp:term":[{"taxonomy":"product_brand","embeddable":true,"href":"https:\/\/fts.you2.pl\/de\/wp-json\/wp\/v2\/product_brand?post=2536"},{"taxonomy":"product_cat","embeddable":true,"href":"https:\/\/fts.you2.pl\/de\/wp-json\/wp\/v2\/product_cat?post=2536"},{"taxonomy":"product_tag","embeddable":true,"href":"https:\/\/fts.you2.pl\/de\/wp-json\/wp\/v2\/product_tag?post=2536"}],"curies":[{"name":"wp","href":"https:\/\/api.w.org\/{rel}","templated":true}]}}