{"id":2542,"date":"2025-02-13T16:53:05","date_gmt":"2025-02-13T15:53:05","guid":{"rendered":"https:\/\/fts.you2.pl\/index.php\/produkt\/vfl-wolfsburg-2015-16-home-11-kruse-s\/"},"modified":"2025-09-17T13:22:41","modified_gmt":"2025-09-17T11:22:41","slug":"vfl-wolfsburg-2015-16-home-11-kruse-s","status":"publish","type":"product","link":"https:\/\/fts.you2.pl\/de\/vfl-wolfsburg-2015-16-home-11-kruse-s\/","title":{"rendered":"VFL Wolfsburg 2015\/16 Home 11 Kruse [S]"},"content":{"rendered":"<p><strong>Klub:<\/strong> VFL Wolfsburg<\/p>\n<p><strong>Sezon:<\/strong> 2015\/16 Home<\/p>\n<p><strong>Rozmiar: <\/strong>S<\/p>\n<p><strong>Stan:<\/strong> Bardzo dobry &#8211; nieznacznie uszkodzony nadruk sponsora na froncie.<\/p>\n<p><strong>Wymiary (szeroko\u015b\u0107 pod pachami\/d\u0142ugo\u015b\u0107) w cm: <\/strong>50\/68<\/p>","protected":false},"excerpt":{"rendered":"<p>VFL Wolfsburg 2015\/16 Home 11 Kruse [S]<\/p>","protected":false},"featured_media":0,"template":"","meta":{"_kad_blocks_custom_css":"","_kad_blocks_head_custom_js":"","_kad_blocks_body_custom_js":"","_kad_blocks_footer_custom_js":"","_kad_post_transparent":"","_kad_post_title":"","_kad_post_layout":"","_kad_post_sidebar_id":"","_kad_post_content_style":"","_kad_post_vertical_padding":"","_kad_post_feature":"","_kad_post_feature_position":"","_kad_post_header":false,"_kad_post_footer":false},"product_brand":[35],"product_cat":[31,46,179],"product_tag":[],"class_list":{"0":"post-2542","1":"product","2":"type-product","3":"status-publish","5":"product_brand-kappa","6":"product_cat-kluby-europejskie","7":"product_cat-kluby-niemieckie","8":"product_cat-vfl-wolfsburg","9":"pa_rozmiar-s","11":"first","12":"instock","13":"taxable","14":"shipping-taxable","15":"purchasable","16":"product-type-simple","17":"entry","18":"content-bg","19":"loop-entry"},"taxonomy_info":{"product_brand":[{"value":35,"label":"Kappa"}],"product_cat":[{"value":31,"label":"Kluby Europejskie"},{"value":46,"label":"Kluby Niemieckie"},{"value":179,"label":"VFL Wolfsburg"}],"pa_rozmiar":[{"value":19,"label":"S"}]},"featured_image_src_large":false,"author_info":[],"comment_info":"","_links":{"self":[{"href":"https:\/\/fts.you2.pl\/de\/wp-json\/wp\/v2\/product\/2542","targetHints":{"allow":["GET"]}}],"collection":[{"href":"https:\/\/fts.you2.pl\/de\/wp-json\/wp\/v2\/product"}],"about":[{"href":"https:\/\/fts.you2.pl\/de\/wp-json\/wp\/v2\/types\/product"}],"wp:attachment":[{"href":"https:\/\/fts.you2.pl\/de\/wp-json\/wp\/v2\/media?parent=2542"}],"wp:term":[{"taxonomy":"product_brand","embeddable":true,"href":"https:\/\/fts.you2.pl\/de\/wp-json\/wp\/v2\/product_brand?post=2542"},{"taxonomy":"product_cat","embeddable":true,"href":"https:\/\/fts.you2.pl\/de\/wp-json\/wp\/v2\/product_cat?post=2542"},{"taxonomy":"product_tag","embeddable":true,"href":"https:\/\/fts.you2.pl\/de\/wp-json\/wp\/v2\/product_tag?post=2542"}],"curies":[{"name":"wp","href":"https:\/\/api.w.org\/{rel}","templated":true}]}}