{"id":2548,"date":"2025-02-13T16:53:13","date_gmt":"2025-02-13T15:53:13","guid":{"rendered":"https:\/\/fts.you2.pl\/index.php\/produkt\/fsv-mainz-05-2014-15-home-de-blasis-yxl\/"},"modified":"2025-09-17T13:22:42","modified_gmt":"2025-09-17T11:22:42","slug":"fsv-mainz-05-2014-15-home-de-blasis-yxl","status":"publish","type":"product","link":"https:\/\/fts.you2.pl\/de\/fsv-mainz-05-2014-15-home-de-blasis-yxl\/","title":{"rendered":"Koszulka pi\u0142karska FSV Mainz 05 2014\/15 Home De Blasis [164 cm]"},"content":{"rendered":"<p><strong>Klub:<\/strong> FSV Mainz 05<\/p>\n<p><strong>Sezon:<\/strong> 2014\/15 Home<\/p>\n<p><strong>Rozmiar: <\/strong>164 cm<\/p>\n<p><strong>Stan:<\/strong> Dobry &#8211; nieznacznie uszkodzone nadruki na plecach.<\/p>\n<p><strong>Wymiary (szeroko\u015b\u0107 pod pachami\/d\u0142ugo\u015b\u0107) w cm: <\/strong>47\/64<\/p>","protected":false},"excerpt":{"rendered":"<article class=\"text-token-text-primary w-full focus:outline-none scroll-mt-[calc(var(--header-height)+min(200px,max(70px,20svh)))]\" dir=\"auto\" tabindex=\"-1\" data-testid=\"conversation-turn-46\" data-scroll-anchor=\"true\" data-turn=\"assistant\">\n<div class=\"text-base my-auto mx-auto pb-10 [--thread-content-margin:--spacing(4)] @[37rem]:[--thread-content-margin:--spacing(6)] @[72rem]:[--thread-content-margin:--spacing(16)] px-(--thread-content-margin)\">\n<div class=\"[--thread-content-max-width:32rem] @[34rem]:[--thread-content-max-width:40rem] @[64rem]:[--thread-content-max-width:48rem] mx-auto max-w-(--thread-content-max-width) flex-1 group\/turn-messages focus-visible:outline-hidden relative flex w-full min-w-0 flex-col agent-turn\" tabindex=\"-1\">\n<div class=\"flex max-w-full flex-col grow\">\n<div class=\"min-h-8 text-message relative flex w-full flex-col items-end gap-2 text-start break-words whitespace-normal [.text-message+&amp;]:mt-5\" dir=\"auto\" data-message-author-role=\"assistant\" data-message-id=\"d7e39f10-f83a-41d3-b41a-d5c55b244ad9\" data-message-model-slug=\"gpt-4o\">\n<div class=\"flex w-full flex-col gap-1 empty:hidden first:pt-[3px]\">\n<div class=\"markdown prose dark:prose-invert w-full break-words light\">\n<p data-start=\"0\" data-end=\"521\" data-is-last-node=\"\" data-is-only-node=\"\"><strong data-start=\"0\" data-end=\"98\" data-is-only-node=\"\">Oryginalna koszulka domowa FSV Mainz z sezonu 2014\/15 z nazwiskiem De Blasis \u2013 produkcji Nike.<\/strong><\/p>\n<p data-start=\"0\" data-end=\"521\" data-is-last-node=\"\" data-is-only-node=\"\"><br data-start=\"98\" data-end=\"101\" \/>Ta <strong data-start=\"104\" data-end=\"147\">oryginalna koszulka pi\u0142karska FSV Mainz<\/strong> z sezonu <strong data-start=\"157\" data-end=\"168\">2014\/15<\/strong> to oficjalny model domowy wyprodukowany przez <strong data-start=\"215\" data-end=\"223\">Nike<\/strong>, z <strong data-start=\"227\" data-end=\"250\">nadrukiem De Blasis<\/strong> \u2013 jednego z najwa\u017cniejszych zawodnik\u00f3w zespo\u0142u. Utrzymana w charakterystycznym <strong data-start=\"330\" data-end=\"351\">czerwonym kolorze<\/strong> z bia\u0142ymi detalami, koszulka \u0142\u0105czy nowoczesny kr\u00f3j z klasycznym wygl\u0105dem. Idealna dla fan\u00f3w <strong data-start=\"444\" data-end=\"458\">Bundesligi<\/strong> oraz kolekcjoner\u00f3w oryginalnych koszulek meczowych z lat <strong>2010.<\/strong><\/p>\n<\/div>\n<\/div>\n<\/div>\n<\/div>\n<\/div>\n<\/div>\n<\/article>\n<div class=\"pointer-events-none h-px w-px\" aria-hidden=\"true\" data-edge=\"true\"><\/div>","protected":false},"featured_media":0,"template":"","meta":{"_kad_blocks_custom_css":"","_kad_blocks_head_custom_js":"","_kad_blocks_body_custom_js":"","_kad_blocks_footer_custom_js":"","_kad_post_transparent":"","_kad_post_title":"","_kad_post_layout":"","_kad_post_sidebar_id":"","_kad_post_content_style":"","_kad_post_vertical_padding":"","_kad_post_feature":"","_kad_post_feature_position":"","_kad_post_header":false,"_kad_post_footer":false},"product_brand":[55],"product_cat":[31,46,356,174],"product_tag":[],"class_list":{"0":"post-2548","1":"product","2":"type-product","3":"status-publish","5":"product_brand-nike","6":"product_cat-kluby-europejskie","7":"product_cat-kluby-niemieckie","8":"product_cat-koszulki-mlodziezowe","9":"product_cat-pozostale-kluby-niemieckie","10":"pa_rozmiar-164-cm","12":"first","13":"instock","14":"taxable","15":"shipping-taxable","16":"purchasable","17":"product-type-simple","18":"entry","19":"content-bg","20":"loop-entry"},"taxonomy_info":{"product_brand":[{"value":55,"label":"Nike"}],"product_cat":[{"value":31,"label":"Kluby Europejskie"},{"value":46,"label":"Kluby Niemieckie"},{"value":356,"label":"Koszulki M\u0142odzie\u017cowe"},{"value":174,"label":"Pozosta\u0142e kluby niemieckie"}],"pa_rozmiar":[{"value":403,"label":"164 cm"}]},"featured_image_src_large":false,"author_info":[],"comment_info":"","_links":{"self":[{"href":"https:\/\/fts.you2.pl\/de\/wp-json\/wp\/v2\/product\/2548","targetHints":{"allow":["GET"]}}],"collection":[{"href":"https:\/\/fts.you2.pl\/de\/wp-json\/wp\/v2\/product"}],"about":[{"href":"https:\/\/fts.you2.pl\/de\/wp-json\/wp\/v2\/types\/product"}],"wp:attachment":[{"href":"https:\/\/fts.you2.pl\/de\/wp-json\/wp\/v2\/media?parent=2548"}],"wp:term":[{"taxonomy":"product_brand","embeddable":true,"href":"https:\/\/fts.you2.pl\/de\/wp-json\/wp\/v2\/product_brand?post=2548"},{"taxonomy":"product_cat","embeddable":true,"href":"https:\/\/fts.you2.pl\/de\/wp-json\/wp\/v2\/product_cat?post=2548"},{"taxonomy":"product_tag","embeddable":true,"href":"https:\/\/fts.you2.pl\/de\/wp-json\/wp\/v2\/product_tag?post=2548"}],"curies":[{"name":"wp","href":"https:\/\/api.w.org\/{rel}","templated":true}]}}