{"id":2556,"date":"2025-02-13T16:53:23","date_gmt":"2025-02-13T15:53:23","guid":{"rendered":"https:\/\/fts.you2.pl\/index.php\/produkt\/brazylia-1994-96-home-m\/"},"modified":"2025-09-17T13:22:44","modified_gmt":"2025-09-17T11:22:44","slug":"brazylia-1994-96-home-m","status":"publish","type":"product","link":"https:\/\/fts.you2.pl\/de\/brazylia-1994-96-home-m\/","title":{"rendered":"Brazylia 1994\/96 Home [M]"},"content":{"rendered":"<p><strong>Klub:<\/strong> Brazylia<\/p>\n<p><strong>Sezon:<\/strong> 1994\/96 Home<\/p>\n<p><strong>Rozmiar: <\/strong>M<\/p>\n<p><strong>Stan:<\/strong> Doskona\u0142y<\/p>\n<p><strong>Wymiary (szeroko\u015b\u0107 pod pachami\/d\u0142ugo\u015b\u0107) w cm: <\/strong>52\/70<\/p>","protected":false},"excerpt":{"rendered":"<p>Brazylia 1994\/96 Home [M]<\/p>","protected":false},"featured_media":0,"template":"","meta":{"_kad_blocks_custom_css":"","_kad_blocks_head_custom_js":"","_kad_blocks_body_custom_js":"","_kad_blocks_footer_custom_js":"","_kad_post_transparent":"","_kad_post_title":"","_kad_post_layout":"","_kad_post_sidebar_id":"","_kad_post_content_style":"","_kad_post_vertical_padding":"","_kad_post_feature":"","_kad_post_feature_position":"","_kad_post_header":false,"_kad_post_footer":false},"product_brand":[21],"product_cat":[77,78,22],"product_tag":[],"class_list":{"0":"post-2556","1":"product","2":"type-product","3":"status-publish","5":"product_brand-umbro","6":"product_cat-ameryka-poludniowa-reprezentacje","7":"product_cat-brazylia","8":"product_cat-reprezentacje","9":"pa_rozmiar-m","11":"first","12":"instock","13":"taxable","14":"shipping-taxable","15":"purchasable","16":"product-type-simple","17":"entry","18":"content-bg","19":"loop-entry"},"taxonomy_info":{"product_brand":[{"value":21,"label":"Umbro"}],"product_cat":[{"value":77,"label":"Ameryka Po\u0142udniowa"},{"value":78,"label":"Brazylia"},{"value":22,"label":"REPREZENTACJE"}],"pa_rozmiar":[{"value":28,"label":"M"}]},"featured_image_src_large":false,"author_info":[],"comment_info":"","_links":{"self":[{"href":"https:\/\/fts.you2.pl\/de\/wp-json\/wp\/v2\/product\/2556","targetHints":{"allow":["GET"]}}],"collection":[{"href":"https:\/\/fts.you2.pl\/de\/wp-json\/wp\/v2\/product"}],"about":[{"href":"https:\/\/fts.you2.pl\/de\/wp-json\/wp\/v2\/types\/product"}],"wp:attachment":[{"href":"https:\/\/fts.you2.pl\/de\/wp-json\/wp\/v2\/media?parent=2556"}],"wp:term":[{"taxonomy":"product_brand","embeddable":true,"href":"https:\/\/fts.you2.pl\/de\/wp-json\/wp\/v2\/product_brand?post=2556"},{"taxonomy":"product_cat","embeddable":true,"href":"https:\/\/fts.you2.pl\/de\/wp-json\/wp\/v2\/product_cat?post=2556"},{"taxonomy":"product_tag","embeddable":true,"href":"https:\/\/fts.you2.pl\/de\/wp-json\/wp\/v2\/product_tag?post=2556"}],"curies":[{"name":"wp","href":"https:\/\/api.w.org\/{rel}","templated":true}]}}