{"id":2557,"date":"2025-02-13T16:53:22","date_gmt":"2025-02-13T15:53:22","guid":{"rendered":"https:\/\/fts.you2.pl\/index.php\/produkt\/player-issue-dania-2004-06-home-2xl\/"},"modified":"2025-09-17T13:22:45","modified_gmt":"2025-09-17T11:22:45","slug":"player-issue-dania-2004-06-home-2xl","status":"publish","type":"product","link":"https:\/\/fts.you2.pl\/de\/player-issue-dania-2004-06-home-2xl\/","title":{"rendered":"PLAYER ISSUE Dania 2004\/06 Home [XXL]"},"content":{"rendered":"<p><strong>Klub:<\/strong> Dania<\/p>\n<p><strong>Sezon:<\/strong> 2004\/06 Home<\/p>\n<p><strong>Rozmiar: <\/strong>XXL<\/p>\n<p><strong>Stan:<\/strong> Bardzo dobry &#8211; kilka mikro zaci\u0105gni\u0119\u0107.<\/p>\n<p><strong>Wymiary (szeroko\u015b\u0107 pod pachami\/d\u0142ugo\u015b\u0107) w cm: <\/strong>61\/70(prz\u00f3d), 82(ty\u0142)<\/p>","protected":false},"excerpt":{"rendered":"<p>PLAYER ISSUE Dania 2004\/06 Home [XXL]<\/p>","protected":false},"featured_media":0,"template":"","meta":{"_kad_blocks_custom_css":"","_kad_blocks_head_custom_js":"","_kad_blocks_body_custom_js":"","_kad_blocks_footer_custom_js":"","_kad_post_transparent":"","_kad_post_title":"","_kad_post_layout":"","_kad_post_sidebar_id":"","_kad_post_content_style":"","_kad_post_vertical_padding":"","_kad_post_feature":"","_kad_post_feature_position":"","_kad_post_header":false,"_kad_post_footer":false},"product_brand":[45],"product_cat":[23,114,22],"product_tag":[],"class_list":{"0":"post-2557","1":"product","2":"type-product","3":"status-publish","5":"product_brand-adidas","6":"product_cat-europa","7":"product_cat-pozostale","8":"product_cat-reprezentacje","9":"pa_rozmiar-xxl","11":"first","12":"instock","13":"taxable","14":"shipping-taxable","15":"purchasable","16":"product-type-simple","17":"entry","18":"content-bg","19":"loop-entry"},"taxonomy_info":{"product_brand":[{"value":45,"label":"Adidas"}],"product_cat":[{"value":23,"label":"Europa"},{"value":114,"label":"Pozosta\u0142e"},{"value":22,"label":"REPREZENTACJE"}],"pa_rozmiar":[{"value":71,"label":"XXL"}]},"featured_image_src_large":false,"author_info":[],"comment_info":"","_links":{"self":[{"href":"https:\/\/fts.you2.pl\/de\/wp-json\/wp\/v2\/product\/2557","targetHints":{"allow":["GET"]}}],"collection":[{"href":"https:\/\/fts.you2.pl\/de\/wp-json\/wp\/v2\/product"}],"about":[{"href":"https:\/\/fts.you2.pl\/de\/wp-json\/wp\/v2\/types\/product"}],"wp:attachment":[{"href":"https:\/\/fts.you2.pl\/de\/wp-json\/wp\/v2\/media?parent=2557"}],"wp:term":[{"taxonomy":"product_brand","embeddable":true,"href":"https:\/\/fts.you2.pl\/de\/wp-json\/wp\/v2\/product_brand?post=2557"},{"taxonomy":"product_cat","embeddable":true,"href":"https:\/\/fts.you2.pl\/de\/wp-json\/wp\/v2\/product_cat?post=2557"},{"taxonomy":"product_tag","embeddable":true,"href":"https:\/\/fts.you2.pl\/de\/wp-json\/wp\/v2\/product_tag?post=2557"}],"curies":[{"name":"wp","href":"https:\/\/api.w.org\/{rel}","templated":true}]}}