{"id":2559,"date":"2025-02-13T16:53:21","date_gmt":"2025-02-13T15:53:21","guid":{"rendered":"https:\/\/fts.you2.pl\/index.php\/produkt\/newcastle-united-fc-2013-14-home-3xl\/"},"modified":"2025-09-17T13:22:45","modified_gmt":"2025-09-17T11:22:45","slug":"newcastle-united-fc-2013-14-home-3xl","status":"publish","type":"product","link":"https:\/\/fts.you2.pl\/de\/newcastle-united-fc-2013-14-home-3xl\/","title":{"rendered":"Newcastle United FC 2013\/14 Home [3XL]"},"content":{"rendered":"<p><strong>Klub:<\/strong> Newcastle United FC<\/p>\n<p><strong>Sezon:<\/strong> 2013\/14 Home<\/p>\n<p><strong>Rozmiar: <\/strong>3XL<\/p>\n<p><strong>Stan:<\/strong> Bardzo dobry &#8211; kilka mikro zaci\u0105gni\u0119\u0107.<\/p>\n<p><strong>Wymiary (szeroko\u015b\u0107 pod pachami\/d\u0142ugo\u015b\u0107) w cm: <\/strong>65\/78<\/p>","protected":false},"excerpt":{"rendered":"<p>Newcastle United FC 2013\/14 Home [3XL]<\/p>","protected":false},"featured_media":0,"template":"","meta":{"_kad_blocks_custom_css":"","_kad_blocks_head_custom_js":"","_kad_blocks_body_custom_js":"","_kad_blocks_footer_custom_js":"","_kad_post_transparent":"","_kad_post_title":"","_kad_post_layout":"","_kad_post_sidebar_id":"","_kad_post_content_style":"","_kad_post_vertical_padding":"","_kad_post_feature":"","_kad_post_feature_position":"","_kad_post_header":false,"_kad_post_footer":false},"product_brand":[86],"product_cat":[32,31,33],"product_tag":[],"class_list":{"0":"post-2559","1":"product","2":"type-product","3":"status-publish","5":"product_brand-puma","6":"product_cat-kluby-angielskie","7":"product_cat-kluby-europejskie","8":"product_cat-pozostale-kluby-angielskie","9":"pa_rozmiar-3xl","11":"first","12":"instock","13":"taxable","14":"shipping-taxable","15":"purchasable","16":"product-type-simple","17":"entry","18":"content-bg","19":"loop-entry"},"taxonomy_info":{"product_brand":[{"value":86,"label":"Puma"}],"product_cat":[{"value":32,"label":"Kluby Angielskie"},{"value":31,"label":"Kluby Europejskie"},{"value":33,"label":"Pozosta\u0142e kluby angielskie"}],"pa_rozmiar":[{"value":342,"label":"3XL"}]},"featured_image_src_large":false,"author_info":[],"comment_info":"","_links":{"self":[{"href":"https:\/\/fts.you2.pl\/de\/wp-json\/wp\/v2\/product\/2559","targetHints":{"allow":["GET"]}}],"collection":[{"href":"https:\/\/fts.you2.pl\/de\/wp-json\/wp\/v2\/product"}],"about":[{"href":"https:\/\/fts.you2.pl\/de\/wp-json\/wp\/v2\/types\/product"}],"wp:attachment":[{"href":"https:\/\/fts.you2.pl\/de\/wp-json\/wp\/v2\/media?parent=2559"}],"wp:term":[{"taxonomy":"product_brand","embeddable":true,"href":"https:\/\/fts.you2.pl\/de\/wp-json\/wp\/v2\/product_brand?post=2559"},{"taxonomy":"product_cat","embeddable":true,"href":"https:\/\/fts.you2.pl\/de\/wp-json\/wp\/v2\/product_cat?post=2559"},{"taxonomy":"product_tag","embeddable":true,"href":"https:\/\/fts.you2.pl\/de\/wp-json\/wp\/v2\/product_tag?post=2559"}],"curies":[{"name":"wp","href":"https:\/\/api.w.org\/{rel}","templated":true}]}}