{"id":2646,"date":"2025-02-13T17:02:43","date_gmt":"2025-02-13T16:02:43","guid":{"rendered":"https:\/\/fts.you2.pl\/index.php\/produkt\/tsv-monachium-1860-1996-97-home-16-jeremies-yxl\/"},"modified":"2025-09-19T10:02:19","modified_gmt":"2025-09-19T08:02:19","slug":"tsv-monachium-1860-1996-97-home-16-jeremies-yxl","status":"publish","type":"product","link":"https:\/\/fts.you2.pl\/de\/tsv-monachium-1860-1996-97-home-16-jeremies-yxl\/","title":{"rendered":"Koszulka pi\u0142karska TSV Monachium 1860 1996\/97 Home 16 Jeremies [164 cm]"},"content":{"rendered":"<p><strong>Klub:<\/strong> TSV Monachium 1860<\/p>\n<p><strong>Sezon:<\/strong> 1996\/97 Home<\/p>\n<p><strong>Rozmiar: <\/strong>164 cm<\/p>\n<p><strong>Stan:<\/strong> Bardzo dobry &#8211; kilka niewielkich zabrudze\u0144 oraz mikro zaci\u0105gni\u0119cie na plecach.<\/p>\n<p><strong>Wymiary (szeroko\u015b\u0107 pod pachami\/d\u0142ugo\u015b\u0107) w cm: <\/strong>50\/63(prz\u00f3d), 67(ty\u0142)<\/p>","protected":false},"excerpt":{"rendered":"<article class=\"text-token-text-primary w-full focus:outline-none scroll-mt-[calc(var(--header-height)+min(200px,max(70px,20svh)))]\" dir=\"auto\" tabindex=\"-1\" data-testid=\"conversation-turn-42\" data-scroll-anchor=\"true\" data-turn=\"assistant\">\n<div class=\"text-base my-auto mx-auto pb-10 [--thread-content-margin:--spacing(4)] @[37rem]:[--thread-content-margin:--spacing(6)] @[72rem]:[--thread-content-margin:--spacing(16)] px-(--thread-content-margin)\">\n<div class=\"[--thread-content-max-width:32rem] @[34rem]:[--thread-content-max-width:40rem] @[64rem]:[--thread-content-max-width:48rem] mx-auto max-w-(--thread-content-max-width) flex-1 group\/turn-messages focus-visible:outline-hidden relative flex w-full min-w-0 flex-col agent-turn\" tabindex=\"-1\">\n<div class=\"flex max-w-full flex-col grow\">\n<div class=\"min-h-8 text-message relative flex w-full flex-col items-end gap-2 text-start break-words whitespace-normal [.text-message+&amp;]:mt-5\" dir=\"auto\" data-message-author-role=\"assistant\" data-message-id=\"33444d76-393c-4609-b79d-8fd0909d6dff\" data-message-model-slug=\"gpt-4o\">\n<div class=\"flex w-full flex-col gap-1 empty:hidden first:pt-[3px]\">\n<div class=\"markdown prose dark:prose-invert w-full break-words light\">\n<p data-start=\"0\" data-end=\"133\"><strong data-start=\"0\" data-end=\"133\">Oryginalna koszulka pi\u0142karska TSV 1860 Monachium z sezonu 1996\/97 w wersji domowej z nazwiskiem Jensa Jeremiesa \u2013 produkcji Nike.<\/strong><\/p>\n<p data-start=\"135\" data-end=\"630\">Ta <strong data-start=\"138\" data-end=\"197\">oryginalna domowa koszulka pi\u0142karska TSV 1860 Monachium<\/strong> z sezonu <strong data-start=\"207\" data-end=\"218\">1996\/97<\/strong> to wyj\u0105tkowy model wyprodukowany przez firm\u0119 <strong data-start=\"264\" data-end=\"272\">Nike<\/strong>, kt\u00f3ra w po\u0142owie lat 90. odpowiada\u0142a za stroje \u201eLw\u00f3w\u201d z Monachium. Koszulka zawiera <strong data-start=\"357\" data-end=\"395\">oficjalny nadruk nazwiska Jeremies<\/strong> oraz numer 16 \u2013 nawi\u0105zuj\u0105c do jednego z najwa\u017cniejszych zawodnik\u00f3w klubu w tamtym okresie, <strong data-start=\"486\" data-end=\"505\">Jensa Jeremiesa<\/strong>, kt\u00f3ry po imponuj\u0105cym sezonie przeni\u00f3s\u0142 si\u0119 do lokalnego rywala \u2013 Bayernu Monachium \u2013 i zyska\u0142 status reprezentanta Niemiec.<\/p>\n<p data-start=\"632\" data-end=\"1078\">Model utrzymany jest w tradycyjnych barwach TSV \u2013 <strong data-start=\"682\" data-end=\"712\">jasnoniebieskich i bia\u0142ych<\/strong>, z pionowymi pasami, kt\u00f3re nadaj\u0105 koszulce klasycznego, niemieckiego stylu. Na piersi umieszczono <strong data-start=\"811\" data-end=\"828\">herb TSV 1860<\/strong>, logo <strong data-start=\"835\" data-end=\"843\">Nike<\/strong> oraz sponsora: <strong data-start=\"881\" data-end=\"894\">L\u00f6wenbr\u00e4u<\/strong>, co tworzy pe\u0142ny, autentyczny wygl\u0105d meczowego stroju z Bundesligi lat 90. Ko\u0142nierzyk i dopracowane detale sprawiaj\u0105, \u017ce koszulka \u0142\u0105czy sportowy charakter z estetyk\u0105 retro.<\/p>\n<p data-start=\"1080\" data-end=\"1466\">Sezon 1996\/97 by\u0142 jednym z najlepszych w nowoczesnej historii klubu \u2013 <strong data-start=\"1150\" data-end=\"1218\">TSV Monachium zako\u0144czy\u0142o rozgrywki Bundesligi na wysokim miejscu<\/strong>, a Jeremies wyr\u00f3\u017cnia\u0142 si\u0119 nie tylko waleczno\u015bci\u0105, ale i inteligencj\u0105 taktyczn\u0105 w \u015brodku pola. By\u0142 to czas, gdy \u201eLwy\u201d regularnie rywalizowa\u0142y z czo\u0142owymi zespo\u0142ami Niemiec, a stadion Gr\u00fcnwalder oraz Olympia-Stadion wype\u0142nia\u0142y si\u0119 wiernymi kibicami.<\/p>\n<p data-start=\"1468\" data-end=\"1779\">Koszulka z nazwiskiem <strong data-start=\"1490\" data-end=\"1509\">Jensa Jeremiesa<\/strong> to nie tylko oryginalny element odzie\u017cy sportowej, ale przede wszystkim <strong data-start=\"1582\" data-end=\"1647\">pami\u0105tka z prze\u0142omowego momentu w historii TSV 1860 Monachium<\/strong>. Dla <strong data-start=\"1653\" data-end=\"1670\">kolekcjoner\u00f3w<\/strong>, <strong data-start=\"1672\" data-end=\"1699\">fan\u00f3w niemieckiej pi\u0142ki<\/strong> i mi\u0142o\u015bnik\u00f3w lat 90. to model o wysokiej warto\u015bci sentymentalnej i estetycznej.<\/p>\n<p data-start=\"1781\" data-end=\"2006\" data-is-last-node=\"\" data-is-only-node=\"\"><strong data-start=\"1781\" data-end=\"1835\">Autentyczna, klimatyczna i pe\u0142na futbolowego ducha<\/strong> \u2013 koszulka domowa TSV 1860 Monachium z sezonu 1996\/97 z nazwiskiem Jeremiesa to prawdziwa gratka dla ka\u017cdego, kto docenia unikalne koszulki pi\u0142karskie z dusz\u0105 i histori\u0105.<\/p>\n<\/div>\n<\/div>\n<\/div>\n<\/div>\n<\/div>\n<\/div>\n<\/article>\n<div class=\"pointer-events-none h-px w-px\" aria-hidden=\"true\" data-edge=\"true\"><\/div>","protected":false},"featured_media":10672,"template":"","meta":{"_kad_blocks_custom_css":"","_kad_blocks_head_custom_js":"","_kad_blocks_body_custom_js":"","_kad_blocks_footer_custom_js":"","_kad_post_transparent":"","_kad_post_title":"","_kad_post_layout":"","_kad_post_sidebar_id":"","_kad_post_content_style":"","_kad_post_vertical_padding":"","_kad_post_feature":"","_kad_post_feature_position":"","_kad_post_header":false,"_kad_post_footer":false},"product_brand":[55],"product_cat":[31,46,356,174],"product_tag":[],"class_list":{"0":"post-2646","1":"product","2":"type-product","3":"status-publish","4":"has-post-thumbnail","6":"product_brand-nike","7":"product_cat-kluby-europejskie","8":"product_cat-kluby-niemieckie","9":"product_cat-koszulki-mlodziezowe","10":"product_cat-pozostale-kluby-niemieckie","11":"pa_rozmiar-164-cm","13":"first","14":"instock","15":"taxable","16":"shipping-taxable","17":"purchasable","18":"product-type-simple","19":"entry","20":"content-bg","21":"loop-entry"},"taxonomy_info":{"product_brand":[{"value":55,"label":"Nike"}],"product_cat":[{"value":31,"label":"Kluby Europejskie"},{"value":46,"label":"Kluby Niemieckie"},{"value":356,"label":"Koszulki M\u0142odzie\u017cowe"},{"value":174,"label":"Pozosta\u0142e kluby niemieckie"}],"pa_rozmiar":[{"value":403,"label":"164 cm"}]},"featured_image_src_large":["https:\/\/fts.you2.pl\/wp-content\/uploads\/2025\/09\/Photoroom_013_20241116_190618-1024x1024.png",1024,1024,true],"author_info":[],"comment_info":"","_links":{"self":[{"href":"https:\/\/fts.you2.pl\/de\/wp-json\/wp\/v2\/product\/2646","targetHints":{"allow":["GET"]}}],"collection":[{"href":"https:\/\/fts.you2.pl\/de\/wp-json\/wp\/v2\/product"}],"about":[{"href":"https:\/\/fts.you2.pl\/de\/wp-json\/wp\/v2\/types\/product"}],"wp:featuredmedia":[{"embeddable":true,"href":"https:\/\/fts.you2.pl\/de\/wp-json\/wp\/v2\/media\/10672"}],"wp:attachment":[{"href":"https:\/\/fts.you2.pl\/de\/wp-json\/wp\/v2\/media?parent=2646"}],"wp:term":[{"taxonomy":"product_brand","embeddable":true,"href":"https:\/\/fts.you2.pl\/de\/wp-json\/wp\/v2\/product_brand?post=2646"},{"taxonomy":"product_cat","embeddable":true,"href":"https:\/\/fts.you2.pl\/de\/wp-json\/wp\/v2\/product_cat?post=2646"},{"taxonomy":"product_tag","embeddable":true,"href":"https:\/\/fts.you2.pl\/de\/wp-json\/wp\/v2\/product_tag?post=2646"}],"curies":[{"name":"wp","href":"https:\/\/api.w.org\/{rel}","templated":true}]}}