{"id":2679,"date":"2025-02-13T17:07:16","date_gmt":"2025-02-13T16:07:16","guid":{"rendered":"https:\/\/fts.you2.pl\/index.php\/produkt\/liverpool-fc-1998-00-home-11-redknapp-xxl\/"},"modified":"2025-09-19T10:39:41","modified_gmt":"2025-09-19T08:39:41","slug":"liverpool-fc-1998-00-home-11-redknapp-xxl","status":"publish","type":"product","link":"https:\/\/fts.you2.pl\/de\/liverpool-fc-1998-00-home-11-redknapp-xxl\/","title":{"rendered":"Liverpool FC 1998\/00 Home 11 Redknapp [XXL]"},"content":{"rendered":"<p><strong>Klub:<\/strong> Liverpool FC<\/p>\n<p><strong>Sezon:<\/strong> 1998\/00 Home<\/p>\n<p><strong>Rozmiar: <\/strong>XXL<\/p>\n<p><strong>Stan:<\/strong> Bardzo dobry &#8211; nieznaczne zabrudzenie na nadruku sponsora na froncie.<\/p>\n<p><strong>Wymiary (szeroko\u015b\u0107 pod pachami\/d\u0142ugo\u015b\u0107) w cm: <\/strong>65\/77<\/p>","protected":false},"excerpt":{"rendered":"<p>Liverpool FC 1998\/00 Home 11 Redknapp [XXL]<\/p>","protected":false},"featured_media":10929,"template":"","meta":{"_kad_blocks_custom_css":"","_kad_blocks_head_custom_js":"","_kad_blocks_body_custom_js":"","_kad_blocks_footer_custom_js":"","_kad_post_transparent":"","_kad_post_title":"","_kad_post_layout":"","_kad_post_sidebar_id":"","_kad_post_content_style":"","_kad_post_vertical_padding":"","_kad_post_feature":"","_kad_post_feature_position":"","_kad_post_header":false,"_kad_post_footer":false},"product_brand":[30],"product_cat":[32,31,125],"product_tag":[],"class_list":{"0":"post-2679","1":"product","2":"type-product","3":"status-publish","4":"has-post-thumbnail","6":"product_brand-reebok","7":"product_cat-kluby-angielskie","8":"product_cat-kluby-europejskie","9":"product_cat-liverpool-fc","10":"pa_rozmiar-xxl","12":"first","13":"instock","14":"taxable","15":"shipping-taxable","16":"purchasable","17":"product-type-simple","18":"entry","19":"content-bg","20":"loop-entry"},"taxonomy_info":{"product_brand":[{"value":30,"label":"Reebok"}],"product_cat":[{"value":32,"label":"Kluby Angielskie"},{"value":31,"label":"Kluby Europejskie"},{"value":125,"label":"Liverpool FC"}],"pa_rozmiar":[{"value":71,"label":"XXL"}]},"featured_image_src_large":["https:\/\/fts.you2.pl\/wp-content\/uploads\/2025\/09\/Photoroom_005_20241215_130521-1024x1024.png",1024,1024,true],"author_info":[],"comment_info":"","_links":{"self":[{"href":"https:\/\/fts.you2.pl\/de\/wp-json\/wp\/v2\/product\/2679","targetHints":{"allow":["GET"]}}],"collection":[{"href":"https:\/\/fts.you2.pl\/de\/wp-json\/wp\/v2\/product"}],"about":[{"href":"https:\/\/fts.you2.pl\/de\/wp-json\/wp\/v2\/types\/product"}],"wp:featuredmedia":[{"embeddable":true,"href":"https:\/\/fts.you2.pl\/de\/wp-json\/wp\/v2\/media\/10929"}],"wp:attachment":[{"href":"https:\/\/fts.you2.pl\/de\/wp-json\/wp\/v2\/media?parent=2679"}],"wp:term":[{"taxonomy":"product_brand","embeddable":true,"href":"https:\/\/fts.you2.pl\/de\/wp-json\/wp\/v2\/product_brand?post=2679"},{"taxonomy":"product_cat","embeddable":true,"href":"https:\/\/fts.you2.pl\/de\/wp-json\/wp\/v2\/product_cat?post=2679"},{"taxonomy":"product_tag","embeddable":true,"href":"https:\/\/fts.you2.pl\/de\/wp-json\/wp\/v2\/product_tag?post=2679"}],"curies":[{"name":"wp","href":"https:\/\/api.w.org\/{rel}","templated":true}]}}