{"id":2717,"date":"2025-02-10T14:18:07","date_gmt":"2025-02-10T13:18:07","guid":{"rendered":"https:\/\/fts.you2.pl\/index.php\/produkt\/gks-katowice-1997-98-home-21-pawel-peczak-xl\/"},"modified":"2025-09-19T11:22:35","modified_gmt":"2025-09-19T09:22:35","slug":"gks-katowice-1997-98-home-21-pawel-peczak-xl","status":"publish","type":"product","link":"https:\/\/fts.you2.pl\/de\/gks-katowice-1997-98-home-21-pawel-peczak-xl\/","title":{"rendered":"GKS Katowice 1997\/98 Home 21 Pawe\u0142 P\u0119czak [XL]"},"content":{"rendered":"<p><strong>Klub:<\/strong> GKS Katowice<\/p>\n<p><strong>Sezon:<\/strong> 1997\/98 Home<\/p>\n<p><strong>Rozmiar: <\/strong>XL<\/p>\n<p><strong>Stan:<\/strong> Zadowalaj\u0105cy &#8211; jedno znaczne zaci\u0105gni\u0119cie materia\u0142u pod ko\u0142nierzem na froncie oraz gdzieniegdzie wyst\u0119puj\u0105ce ma\u0142e.<\/p>\n<p><strong>Wymiary (szeroko\u015b\u0107 pod pachami\/d\u0142ugo\u015b\u0107) w cm: <\/strong>61\/74<\/p>\n<p><strong>Dodatkowe informacje:<\/strong> Zawodnicy GKS-u Katowice w tamtym sezonie w zdecydowanej wi\u0119kszo\u015bci mecz\u00f3w wyst\u0119powali z nazwiskami na plecach, wi\u0119c nie oznaczamy tej koszulki jako meczowej. Z numerem 21 wyst\u0119powa\u0142 w pierwszej dru\u017cynie jednak\u017ce Pawe\u0142 P\u0119czak.<\/p>","protected":false},"excerpt":{"rendered":"<p>GKS Katowice 1997\/98 Home 21 Pawe\u0142 P\u0119czak [XL]<\/p>","protected":false},"featured_media":11266,"template":"","meta":{"_kad_blocks_custom_css":"","_kad_blocks_head_custom_js":"","_kad_blocks_body_custom_js":"","_kad_blocks_footer_custom_js":"","_kad_post_transparent":"","_kad_post_title":"","_kad_post_layout":"","_kad_post_sidebar_id":"","_kad_post_content_style":"","_kad_post_vertical_padding":"","_kad_post_feature":"","_kad_post_feature_position":"","_kad_post_header":false,"_kad_post_footer":false},"product_brand":[55],"product_cat":[31,159,298,160],"product_tag":[],"class_list":{"0":"post-2717","1":"product","2":"type-product","3":"status-publish","4":"has-post-thumbnail","6":"product_brand-nike","7":"product_cat-kluby-europejskie","8":"product_cat-kluby-polskie","9":"product_cat-polscy-pilkarze","10":"product_cat-pozostale-kluby-polskie","11":"pa_rozmiar-xl","13":"first","14":"instock","15":"taxable","16":"shipping-taxable","17":"purchasable","18":"product-type-simple","19":"entry","20":"content-bg","21":"loop-entry"},"taxonomy_info":{"product_brand":[{"value":55,"label":"Nike"}],"product_cat":[{"value":31,"label":"Kluby Europejskie"},{"value":159,"label":"Kluby Polskie"},{"value":298,"label":"POLSCY PI\u0141KARZE"},{"value":160,"label":"Pozosta\u0142e kluby polskie"}],"pa_rozmiar":[{"value":57,"label":"XL"}]},"featured_image_src_large":["https:\/\/fts.you2.pl\/wp-content\/uploads\/2025\/09\/Photoroom_030_20250112_153529-1024x1024.png",1024,1024,true],"author_info":[],"comment_info":"","_links":{"self":[{"href":"https:\/\/fts.you2.pl\/de\/wp-json\/wp\/v2\/product\/2717","targetHints":{"allow":["GET"]}}],"collection":[{"href":"https:\/\/fts.you2.pl\/de\/wp-json\/wp\/v2\/product"}],"about":[{"href":"https:\/\/fts.you2.pl\/de\/wp-json\/wp\/v2\/types\/product"}],"wp:featuredmedia":[{"embeddable":true,"href":"https:\/\/fts.you2.pl\/de\/wp-json\/wp\/v2\/media\/11266"}],"wp:attachment":[{"href":"https:\/\/fts.you2.pl\/de\/wp-json\/wp\/v2\/media?parent=2717"}],"wp:term":[{"taxonomy":"product_brand","embeddable":true,"href":"https:\/\/fts.you2.pl\/de\/wp-json\/wp\/v2\/product_brand?post=2717"},{"taxonomy":"product_cat","embeddable":true,"href":"https:\/\/fts.you2.pl\/de\/wp-json\/wp\/v2\/product_cat?post=2717"},{"taxonomy":"product_tag","embeddable":true,"href":"https:\/\/fts.you2.pl\/de\/wp-json\/wp\/v2\/product_tag?post=2717"}],"curies":[{"name":"wp","href":"https:\/\/api.w.org\/{rel}","templated":true}]}}