{"id":2728,"date":"2025-02-13T17:11:03","date_gmt":"2025-02-13T16:11:03","guid":{"rendered":"https:\/\/fts.you2.pl\/index.php\/produkt\/fc-sochaux-montbeliard-2007-08-home-5-drame-xl\/"},"modified":"2025-09-19T11:34:20","modified_gmt":"2025-09-19T09:34:20","slug":"fc-sochaux-montbeliard-2007-08-home-5-drame-xl","status":"publish","type":"product","link":"https:\/\/fts.you2.pl\/de\/fc-sochaux-montbeliard-2007-08-home-5-drame-xl\/","title":{"rendered":"FC Sochaux-Montbeliard 2007\/08 Home 5 Drame [XL]"},"content":{"rendered":"<p><strong>Klub:<\/strong> FC Sochaux-Montbeliard<\/p>\n<p><strong>Sezon:<\/strong> 2007\/08 Home<\/p>\n<p><strong>Rozmiar: <\/strong>XL<\/p>\n<p><strong>Stan:<\/strong> Dobry &#8211; nieznaczne p\u0119kni\u0119cia na nadruku sponsora na froncie, kilka mikro zaci\u0105gni\u0119\u0107, malutkie plamki na ko\u0142nierzyku oraz jedno du\u017ce zaci\u0105gni\u0119cie z ty\u0142u koszulki.<\/p>\n<p><strong>Wymiary (szeroko\u015b\u0107 pod pachami\/d\u0142ugo\u015b\u0107) w cm: <\/strong>56\/76<\/p>","protected":false},"excerpt":{"rendered":"<p>FC Sochaux-Montbeliard 2007\/08 Home 5 Drame [XL]<\/p>","protected":false},"featured_media":11351,"template":"","meta":{"_kad_blocks_custom_css":"","_kad_blocks_head_custom_js":"","_kad_blocks_body_custom_js":"","_kad_blocks_footer_custom_js":"","_kad_post_transparent":"","_kad_post_title":"","_kad_post_layout":"","_kad_post_sidebar_id":"","_kad_post_content_style":"","_kad_post_vertical_padding":"","_kad_post_feature":"","_kad_post_feature_position":"","_kad_post_header":false,"_kad_post_footer":false},"product_brand":[69],"product_cat":[31,129,130],"product_tag":[],"class_list":{"0":"post-2728","1":"product","2":"type-product","3":"status-publish","4":"has-post-thumbnail","6":"product_brand-lotto","7":"product_cat-kluby-europejskie","8":"product_cat-kluby-francuskie","9":"product_cat-pozostale-kluby-francuskie","10":"pa_rozmiar-xl","12":"first","13":"instock","14":"taxable","15":"shipping-taxable","16":"purchasable","17":"product-type-simple","18":"entry","19":"content-bg","20":"loop-entry"},"taxonomy_info":{"product_brand":[{"value":69,"label":"Lotto"}],"product_cat":[{"value":31,"label":"Kluby Europejskie"},{"value":129,"label":"Kluby Francuskie"},{"value":130,"label":"Pozosta\u0142e kluby francuskie"}],"pa_rozmiar":[{"value":57,"label":"XL"}]},"featured_image_src_large":["https:\/\/fts.you2.pl\/wp-content\/uploads\/2025\/09\/Photoroom_004_20250119_134413-1024x1024.png",1024,1024,true],"author_info":[],"comment_info":"","_links":{"self":[{"href":"https:\/\/fts.you2.pl\/de\/wp-json\/wp\/v2\/product\/2728","targetHints":{"allow":["GET"]}}],"collection":[{"href":"https:\/\/fts.you2.pl\/de\/wp-json\/wp\/v2\/product"}],"about":[{"href":"https:\/\/fts.you2.pl\/de\/wp-json\/wp\/v2\/types\/product"}],"wp:featuredmedia":[{"embeddable":true,"href":"https:\/\/fts.you2.pl\/de\/wp-json\/wp\/v2\/media\/11351"}],"wp:attachment":[{"href":"https:\/\/fts.you2.pl\/de\/wp-json\/wp\/v2\/media?parent=2728"}],"wp:term":[{"taxonomy":"product_brand","embeddable":true,"href":"https:\/\/fts.you2.pl\/de\/wp-json\/wp\/v2\/product_brand?post=2728"},{"taxonomy":"product_cat","embeddable":true,"href":"https:\/\/fts.you2.pl\/de\/wp-json\/wp\/v2\/product_cat?post=2728"},{"taxonomy":"product_tag","embeddable":true,"href":"https:\/\/fts.you2.pl\/de\/wp-json\/wp\/v2\/product_tag?post=2728"}],"curies":[{"name":"wp","href":"https:\/\/api.w.org\/{rel}","templated":true}]}}