{"id":2732,"date":"2025-02-13T17:10:56","date_gmt":"2025-02-13T16:10:56","guid":{"rendered":"https:\/\/fts.you2.pl\/index.php\/produkt\/match-issue-polska-2000-home-14-m\/"},"modified":"2025-09-19T11:38:38","modified_gmt":"2025-09-19T09:38:38","slug":"match-issue-polska-2000-home-14-m","status":"publish","type":"product","link":"https:\/\/fts.you2.pl\/de\/match-issue-polska-2000-home-14-m\/","title":{"rendered":"MATCH ISSUE Polska 2000 Home 14 [M]"},"content":{"rendered":"<p><strong>Klub:<\/strong> Polska<\/p>\n<p><strong>Sezon:<\/strong> 2000 Home<\/p>\n<p><strong>Rozmiar: <\/strong>M<\/p>\n<p><strong>Stan:<\/strong> Bardzo dobry &#8211; kilka drobnych zaci\u0105gni\u0119\u0107.<\/p>\n<p><strong>Wymiary (szeroko\u015b\u0107 pod pachami\/d\u0142ugo\u015b\u0107) w cm: <\/strong>56\/67(prz\u00f3d), 72(ty\u0142)<\/p>\n<p><strong>Dodatkowe informacje:<\/strong> Koszulka meczowa m\u0142odzie\u017cowej kadry reprezentacji Polski.<\/p>","protected":false},"excerpt":{"rendered":"<p>MATCH ISSUE Polska 2000 Home 14 [M]<\/p>","protected":false},"featured_media":11382,"template":"","meta":{"_kad_blocks_custom_css":"","_kad_blocks_head_custom_js":"","_kad_blocks_body_custom_js":"","_kad_blocks_footer_custom_js":"","_kad_post_transparent":"","_kad_post_title":"","_kad_post_layout":"","_kad_post_sidebar_id":"","_kad_post_content_style":"","_kad_post_vertical_padding":"","_kad_post_feature":"","_kad_post_feature_position":"","_kad_post_header":false,"_kad_post_footer":false},"product_brand":[387],"product_cat":[23,173,298,157,22],"product_tag":[],"class_list":{"0":"post-2732","1":"product","2":"type-product","3":"status-publish","4":"has-post-thumbnail","6":"product_brand-tico","7":"product_cat-europa","8":"product_cat-match-worn-issue","9":"product_cat-polscy-pilkarze","10":"product_cat-polska","11":"product_cat-reprezentacje","12":"pa_rozmiar-m","14":"first","15":"instock","16":"taxable","17":"shipping-taxable","18":"purchasable","19":"product-type-simple","20":"entry","21":"content-bg","22":"loop-entry"},"taxonomy_info":{"product_brand":[{"value":387,"label":"Tico"}],"product_cat":[{"value":23,"label":"Europa"},{"value":173,"label":"MATCH WORN &amp; ISSUE"},{"value":298,"label":"POLSCY PI\u0141KARZE"},{"value":157,"label":"Polska"},{"value":22,"label":"REPREZENTACJE"}],"pa_rozmiar":[{"value":28,"label":"M"}]},"featured_image_src_large":["https:\/\/fts.you2.pl\/wp-content\/uploads\/2025\/09\/Photoroom_013_20250119_134413-1024x1024.png",1024,1024,true],"author_info":[],"comment_info":"","_links":{"self":[{"href":"https:\/\/fts.you2.pl\/de\/wp-json\/wp\/v2\/product\/2732","targetHints":{"allow":["GET"]}}],"collection":[{"href":"https:\/\/fts.you2.pl\/de\/wp-json\/wp\/v2\/product"}],"about":[{"href":"https:\/\/fts.you2.pl\/de\/wp-json\/wp\/v2\/types\/product"}],"wp:featuredmedia":[{"embeddable":true,"href":"https:\/\/fts.you2.pl\/de\/wp-json\/wp\/v2\/media\/11382"}],"wp:attachment":[{"href":"https:\/\/fts.you2.pl\/de\/wp-json\/wp\/v2\/media?parent=2732"}],"wp:term":[{"taxonomy":"product_brand","embeddable":true,"href":"https:\/\/fts.you2.pl\/de\/wp-json\/wp\/v2\/product_brand?post=2732"},{"taxonomy":"product_cat","embeddable":true,"href":"https:\/\/fts.you2.pl\/de\/wp-json\/wp\/v2\/product_cat?post=2732"},{"taxonomy":"product_tag","embeddable":true,"href":"https:\/\/fts.you2.pl\/de\/wp-json\/wp\/v2\/product_tag?post=2732"}],"curies":[{"name":"wp","href":"https:\/\/api.w.org\/{rel}","templated":true}]}}