{"id":2807,"date":"2025-02-23T15:55:44","date_gmt":"2025-02-23T14:55:44","guid":{"rendered":"https:\/\/fts.you2.pl\/index.php\/produkt\/schalke-04-2019-20-away-yl\/"},"modified":"2025-09-19T13:01:09","modified_gmt":"2025-09-19T11:01:09","slug":"schalke-04-2019-20-away-yl","status":"publish","type":"product","link":"https:\/\/fts.you2.pl\/de\/schalke-04-2019-20-away-yl\/","title":{"rendered":"Koszulka pi\u0142karska Schalke 04 2019\/20 Away [158 cm]"},"content":{"rendered":"<p><strong>Klub:<\/strong> Schalke 04<\/p>\n<p><strong>Sezon:<\/strong> 2019\/20 Away<\/p>\n<p><strong>Rozmiar: <\/strong>158 cm<\/p>\n<p><strong>Stan:<\/strong> Bardzo dobry &#8211; kilka mikro zaci\u0105gni\u0119\u0107 na froncie oraz starta naszywka z rozmiarem na karku.<\/p>\n<p><strong>Wymiary (szeroko\u015b\u0107 pod pachami\/d\u0142ugo\u015b\u0107) w cm: <\/strong>46\/64<\/p>","protected":false},"excerpt":{"rendered":"<p><strong data-start=\"0\" data-end=\"78\" data-is-only-node=\"\">Oryginalna koszulka wyjazdowa Schalke 04 z sezonu 2019\/20 produkcji Umbro.<\/strong><\/p>\n<p>Ta <strong data-start=\"84\" data-end=\"128\">oryginalna koszulka pi\u0142karska Schalke 04<\/strong> z sezonu <strong data-start=\"138\" data-end=\"149\">2019\/20<\/strong> to oficjalny model wyjazdowy wyprodukowany przez mark\u0119 <strong data-start=\"205\" data-end=\"214\">Umbro<\/strong>. Utrzymana w nowoczesnej kolorystyce z dominuj\u0105c\u0105 biel\u0105 i subtelnymi zielonymi detalami, koszulka \u0142\u0105czy <strong data-start=\"313\" data-end=\"330\">sportowy styl<\/strong> z <strong data-start=\"333\" data-end=\"362\">wysok\u0105 jako\u015bci\u0105 wykonania<\/strong>. Na froncie znajduje si\u0119 logo klubu, Umbro oraz sponsor <strong data-start=\"419\" data-end=\"430\">Gazprom<\/strong>. Doskona\u0142a dla fan\u00f3w <strong data-start=\"452\" data-end=\"466\">Bundesligi<\/strong> i kolekcjoner\u00f3w oryginalnych koszulek meczowych.<\/p>","protected":false},"featured_media":12017,"template":"","meta":{"_kad_blocks_custom_css":"","_kad_blocks_head_custom_js":"","_kad_blocks_body_custom_js":"","_kad_blocks_footer_custom_js":"","_kad_post_transparent":"","_kad_post_title":"","_kad_post_layout":"","_kad_post_sidebar_id":"","_kad_post_content_style":"","_kad_post_vertical_padding":"","_kad_post_feature":"","_kad_post_feature_position":"","_kad_post_header":false,"_kad_post_footer":false},"product_brand":[21],"product_cat":[31,46,356,316],"product_tag":[],"class_list":{"0":"post-2807","1":"product","2":"type-product","3":"status-publish","4":"has-post-thumbnail","6":"product_brand-umbro","7":"product_cat-kluby-europejskie","8":"product_cat-kluby-niemieckie","9":"product_cat-koszulki-mlodziezowe","10":"product_cat-schalke-04","11":"pa_rozmiar-158-cm","13":"first","14":"instock","15":"taxable","16":"shipping-taxable","17":"purchasable","18":"product-type-simple","19":"entry","20":"content-bg","21":"loop-entry"},"taxonomy_info":{"product_brand":[{"value":21,"label":"Umbro"}],"product_cat":[{"value":31,"label":"Kluby Europejskie"},{"value":46,"label":"Kluby Niemieckie"},{"value":356,"label":"Koszulki M\u0142odzie\u017cowe"},{"value":316,"label":"Schalke 04"}],"pa_rozmiar":[{"value":355,"label":"158 cm"}]},"featured_image_src_large":["https:\/\/fts.you2.pl\/wp-content\/uploads\/2025\/09\/Photoroom_096_20250221_224448-1024x1024.png",1024,1024,true],"author_info":[],"comment_info":"","_links":{"self":[{"href":"https:\/\/fts.you2.pl\/de\/wp-json\/wp\/v2\/product\/2807","targetHints":{"allow":["GET"]}}],"collection":[{"href":"https:\/\/fts.you2.pl\/de\/wp-json\/wp\/v2\/product"}],"about":[{"href":"https:\/\/fts.you2.pl\/de\/wp-json\/wp\/v2\/types\/product"}],"wp:featuredmedia":[{"embeddable":true,"href":"https:\/\/fts.you2.pl\/de\/wp-json\/wp\/v2\/media\/12017"}],"wp:attachment":[{"href":"https:\/\/fts.you2.pl\/de\/wp-json\/wp\/v2\/media?parent=2807"}],"wp:term":[{"taxonomy":"product_brand","embeddable":true,"href":"https:\/\/fts.you2.pl\/de\/wp-json\/wp\/v2\/product_brand?post=2807"},{"taxonomy":"product_cat","embeddable":true,"href":"https:\/\/fts.you2.pl\/de\/wp-json\/wp\/v2\/product_cat?post=2807"},{"taxonomy":"product_tag","embeddable":true,"href":"https:\/\/fts.you2.pl\/de\/wp-json\/wp\/v2\/product_tag?post=2807"}],"curies":[{"name":"wp","href":"https:\/\/api.w.org\/{rel}","templated":true}]}}