{"id":2822,"date":"2025-03-09T16:55:56","date_gmt":"2025-03-09T15:55:56","guid":{"rendered":"https:\/\/fts.you2.pl\/index.php\/produkt\/francja-2004-06-home-xl\/"},"modified":"2025-09-19T13:16:34","modified_gmt":"2025-09-19T11:16:34","slug":"francja-2004-06-home-xl","status":"publish","type":"product","link":"https:\/\/fts.you2.pl\/de\/francja-2004-06-home-xl\/","title":{"rendered":"Francja 2004\/06 Home [XL]"},"content":{"rendered":"<p><strong>Klub:<\/strong> Francja<\/p>\n<p><strong>Sezon:<\/strong> 2004\/06 Home<\/p>\n<p><strong>Rozmiar: <\/strong>XL<\/p>\n<p><strong>Stan:<\/strong> Bardzo dobry &#8211; mikro dziurka na froncie.<\/p>\n<p><strong>Wymiary (szeroko\u015b\u0107 pod pachami\/d\u0142ugo\u015b\u0107) w cm: <\/strong>59\/74(prz\u00f3d), 87(ty\u0142)<\/p>","protected":false},"excerpt":{"rendered":"<p>Francja 2004\/06 Home [XL]<\/p>","protected":false},"featured_media":12130,"template":"","meta":{"_kad_blocks_custom_css":"","_kad_blocks_head_custom_js":"","_kad_blocks_body_custom_js":"","_kad_blocks_footer_custom_js":"","_kad_post_transparent":"","_kad_post_title":"","_kad_post_layout":"","_kad_post_sidebar_id":"","_kad_post_content_style":"","_kad_post_vertical_padding":"","_kad_post_feature":"","_kad_post_feature_position":"","_kad_post_header":false,"_kad_post_footer":false},"product_brand":[45],"product_cat":[23,267,22],"product_tag":[],"class_list":{"0":"post-2822","1":"product","2":"type-product","3":"status-publish","4":"has-post-thumbnail","6":"product_brand-adidas","7":"product_cat-europa","8":"product_cat-francja","9":"product_cat-reprezentacje","10":"pa_rozmiar-xl","12":"first","13":"instock","14":"taxable","15":"shipping-taxable","16":"purchasable","17":"product-type-simple","18":"entry","19":"content-bg","20":"loop-entry"},"taxonomy_info":{"product_brand":[{"value":45,"label":"Adidas"}],"product_cat":[{"value":23,"label":"Europa"},{"value":267,"label":"Francja"},{"value":22,"label":"REPREZENTACJE"}],"pa_rozmiar":[{"value":57,"label":"XL"}]},"featured_image_src_large":["https:\/\/fts.you2.pl\/wp-content\/uploads\/2025\/09\/Photoroom_044_20250309_120738-1024x1024.png",1024,1024,true],"author_info":[],"comment_info":"","_links":{"self":[{"href":"https:\/\/fts.you2.pl\/de\/wp-json\/wp\/v2\/product\/2822","targetHints":{"allow":["GET"]}}],"collection":[{"href":"https:\/\/fts.you2.pl\/de\/wp-json\/wp\/v2\/product"}],"about":[{"href":"https:\/\/fts.you2.pl\/de\/wp-json\/wp\/v2\/types\/product"}],"wp:featuredmedia":[{"embeddable":true,"href":"https:\/\/fts.you2.pl\/de\/wp-json\/wp\/v2\/media\/12130"}],"wp:attachment":[{"href":"https:\/\/fts.you2.pl\/de\/wp-json\/wp\/v2\/media?parent=2822"}],"wp:term":[{"taxonomy":"product_brand","embeddable":true,"href":"https:\/\/fts.you2.pl\/de\/wp-json\/wp\/v2\/product_brand?post=2822"},{"taxonomy":"product_cat","embeddable":true,"href":"https:\/\/fts.you2.pl\/de\/wp-json\/wp\/v2\/product_cat?post=2822"},{"taxonomy":"product_tag","embeddable":true,"href":"https:\/\/fts.you2.pl\/de\/wp-json\/wp\/v2\/product_tag?post=2822"}],"curies":[{"name":"wp","href":"https:\/\/api.w.org\/{rel}","templated":true}]}}