{"id":2868,"date":"2025-03-23T16:57:44","date_gmt":"2025-03-23T15:57:44","guid":{"rendered":"https:\/\/fts.you2.pl\/index.php\/produkt\/legia-warszawa-2016-17-away-m\/"},"modified":"2025-09-19T14:04:08","modified_gmt":"2025-09-19T12:04:08","slug":"legia-warszawa-2016-17-away-m","status":"publish","type":"product","link":"https:\/\/fts.you2.pl\/de\/legia-warszawa-2016-17-away-m\/","title":{"rendered":"Legia Warszawa 2016\/17 Away [M]"},"content":{"rendered":"<p><strong>Klub:<\/strong> Legia Warszawa<\/p>\n<p><strong>Sezon:<\/strong> 2016\/17 Away<\/p>\n<p><strong>Rozmiar: <\/strong>M<\/p>\n<p><strong>Stan:<\/strong> Bardzo dobry &#8211; nieznaczna plama na plecach.<\/p>\n<p><strong>Wymiary (szeroko\u015b\u0107 pod pachami\/d\u0142ugo\u015b\u0107) w cm: <\/strong>52\/73<\/p>\n<p><strong>Dodatkowe informacje:<\/strong> Jest to bazowa wersja koszulki, z doprasowywanymi oryginalnymi emblematami Ligi Mistrz\u00f3w. W sklepie klubowym Legii nie by\u0142o mo\u017cliwo\u015bci zakupu koszulki w wersji na Lig\u0119 Mistrz\u00f3w bez sponsora oraz flagi kraju na froncie.<\/p>","protected":false},"excerpt":{"rendered":"<p>Legia Warszawa 2016\/17 Away [M]<\/p>","protected":false},"featured_media":12514,"template":"","meta":{"_kad_blocks_custom_css":"","_kad_blocks_head_custom_js":"","_kad_blocks_body_custom_js":"","_kad_blocks_footer_custom_js":"","_kad_post_transparent":"","_kad_post_title":"","_kad_post_layout":"","_kad_post_sidebar_id":"","_kad_post_content_style":"","_kad_post_vertical_padding":"","_kad_post_feature":"","_kad_post_feature_position":"","_kad_post_header":false,"_kad_post_footer":false},"product_brand":[45],"product_cat":[31,159,407],"product_tag":[],"class_list":{"0":"post-2868","1":"product","2":"type-product","3":"status-publish","4":"has-post-thumbnail","6":"product_brand-adidas","7":"product_cat-kluby-europejskie","8":"product_cat-kluby-polskie","9":"product_cat-legia-warszawa","10":"pa_rozmiar-m","12":"first","13":"instock","14":"taxable","15":"shipping-taxable","16":"purchasable","17":"product-type-simple","18":"entry","19":"content-bg","20":"loop-entry"},"taxonomy_info":{"product_brand":[{"value":45,"label":"Adidas"}],"product_cat":[{"value":31,"label":"Kluby Europejskie"},{"value":159,"label":"Kluby Polskie"},{"value":407,"label":"Legia Warszawa"}],"pa_rozmiar":[{"value":28,"label":"M"}]},"featured_image_src_large":["https:\/\/fts.you2.pl\/wp-content\/uploads\/2025\/09\/Photoroom_060_20250322_192504-1024x1024.png",1024,1024,true],"author_info":[],"comment_info":"","_links":{"self":[{"href":"https:\/\/fts.you2.pl\/de\/wp-json\/wp\/v2\/product\/2868","targetHints":{"allow":["GET"]}}],"collection":[{"href":"https:\/\/fts.you2.pl\/de\/wp-json\/wp\/v2\/product"}],"about":[{"href":"https:\/\/fts.you2.pl\/de\/wp-json\/wp\/v2\/types\/product"}],"wp:featuredmedia":[{"embeddable":true,"href":"https:\/\/fts.you2.pl\/de\/wp-json\/wp\/v2\/media\/12514"}],"wp:attachment":[{"href":"https:\/\/fts.you2.pl\/de\/wp-json\/wp\/v2\/media?parent=2868"}],"wp:term":[{"taxonomy":"product_brand","embeddable":true,"href":"https:\/\/fts.you2.pl\/de\/wp-json\/wp\/v2\/product_brand?post=2868"},{"taxonomy":"product_cat","embeddable":true,"href":"https:\/\/fts.you2.pl\/de\/wp-json\/wp\/v2\/product_cat?post=2868"},{"taxonomy":"product_tag","embeddable":true,"href":"https:\/\/fts.you2.pl\/de\/wp-json\/wp\/v2\/product_tag?post=2868"}],"curies":[{"name":"wp","href":"https:\/\/api.w.org\/{rel}","templated":true}]}}