{"id":2875,"date":"2025-03-23T16:57:39","date_gmt":"2025-03-23T15:57:39","guid":{"rendered":"https:\/\/fts.you2.pl\/index.php\/produkt\/niemcy-1996-98-home-xl-3\/"},"modified":"2025-09-17T13:24:03","modified_gmt":"2025-09-17T11:24:03","slug":"niemcy-1996-98-home-xl-3","status":"publish","type":"product","link":"https:\/\/fts.you2.pl\/de\/niemcy-1996-98-home-xl-3\/","title":{"rendered":"Niemcy 1996\/98 Home [XL]"},"content":{"rendered":"<p><strong>Klub:<\/strong> Niemcy<\/p>\n<p><strong>Sezon:<\/strong> 1996\/98 Home<\/p>\n<p><strong>Rozmiar: <\/strong>XL<\/p>\n<p><strong>Stan:<\/strong> Bardzo dobry &#8211; miejscami nieznacznie z\u017c\u00f3\u0142kni\u0119ty materia\u0142.<\/p>\n<p><strong>Wymiary (szeroko\u015b\u0107 pod pachami\/d\u0142ugo\u015b\u0107) w cm: <\/strong>61\/78<\/p>\n<p><strong>Oryginalna, domowa koszulka reprezentacji Niemiec<\/strong> z lat <strong>1996-98<\/strong> produkcji Adidasa, charakteryzuj\u0105ca si\u0119 g\u0142\u0119bok\u0105 biel\u0105, du\u017cym logiem federacji oraz czarno \u017c\u00f3\u0142tymi wstawkami. Jest to podstawowy komplet<strong> Die Mannschaft<\/strong>, w kt\u00f3rym wyst\u0119powali na<strong> Euro 1996<\/strong>, w kt\u00f3rym finalnie zaj\u0119li pierwsze miejsce.<\/p>","protected":false},"excerpt":{"rendered":"<p>Niemcy 1996\/98 Home [XL]<\/p>","protected":false},"featured_media":0,"template":"","meta":{"_kad_blocks_custom_css":"","_kad_blocks_head_custom_js":"","_kad_blocks_body_custom_js":"","_kad_blocks_footer_custom_js":"","_kad_post_transparent":"","_kad_post_title":"","_kad_post_layout":"","_kad_post_sidebar_id":"","_kad_post_content_style":"","_kad_post_vertical_padding":"","_kad_post_feature":"","_kad_post_feature_position":"","_kad_post_header":false,"_kad_post_footer":false},"product_brand":[45],"product_cat":[23,143,22],"product_tag":[],"class_list":{"0":"post-2875","1":"product","2":"type-product","3":"status-publish","5":"product_brand-adidas","6":"product_cat-europa","7":"product_cat-niemcy","8":"product_cat-reprezentacje","9":"pa_rozmiar-xl","11":"first","12":"instock","13":"taxable","14":"shipping-taxable","15":"purchasable","16":"product-type-simple","17":"entry","18":"content-bg","19":"loop-entry"},"taxonomy_info":{"product_brand":[{"value":45,"label":"Adidas"}],"product_cat":[{"value":23,"label":"Europa"},{"value":143,"label":"Niemcy"},{"value":22,"label":"REPREZENTACJE"}],"pa_rozmiar":[{"value":57,"label":"XL"}]},"featured_image_src_large":false,"author_info":[],"comment_info":"","_links":{"self":[{"href":"https:\/\/fts.you2.pl\/de\/wp-json\/wp\/v2\/product\/2875","targetHints":{"allow":["GET"]}}],"collection":[{"href":"https:\/\/fts.you2.pl\/de\/wp-json\/wp\/v2\/product"}],"about":[{"href":"https:\/\/fts.you2.pl\/de\/wp-json\/wp\/v2\/types\/product"}],"wp:attachment":[{"href":"https:\/\/fts.you2.pl\/de\/wp-json\/wp\/v2\/media?parent=2875"}],"wp:term":[{"taxonomy":"product_brand","embeddable":true,"href":"https:\/\/fts.you2.pl\/de\/wp-json\/wp\/v2\/product_brand?post=2875"},{"taxonomy":"product_cat","embeddable":true,"href":"https:\/\/fts.you2.pl\/de\/wp-json\/wp\/v2\/product_cat?post=2875"},{"taxonomy":"product_tag","embeddable":true,"href":"https:\/\/fts.you2.pl\/de\/wp-json\/wp\/v2\/product_tag?post=2875"}],"curies":[{"name":"wp","href":"https:\/\/api.w.org\/{rel}","templated":true}]}}