{"id":2877,"date":"2025-03-23T16:57:37","date_gmt":"2025-03-23T15:57:37","guid":{"rendered":"https:\/\/fts.you2.pl\/index.php\/produkt\/bnwt-player-issue-usa-2020-22-home-l\/"},"modified":"2025-09-19T14:13:52","modified_gmt":"2025-09-19T12:13:52","slug":"bnwt-player-issue-usa-2020-22-home-l","status":"publish","type":"product","link":"https:\/\/fts.you2.pl\/de\/bnwt-player-issue-usa-2020-22-home-l\/","title":{"rendered":"BNWT PLAYER ISSUE USA 2020\/22 Home [L]"},"content":{"rendered":"<p><strong>Klub:<\/strong> USA<\/p>\n<p><strong>Sezon:<\/strong> 2020\/22 Home<\/p>\n<p><strong>Rozmiar: <\/strong>L<\/p>\n<p><strong>Stan:<\/strong> BNWT &#8211; Koszulka nowa, z metkami.<\/p>\n<p><strong>Wymiary (szeroko\u015b\u0107 pod pachami\/d\u0142ugo\u015b\u0107) w cm: <\/strong>55\/71<\/p>","protected":false},"excerpt":{"rendered":"<p>BNWT PLAYER ISSUE USA 2020\/22 Home [L]<\/p>","protected":false},"featured_media":12591,"template":"","meta":{"_kad_blocks_custom_css":"","_kad_blocks_head_custom_js":"","_kad_blocks_body_custom_js":"","_kad_blocks_footer_custom_js":"","_kad_post_transparent":"","_kad_post_title":"","_kad_post_layout":"","_kad_post_sidebar_id":"","_kad_post_content_style":"","_kad_post_vertical_padding":"","_kad_post_feature":"","_kad_post_feature_position":"","_kad_post_header":false,"_kad_post_footer":false},"product_brand":[55],"product_cat":[138,22],"product_tag":[],"class_list":{"0":"post-2877","1":"product","2":"type-product","3":"status-publish","4":"has-post-thumbnail","6":"product_brand-nike","7":"product_cat-ameryka-srodkowa-i-polnocna-reprezentacje","8":"product_cat-reprezentacje","9":"pa_rozmiar-l","11":"first","12":"instock","13":"taxable","14":"shipping-taxable","15":"purchasable","16":"product-type-simple","17":"entry","18":"content-bg","19":"loop-entry"},"taxonomy_info":{"product_brand":[{"value":55,"label":"Nike"}],"product_cat":[{"value":138,"label":"Ameryka \u015arodkowa i P\u00f3\u0142nocna"},{"value":22,"label":"REPREZENTACJE"}],"pa_rozmiar":[{"value":39,"label":"L"}]},"featured_image_src_large":["https:\/\/fts.you2.pl\/wp-content\/uploads\/2025\/09\/Photoroom_052_20250322_192504-1024x1024.png",1024,1024,true],"author_info":[],"comment_info":"","_links":{"self":[{"href":"https:\/\/fts.you2.pl\/de\/wp-json\/wp\/v2\/product\/2877","targetHints":{"allow":["GET"]}}],"collection":[{"href":"https:\/\/fts.you2.pl\/de\/wp-json\/wp\/v2\/product"}],"about":[{"href":"https:\/\/fts.you2.pl\/de\/wp-json\/wp\/v2\/types\/product"}],"wp:featuredmedia":[{"embeddable":true,"href":"https:\/\/fts.you2.pl\/de\/wp-json\/wp\/v2\/media\/12591"}],"wp:attachment":[{"href":"https:\/\/fts.you2.pl\/de\/wp-json\/wp\/v2\/media?parent=2877"}],"wp:term":[{"taxonomy":"product_brand","embeddable":true,"href":"https:\/\/fts.you2.pl\/de\/wp-json\/wp\/v2\/product_brand?post=2877"},{"taxonomy":"product_cat","embeddable":true,"href":"https:\/\/fts.you2.pl\/de\/wp-json\/wp\/v2\/product_cat?post=2877"},{"taxonomy":"product_tag","embeddable":true,"href":"https:\/\/fts.you2.pl\/de\/wp-json\/wp\/v2\/product_tag?post=2877"}],"curies":[{"name":"wp","href":"https:\/\/api.w.org\/{rel}","templated":true}]}}