{"id":2911,"date":"2025-04-13T16:04:23","date_gmt":"2025-04-13T14:04:23","guid":{"rendered":"https:\/\/fts.you2.pl\/index.php\/produkt\/brazylia-2000-02-home-xl\/"},"modified":"2025-09-19T14:52:46","modified_gmt":"2025-09-19T12:52:46","slug":"brazylia-2000-02-home-xl","status":"publish","type":"product","link":"https:\/\/fts.you2.pl\/de\/brazylia-2000-02-home-xl\/","title":{"rendered":"Koszulka pi\u0142karska Brazylia 2000\/02 Home [XL]"},"content":{"rendered":"<p><strong>Klub:<\/strong> Brazylia<\/p>\n<p><strong>Sezon:<\/strong> 2000\/02 Home<\/p>\n<p><strong>Rozmiar: <\/strong>XL<\/p>\n<p><strong>Stan:<\/strong> Zadowalaj\u0105cy &#8211; dwie mikro dziurki na froncie oraz kilka drobnych plamek i zaci\u0105gni\u0119\u0107.<\/p>\n<p><strong>Wymiary (szeroko\u015b\u0107 pod pachami\/d\u0142ugo\u015b\u0107) w cm: <\/strong>60\/74<\/p>","protected":false},"excerpt":{"rendered":"<p data-start=\"0\" data-end=\"92\"><strong data-start=\"0\" data-end=\"90\">Oryginalna koszulka pi\u0142karska reprezentacji Brazylii z lat 2000\u20132002 \u2013 produkcji Nike.<\/strong><\/p>\n<p data-start=\"94\" data-end=\"475\">Ta <strong data-start=\"97\" data-end=\"166\">oryginalna domowa koszulka reprezentacji Brazylii z lat 2000\u20132002<\/strong>, wyprodukowana przez <strong data-start=\"188\" data-end=\"196\">Nike<\/strong>, to klasyczny model w legendarnym dla \u201eCanarinhos\u201d <strong data-start=\"248\" data-end=\"266\">\u017c\u00f3\u0142tym kolorze<\/strong>, uzupe\u0142nionym o <strong data-start=\"283\" data-end=\"306\">zielone wyko\u0144czenia<\/strong> na ko\u0142nierzyku i mankietach. Prosty, a zarazem elegancki projekt idealnie oddaje charakter brazylijskiego futbolu \u2013 pe\u0142nego rado\u015bci, techniki i ofensywnego stylu gry.<\/p>\n<p data-start=\"477\" data-end=\"937\">Na piersi znajduj\u0105 si\u0119: <strong data-start=\"501\" data-end=\"550\">herb CBF (Confedera\u00e7\u00e3o Brasileira de Futebol)<\/strong> z czterema gwiazdkami, logo <strong data-start=\"626\" data-end=\"634\">Nike<\/strong> oraz charakterystyczne boczne wstawki, kt\u00f3re nadawa\u0142y koszulce nowoczesnego na tamte czasy wygl\u0105du. Model zosta\u0142 wykonany w technologii <strong data-start=\"771\" data-end=\"787\">Nike Dri-FIT<\/strong>, co gwarantowa\u0142o zawodnikom <strong data-start=\"816\" data-end=\"851\">lekko\u015b\u0107, przewiewno\u015b\u0107 i komfort<\/strong> podczas gry w upalnych warunkach Ameryki Po\u0142udniowej czy na arenie mi\u0119dzynarodowej.<\/p>\n<p data-start=\"939\" data-end=\"1440\">Okres <strong data-start=\"945\" data-end=\"958\">2000\u20132002<\/strong> by\u0142 dla Brazylii czasem intensywnych przygotowa\u0144 do mundialu w Korei i Japonii. Cho\u0107 eliminacje by\u0142y trudne, reprezentacja prowadzona przez <strong data-start=\"1099\" data-end=\"1126\">Luiza Felipe Scolariego<\/strong> w 2002 roku si\u0119gn\u0119\u0142a po swoje <strong data-start=\"1157\" data-end=\"1185\">pi\u0105te mistrzostwo \u015bwiata<\/strong>, a gwiazdami zespo\u0142u byli m.in. <strong data-start=\"1218\" data-end=\"1289\">Ronaldo, Rivaldo, Ronaldinho, Cafu, Roberto Carlos i Gilberto Silva<\/strong>. Koszulka z tego okresu symbolizuje pocz\u0105tek drogi do triumfu, kt\u00f3ry umocni\u0142 Brazyli\u0119 jako najbardziej utytu\u0142owan\u0105 reprezentacj\u0119 w historii futbolu.<\/p>\n<p data-start=\"1442\" data-end=\"1679\">Ta koszulka to wyj\u0105tkowa propozycja dla <strong data-start=\"1482\" data-end=\"1533\">kolekcjoner\u00f3w oryginalnych koszulek pi\u0142karskich<\/strong> oraz fan\u00f3w reprezentacji Brazylii, kt\u00f3rzy chc\u0105 posiada\u0107 autentyczny egzemplarz z epoki jednego z najwi\u0119kszych sukces\u00f3w w dziejach \u201eCanarinhos\u201d.<\/p>","protected":false},"featured_media":12871,"template":"","meta":{"_kad_blocks_custom_css":"","_kad_blocks_head_custom_js":"","_kad_blocks_body_custom_js":"","_kad_blocks_footer_custom_js":"","_kad_post_transparent":"","_kad_post_title":"","_kad_post_layout":"","_kad_post_sidebar_id":"","_kad_post_content_style":"","_kad_post_vertical_padding":"","_kad_post_feature":"","_kad_post_feature_position":"","_kad_post_header":false,"_kad_post_footer":false},"product_brand":[55],"product_cat":[77,78,22],"product_tag":[],"class_list":{"0":"post-2911","1":"product","2":"type-product","3":"status-publish","4":"has-post-thumbnail","6":"product_brand-nike","7":"product_cat-ameryka-poludniowa-reprezentacje","8":"product_cat-brazylia","9":"product_cat-reprezentacje","10":"pa_rozmiar-xl","12":"first","13":"instock","14":"taxable","15":"shipping-taxable","16":"purchasable","17":"product-type-simple","18":"entry","19":"content-bg","20":"loop-entry"},"taxonomy_info":{"product_brand":[{"value":55,"label":"Nike"}],"product_cat":[{"value":77,"label":"Ameryka Po\u0142udniowa"},{"value":78,"label":"Brazylia"},{"value":22,"label":"REPREZENTACJE"}],"pa_rozmiar":[{"value":57,"label":"XL"}]},"featured_image_src_large":["https:\/\/fts.you2.pl\/wp-content\/uploads\/2025\/09\/Photoroom_046_20250412_182930-1024x1024.png",1024,1024,true],"author_info":[],"comment_info":"","_links":{"self":[{"href":"https:\/\/fts.you2.pl\/de\/wp-json\/wp\/v2\/product\/2911","targetHints":{"allow":["GET"]}}],"collection":[{"href":"https:\/\/fts.you2.pl\/de\/wp-json\/wp\/v2\/product"}],"about":[{"href":"https:\/\/fts.you2.pl\/de\/wp-json\/wp\/v2\/types\/product"}],"wp:featuredmedia":[{"embeddable":true,"href":"https:\/\/fts.you2.pl\/de\/wp-json\/wp\/v2\/media\/12871"}],"wp:attachment":[{"href":"https:\/\/fts.you2.pl\/de\/wp-json\/wp\/v2\/media?parent=2911"}],"wp:term":[{"taxonomy":"product_brand","embeddable":true,"href":"https:\/\/fts.you2.pl\/de\/wp-json\/wp\/v2\/product_brand?post=2911"},{"taxonomy":"product_cat","embeddable":true,"href":"https:\/\/fts.you2.pl\/de\/wp-json\/wp\/v2\/product_cat?post=2911"},{"taxonomy":"product_tag","embeddable":true,"href":"https:\/\/fts.you2.pl\/de\/wp-json\/wp\/v2\/product_tag?post=2911"}],"curies":[{"name":"wp","href":"https:\/\/api.w.org\/{rel}","templated":true}]}}