{"id":2915,"date":"2025-04-13T16:04:29","date_gmt":"2025-04-13T14:04:29","guid":{"rendered":"https:\/\/fts.you2.pl\/index.php\/produkt\/fc-bayern-monachium-1995-97-home-m-2\/"},"modified":"2025-09-19T14:57:16","modified_gmt":"2025-09-19T12:57:16","slug":"fc-bayern-monachium-1995-97-home-m-2","status":"publish","type":"product","link":"https:\/\/fts.you2.pl\/de\/fc-bayern-monachium-1995-97-home-m-2\/","title":{"rendered":"Koszulka pi\u0142karska FC Bayern Monachium 1995\/97 Home [M]"},"content":{"rendered":"<p><strong>Klub:<\/strong> FC Bayern Monachium<\/p>\n<p><strong>Sezon:<\/strong> 1995\/97 Home<\/p>\n<p><strong>Rozmiar: <\/strong>M<\/p>\n<p><strong>Stan:<\/strong> Dobry &#8211; drobne i mikro zaci\u0105gni\u0119cia zar\u00f3wno z przodu, jak i z ty\u0142u koszulki.<\/p>\n<p><strong>Wymiary (szeroko\u015b\u0107 pod pachami\/d\u0142ugo\u015b\u0107) w cm: <\/strong>55\/72<\/p>","protected":false},"excerpt":{"rendered":"<p data-start=\"0\" data-end=\"93\"><strong data-start=\"0\" data-end=\"91\">Oryginalna koszulka pi\u0142karska Bayern Monachium z sezon\u00f3w 1995\u20131997 \u2013 produkcji Adidasa.<\/strong><\/p>\n<p data-start=\"95\" data-end=\"528\">Ta <strong data-start=\"98\" data-end=\"166\">oryginalna domowa koszulka Bayernu Monachium z sezon\u00f3w 1995\u20131997<\/strong>, wyprodukowana przez <strong data-start=\"188\" data-end=\"199\">Adidasa<\/strong>, to klasyczny model w charakterystyczne dla tamtej epoki <strong data-start=\"257\" data-end=\"293\">pionowe czerwono-niebieskie pasy<\/strong>. Projekt dope\u0142nia elegancki <strong data-start=\"322\" data-end=\"349\">ko\u0142nierzyk w stylu polo<\/strong> z bia\u0142ymi akcentami, a na froncie znalaz\u0142 si\u0119 znak sponsora <strong data-start=\"410\" data-end=\"418\">Opel<\/strong>, kt\u00f3ry przez lata pozostawa\u0142 symbolem jednej z najbardziej rozpoznawalnych er w historii bawarskiego klubu.<\/p>\n<p data-start=\"530\" data-end=\"867\">Na koszulce widniej\u0105 r\u00f3wnie\u017c <strong data-start=\"559\" data-end=\"585\">herb Bayernu Monachium<\/strong> oraz logo <strong data-start=\"596\" data-end=\"607\">Adidasa<\/strong> w wersji z charakterystycznym napisem, co doskonale oddaje estetyk\u0119 lat 90. Model zosta\u0142 wykonany z trwa\u0142ego materia\u0142u, zapewniaj\u0105cego pi\u0142karzom <strong data-start=\"772\" data-end=\"798\">komfort i wytrzyma\u0142o\u015b\u0107<\/strong>, a dzi\u015b stanowi ikon\u0119 retro w\u015br\u00f3d klasycznych stroj\u00f3w pi\u0142karskich.<\/p>\n<p data-start=\"869\" data-end=\"1358\">Okres <strong data-start=\"875\" data-end=\"888\">1995\u20131997<\/strong> to wa\u017cny etap w historii \u201eDie Roten\u201d. Bayern zdoby\u0142 w\u00f3wczas <strong data-start=\"949\" data-end=\"990\">mistrzostwo Niemiec w sezonie 1996\/97<\/strong> pod wodz\u0105 <strong data-start=\"1001\" data-end=\"1030\">Giovanniego Trapattoniego<\/strong>, a rok wcze\u015bniej triumfowa\u0142 w <strong data-start=\"1061\" data-end=\"1088\">Pucharze UEFA (1995\/96)<\/strong>, pokonuj\u0105c w finale Girondins Bordeaux. W dru\u017cynie wyst\u0119powali wtedy tacy pi\u0142karze jak <strong data-start=\"1176\" data-end=\"1274\">J\u00fcrgen Klinsmann, Mehmet Scholl, Lothar Matth\u00e4us, Oliver Kahn, Thomas Helmer czy Markus Babbel<\/strong>, kt\u00f3rzy tworzyli fundament sukces\u00f3w bawarskiego giganta w drugiej po\u0142owie lat 90.<\/p>\n<p data-start=\"1360\" data-end=\"1588\">Ta koszulka to niezwyk\u0142a gratka dla <strong data-start=\"1396\" data-end=\"1441\">kolekcjoner\u00f3w oryginalnych koszulek retro<\/strong> oraz wiernych fan\u00f3w Bayernu, kt\u00f3rzy chc\u0105 posiada\u0107 pami\u0105tk\u0119 z czas\u00f3w, gdy klub \u015bwi\u0119ci\u0142 sukcesy zar\u00f3wno na arenie krajowej, jak i mi\u0119dzynarodowej.<\/p>","protected":false},"featured_media":12901,"template":"","meta":{"_kad_blocks_custom_css":"","_kad_blocks_head_custom_js":"","_kad_blocks_body_custom_js":"","_kad_blocks_footer_custom_js":"","_kad_post_transparent":"","_kad_post_title":"","_kad_post_layout":"","_kad_post_sidebar_id":"","_kad_post_content_style":"","_kad_post_vertical_padding":"","_kad_post_feature":"","_kad_post_feature_position":"","_kad_post_header":false,"_kad_post_footer":false},"product_brand":[45],"product_cat":[100,31,46],"product_tag":[],"class_list":{"0":"post-2915","1":"product","2":"type-product","3":"status-publish","4":"has-post-thumbnail","6":"product_brand-adidas","7":"product_cat-fc-bayern-monachium","8":"product_cat-kluby-europejskie","9":"product_cat-kluby-niemieckie","10":"pa_rozmiar-m","12":"first","13":"instock","14":"taxable","15":"shipping-taxable","16":"purchasable","17":"product-type-simple","18":"entry","19":"content-bg","20":"loop-entry"},"taxonomy_info":{"product_brand":[{"value":45,"label":"Adidas"}],"product_cat":[{"value":100,"label":"FC Bayern Monachium"},{"value":31,"label":"Kluby Europejskie"},{"value":46,"label":"Kluby Niemieckie"}],"pa_rozmiar":[{"value":28,"label":"M"}]},"featured_image_src_large":["https:\/\/fts.you2.pl\/wp-content\/uploads\/2025\/09\/Photoroom_006_20250412_182930-1024x1024.png",1024,1024,true],"author_info":[],"comment_info":"","_links":{"self":[{"href":"https:\/\/fts.you2.pl\/de\/wp-json\/wp\/v2\/product\/2915","targetHints":{"allow":["GET"]}}],"collection":[{"href":"https:\/\/fts.you2.pl\/de\/wp-json\/wp\/v2\/product"}],"about":[{"href":"https:\/\/fts.you2.pl\/de\/wp-json\/wp\/v2\/types\/product"}],"wp:featuredmedia":[{"embeddable":true,"href":"https:\/\/fts.you2.pl\/de\/wp-json\/wp\/v2\/media\/12901"}],"wp:attachment":[{"href":"https:\/\/fts.you2.pl\/de\/wp-json\/wp\/v2\/media?parent=2915"}],"wp:term":[{"taxonomy":"product_brand","embeddable":true,"href":"https:\/\/fts.you2.pl\/de\/wp-json\/wp\/v2\/product_brand?post=2915"},{"taxonomy":"product_cat","embeddable":true,"href":"https:\/\/fts.you2.pl\/de\/wp-json\/wp\/v2\/product_cat?post=2915"},{"taxonomy":"product_tag","embeddable":true,"href":"https:\/\/fts.you2.pl\/de\/wp-json\/wp\/v2\/product_tag?post=2915"}],"curies":[{"name":"wp","href":"https:\/\/api.w.org\/{rel}","templated":true}]}}