{"id":2942,"date":"2025-04-27T15:22:39","date_gmt":"2025-04-27T13:22:39","guid":{"rendered":"https:\/\/fts.you2.pl\/index.php\/produkt\/california-golden-bears-away-68-m\/"},"modified":"2025-09-19T15:29:30","modified_gmt":"2025-09-19T13:29:30","slug":"california-golden-bears-away-68-m","status":"publish","type":"product","link":"https:\/\/fts.you2.pl\/de\/california-golden-bears-away-68-m\/","title":{"rendered":"Koszulka koszykarska California Golden Bears Away 68 [M]"},"content":{"rendered":"<p><strong>Klub:<\/strong> California Golden Bears<\/p>\n<p><strong>Sezon:<\/strong> Away<\/p>\n<p><strong>Rozmiar: <\/strong>M<\/p>\n<p><strong>Stan:<\/strong> Bardzo dobry &#8211; uci\u0119ta metka wewn\u0119trzna.<\/p>\n<p><strong>Wymiary (szeroko\u015b\u0107 pod pachami\/d\u0142ugo\u015b\u0107) w cm: <\/strong>53\/72<\/p>","protected":false},"excerpt":{"rendered":"<p data-start=\"0\" data-end=\"83\"><strong data-start=\"0\" data-end=\"81\">Oryginalna koszulka koszykarska California Golden Bears \u2013 produkcji Champion.<\/strong><\/p>\n<p data-start=\"85\" data-end=\"545\">Ta <strong data-start=\"88\" data-end=\"147\">oryginalna koszykarska koszulka California Golden Bears<\/strong>, wyprodukowana przez <strong data-start=\"169\" data-end=\"182\">Championa<\/strong>, to klasyczny model w kolorze <strong data-start=\"213\" data-end=\"233\">ciemnogranatowym<\/strong>, prze\u0142amany kontrastowymi detalami. Uroku i sportowego charakteru dodaj\u0105 jej <strong data-start=\"311\" data-end=\"352\">bia\u0142e oraz \u017c\u00f3\u0142te wstawki na ko\u0142nierzu<\/strong>, kt\u00f3re podkre\u015blaj\u0105 barwy uniwersytetu i doskonale komponuj\u0105 si\u0119 z ca\u0142o\u015bci\u0105 projektu. Na froncie widnieje du\u017cy numer <strong data-start=\"469\" data-end=\"475\">68<\/strong>, umieszczony w centralnej cz\u0119\u015bci w tradycyjnym, koszykarskim stylu.<\/p>\n<p data-start=\"547\" data-end=\"898\">Koszulka zosta\u0142a wykonana z lekkiego, przewiewnego materia\u0142u o strukturze siateczki, co gwarantowa\u0142o <strong data-start=\"648\" data-end=\"690\">komfort, oddychalno\u015b\u0107 i swobod\u0119 ruch\u00f3w<\/strong> zar\u00f3wno na parkiecie, jak i w codziennym u\u017cytkowaniu. To klasyczny przyk\u0142ad jako\u015bciowego wykonania od <strong data-start=\"793\" data-end=\"806\">Championa<\/strong>, kt\u00f3ry przez lata dostarcza\u0142 sprz\u0119t sportowy wielu dru\u017cynom akademickim i profesjonalnym.<\/p>\n<p data-start=\"900\" data-end=\"1171\"><strong data-start=\"900\" data-end=\"927\">California Golden Bears<\/strong> to dru\u017cyna koszykarska Uniwersytetu Kalifornijskiego w Berkeley, od dekad rywalizuj\u0105ca w rozgrywkach NCAA. Zesp\u00f3\u0142 zapisa\u0142 si\u0119 w historii ameryka\u0144skiej koszyk\u00f3wki, m.in. triumfuj\u0105c w<strong> NCAA<\/strong> w 1959 roku i wychowuj\u0105c wielu znakomitych zawodnik\u00f3w.<\/p>\n<p data-start=\"1173\" data-end=\"1406\">Ta koszulka to \u015bwietna propozycja dla <strong data-start=\"1211\" data-end=\"1260\">kolekcjoner\u00f3w oryginalnych stroj\u00f3w sportowych<\/strong> oraz fan\u00f3w <strong data-start=\"1272\" data-end=\"1305\">koszyk\u00f3wki akademickiej w USA<\/strong>, kt\u00f3rzy ceni\u0105 sobie autentyczne, klasyczne projekty zwi\u0105zanego z tradycj\u0105 uniwersytetu w Berkeley.<\/p>","protected":false},"featured_media":13126,"template":"","meta":{"_kad_blocks_custom_css":"","_kad_blocks_head_custom_js":"","_kad_blocks_body_custom_js":"","_kad_blocks_footer_custom_js":"","_kad_post_transparent":"","_kad_post_title":"","_kad_post_layout":"","_kad_post_sidebar_id":"","_kad_post_content_style":"","_kad_post_vertical_padding":"","_kad_post_feature":"","_kad_post_feature_position":"","_kad_post_header":false,"_kad_post_footer":false},"product_brand":[395],"product_cat":[25,110,127],"product_tag":[],"class_list":{"0":"post-2942","1":"product","2":"type-product","3":"status-publish","4":"has-post-thumbnail","6":"product_brand-champion","7":"product_cat-inne","8":"product_cat-inne-sporty","9":"product_cat-koszykowka","10":"pa_rozmiar-m","12":"first","13":"instock","14":"taxable","15":"shipping-taxable","16":"purchasable","17":"product-type-simple","18":"entry","19":"content-bg","20":"loop-entry"},"taxonomy_info":{"product_brand":[{"value":395,"label":"Champion"}],"product_cat":[{"value":25,"label":"Inne"},{"value":110,"label":"Inne sporty"},{"value":127,"label":"Koszyk\u00f3wka"}],"pa_rozmiar":[{"value":28,"label":"M"}]},"featured_image_src_large":["https:\/\/fts.you2.pl\/wp-content\/uploads\/2025\/09\/Photoroom_029_20250427_161327-1024x1024.png",1024,1024,true],"author_info":[],"comment_info":"","_links":{"self":[{"href":"https:\/\/fts.you2.pl\/de\/wp-json\/wp\/v2\/product\/2942","targetHints":{"allow":["GET"]}}],"collection":[{"href":"https:\/\/fts.you2.pl\/de\/wp-json\/wp\/v2\/product"}],"about":[{"href":"https:\/\/fts.you2.pl\/de\/wp-json\/wp\/v2\/types\/product"}],"wp:featuredmedia":[{"embeddable":true,"href":"https:\/\/fts.you2.pl\/de\/wp-json\/wp\/v2\/media\/13126"}],"wp:attachment":[{"href":"https:\/\/fts.you2.pl\/de\/wp-json\/wp\/v2\/media?parent=2942"}],"wp:term":[{"taxonomy":"product_brand","embeddable":true,"href":"https:\/\/fts.you2.pl\/de\/wp-json\/wp\/v2\/product_brand?post=2942"},{"taxonomy":"product_cat","embeddable":true,"href":"https:\/\/fts.you2.pl\/de\/wp-json\/wp\/v2\/product_cat?post=2942"},{"taxonomy":"product_tag","embeddable":true,"href":"https:\/\/fts.you2.pl\/de\/wp-json\/wp\/v2\/product_tag?post=2942"}],"curies":[{"name":"wp","href":"https:\/\/api.w.org\/{rel}","templated":true}]}}