{"id":2944,"date":"2025-04-27T15:22:41","date_gmt":"2025-04-27T13:22:41","guid":{"rendered":"https:\/\/fts.you2.pl\/index.php\/produkt\/cs-maritimo-2020-21-home-xl\/"},"modified":"2025-09-19T15:31:37","modified_gmt":"2025-09-19T13:31:37","slug":"cs-maritimo-2020-21-home-xl","status":"publish","type":"product","link":"https:\/\/fts.you2.pl\/de\/cs-maritimo-2020-21-home-xl\/","title":{"rendered":"Koszulka pi\u0142karska CS Maritimo 2020\/21 Home [XL]"},"content":{"rendered":"<p><strong>Klub:<\/strong> CS Maritimo<\/p>\n<p><strong>Sezon:<\/strong> 2020\/21 Home<\/p>\n<p><strong>Rozmiar: <\/strong>XL<\/p>\n<p><strong>Stan:<\/strong> Doskona\u0142y<\/p>\n<p><strong>Wymiary (szeroko\u015b\u0107 pod pachami\/d\u0142ugo\u015b\u0107) w cm: <\/strong>60\/77<\/p>","protected":false},"excerpt":{"rendered":"<p data-start=\"0\" data-end=\"82\"><strong data-start=\"0\" data-end=\"80\">Oryginalna koszulka pi\u0142karska CS Mar\u00edtimo z sezonu 2020\/21 \u2013 produkcji Nike.<\/strong><\/p>\n<p data-start=\"84\" data-end=\"432\">Ta <strong data-start=\"87\" data-end=\"146\">oryginalna domowa koszulka CS Mar\u00edtimo z sezonu 2020\/21<\/strong>, wyprodukowana przez <strong data-start=\"168\" data-end=\"176\">Nike<\/strong>, to klasyczny model w tradycyjnych <strong data-start=\"212\" data-end=\"251\">zielono-czerwonych pionowych pasach<\/strong>, kt\u00f3re od lat stanowi\u0105 znak rozpoznawczy klubu z Madery.<\/p>\n<p data-start=\"434\" data-end=\"773\">Na froncie koszulki znalaz\u0142y si\u0119: <strong data-start=\"468\" data-end=\"488\">herb CS Mar\u00edtimo <\/strong>oraz\u00a0logo <strong data-start=\"495\" data-end=\"503\">Nike,<\/strong>\u00a0kt\u00f3re podkre\u015blaj\u0105 jej autentyczny klubowy charakter. Wykonana w technologii <strong data-start=\"610\" data-end=\"626\">Nike Dri-FIT<\/strong>, koszulka gwarantowa\u0142a pi\u0142karzom <strong data-start=\"660\" data-end=\"709\">lekko\u015b\u0107, przewiewno\u015b\u0107 i odprowadzanie wilgoci<\/strong>, zapewniaj\u0105c pe\u0142en komfort gry w portugalskiej Primeira Liga.<\/p>\n<p data-start=\"775\" data-end=\"1071\">Sezon <strong data-start=\"781\" data-end=\"792\">2020\/21<\/strong> by\u0142 dla Mar\u00edtimo okresem walki o utrzymanie w najwy\u017cszej klasie rozgrywkowej Portugalii. Dru\u017cyna z Madery zdo\u0142a\u0142a ostatecznie zrealizowa\u0107 ten cel, a w sk\u0142adzie wyr\u00f3\u017cniali si\u0119 m.in. <strong data-start=\"974\" data-end=\"1035\">Rodrigo Pinho, Edgar Costa, Jorge S\u00e1enz czy Charles Silva<\/strong>, kt\u00f3rzy stanowili o sile zespo\u0142u.<\/p>\n<p data-start=\"1073\" data-end=\"1287\">Ta koszulka to \u015bwietna propozycja dla <strong data-start=\"1111\" data-end=\"1162\">kolekcjoner\u00f3w oryginalnych koszulek pi\u0142karskich<\/strong> oraz fan\u00f3w <strong data-start=\"1174\" data-end=\"1189\">CS Mar\u00edtimo<\/strong>, kt\u00f3rzy chc\u0105 posiada\u0107 pami\u0105tk\u0119 z jednego z trudniejszych, ale wa\u017cnych sezon\u00f3w w historii klubu.<\/p>","protected":false},"featured_media":13142,"template":"","meta":{"_kad_blocks_custom_css":"","_kad_blocks_head_custom_js":"","_kad_blocks_body_custom_js":"","_kad_blocks_footer_custom_js":"","_kad_post_transparent":"","_kad_post_title":"","_kad_post_layout":"","_kad_post_sidebar_id":"","_kad_post_content_style":"","_kad_post_vertical_padding":"","_kad_post_feature":"","_kad_post_feature_position":"","_kad_post_header":false,"_kad_post_footer":false},"product_brand":[55],"product_cat":[50,31,206],"product_tag":[],"class_list":{"0":"post-2944","1":"product","2":"type-product","3":"status-publish","4":"has-post-thumbnail","6":"product_brand-nike","7":"product_cat-kluby-europejskie-kluby-europejskie","8":"product_cat-kluby-europejskie","9":"product_cat-portugalia","10":"pa_rozmiar-xl","12":"first","13":"instock","14":"taxable","15":"shipping-taxable","16":"purchasable","17":"product-type-simple","18":"entry","19":"content-bg","20":"loop-entry"},"taxonomy_info":{"product_brand":[{"value":55,"label":"Nike"}],"product_cat":[{"value":50,"label":"Kluby Europejskie"},{"value":31,"label":"Kluby Europejskie"},{"value":206,"label":"Portugalia"}],"pa_rozmiar":[{"value":57,"label":"XL"}]},"featured_image_src_large":["https:\/\/fts.you2.pl\/wp-content\/uploads\/2025\/09\/Photoroom_002_20250427_161327-1024x1024.png",1024,1024,true],"author_info":[],"comment_info":"","_links":{"self":[{"href":"https:\/\/fts.you2.pl\/de\/wp-json\/wp\/v2\/product\/2944","targetHints":{"allow":["GET"]}}],"collection":[{"href":"https:\/\/fts.you2.pl\/de\/wp-json\/wp\/v2\/product"}],"about":[{"href":"https:\/\/fts.you2.pl\/de\/wp-json\/wp\/v2\/types\/product"}],"wp:featuredmedia":[{"embeddable":true,"href":"https:\/\/fts.you2.pl\/de\/wp-json\/wp\/v2\/media\/13142"}],"wp:attachment":[{"href":"https:\/\/fts.you2.pl\/de\/wp-json\/wp\/v2\/media?parent=2944"}],"wp:term":[{"taxonomy":"product_brand","embeddable":true,"href":"https:\/\/fts.you2.pl\/de\/wp-json\/wp\/v2\/product_brand?post=2944"},{"taxonomy":"product_cat","embeddable":true,"href":"https:\/\/fts.you2.pl\/de\/wp-json\/wp\/v2\/product_cat?post=2944"},{"taxonomy":"product_tag","embeddable":true,"href":"https:\/\/fts.you2.pl\/de\/wp-json\/wp\/v2\/product_tag?post=2944"}],"curies":[{"name":"wp","href":"https:\/\/api.w.org\/{rel}","templated":true}]}}