{"id":2948,"date":"2025-04-27T15:22:46","date_gmt":"2025-04-27T13:22:46","guid":{"rendered":"https:\/\/fts.you2.pl\/index.php\/produkt\/fc-porto-2011-12-home-s\/"},"modified":"2025-09-19T15:35:51","modified_gmt":"2025-09-19T13:35:51","slug":"fc-porto-2011-12-home-s","status":"publish","type":"product","link":"https:\/\/fts.you2.pl\/de\/fc-porto-2011-12-home-s\/","title":{"rendered":"Koszulka pi\u0142karska FC Porto 2011\/12 Home [S]"},"content":{"rendered":"<p><strong>Klub:<\/strong> FC Porto<\/p>\n<p><strong>Sezon:<\/strong> 2011\/12 Home<\/p>\n<p><strong>Rozmiar: <\/strong>S<\/p>\n<p><strong>Stan:<\/strong> Bardzo dobry &#8211; nieznaczna ilo\u015b\u0107 mikro zaci\u0105gni\u0119\u0107 oraz sprany nadruk na karku.<\/p>\n<p><strong>Wymiary (szeroko\u015b\u0107 pod pachami\/d\u0142ugo\u015b\u0107) w cm: <\/strong>47\/71<\/p>","protected":false},"excerpt":{"rendered":"<p data-start=\"0\" data-end=\"79\"><strong data-start=\"0\" data-end=\"77\">Oryginalna koszulka pi\u0142karska FC Porto z sezonu 2011\/12 \u2013 produkcji Nike.<\/strong><\/p>\n<p data-start=\"81\" data-end=\"538\">Ta <strong data-start=\"84\" data-end=\"140\">oryginalna domowa koszulka FC Porto z sezonu 2011\/12<\/strong>, wyprodukowana przez <strong data-start=\"162\" data-end=\"170\">Nike<\/strong>, to klasyczny model w charakterystyczne dla \u201eSmok\u00f3w\u201d <strong data-start=\"224\" data-end=\"257\">bia\u0142o-niebieskie pionowe pasy<\/strong>. Projekt \u0142\u0105czy w sobie tradycj\u0119 i nowoczesno\u015b\u0107 \u2013 prosty, elegancki kr\u00f3j podkre\u015blaj\u0105 kontrastowe wyko\u0144czenia r\u0119kawk\u00f3w i ko\u0142nierzyka. Na froncie widnieje znak sponsora <strong data-start=\"424\" data-end=\"431\">MEO<\/strong>, logo <strong data-start=\"438\" data-end=\"446\">Nike<\/strong> oraz oczywi\u015bcie <strong data-start=\"463\" data-end=\"480\">herb FC Porto<\/strong>, co nadaje koszulce autentycznego klubowego charakteru.<\/p>\n<p data-start=\"540\" data-end=\"750\">Model zosta\u0142 wykonany w technologii <strong data-start=\"576\" data-end=\"592\">Nike Dri-FIT<\/strong>, dzi\u0119ki czemu zapewnia\u0142 zawodnikom <strong data-start=\"628\" data-end=\"663\">lekko\u015b\u0107, komfort i przewiewno\u015b\u0107<\/strong> podczas gry na najwy\u017cszym poziomie w lidze portugalskiej i rozgrywkach europejskich.<\/p>\n<p data-start=\"752\" data-end=\"1133\">Sezon <strong data-start=\"758\" data-end=\"769\">2011\/12<\/strong> by\u0142 dla Porto pierwszym po triumfalnym zdobyciu Ligi Europy w 2011 roku. Dru\u017cyn\u0119 prowadzi\u0142 <strong data-start=\"861\" data-end=\"878\">V\u00edtor Pereira<\/strong>, a w sk\u0142adzie znajdowali si\u0119 tacy zawodnicy jak <strong data-start=\"927\" data-end=\"995\">Hulk, James Rodr\u00edguez, Jo\u00e3o Moutinho, Rolando czy \u00c1lvaro Pereira<\/strong>, kt\u00f3rzy stanowili o sile zespo\u0142u. FC Porto obroni\u0142o w\u00f3wczas <strong data-start=\"1056\" data-end=\"1082\">mistrzostwo Portugalii<\/strong>, pokazuj\u0105c swoj\u0105 dominacj\u0119 na krajowym podw\u00f3rku.<\/p>\n<p data-start=\"1135\" data-end=\"1374\">Ta koszulka to \u015bwietna propozycja dla <strong data-start=\"1173\" data-end=\"1224\">kolekcjoner\u00f3w oryginalnych koszulek pi\u0142karskich<\/strong> oraz wiernych <strong data-start=\"1239\" data-end=\"1257\">fan\u00f3w FC Porto<\/strong>, kt\u00f3rzy chc\u0105 posiada\u0107 pami\u0105tk\u0119 z czas\u00f3w, gdy klub umacnia\u0142 swoj\u0105 pozycj\u0119 jako jednej z czo\u0142owych dru\u017cyn w Europie.<\/p>","protected":false},"featured_media":13169,"template":"","meta":{"_kad_blocks_custom_css":"","_kad_blocks_head_custom_js":"","_kad_blocks_body_custom_js":"","_kad_blocks_footer_custom_js":"","_kad_post_transparent":"","_kad_post_title":"","_kad_post_layout":"","_kad_post_sidebar_id":"","_kad_post_content_style":"","_kad_post_vertical_padding":"","_kad_post_feature":"","_kad_post_feature_position":"","_kad_post_header":false,"_kad_post_footer":false},"product_brand":[55],"product_cat":[31,50,206],"product_tag":[],"class_list":{"0":"post-2948","1":"product","2":"type-product","3":"status-publish","4":"has-post-thumbnail","6":"product_brand-nike","7":"product_cat-kluby-europejskie","8":"product_cat-kluby-europejskie-kluby-europejskie","9":"product_cat-portugalia","10":"pa_rozmiar-s","12":"first","13":"instock","14":"taxable","15":"shipping-taxable","16":"purchasable","17":"product-type-simple","18":"entry","19":"content-bg","20":"loop-entry"},"taxonomy_info":{"product_brand":[{"value":55,"label":"Nike"}],"product_cat":[{"value":31,"label":"Kluby Europejskie"},{"value":50,"label":"Kluby Europejskie"},{"value":206,"label":"Portugalia"}],"pa_rozmiar":[{"value":19,"label":"S"}]},"featured_image_src_large":["https:\/\/fts.you2.pl\/wp-content\/uploads\/2025\/09\/Photoroom_000_20250427_161327-1024x1024.png",1024,1024,true],"author_info":[],"comment_info":"","_links":{"self":[{"href":"https:\/\/fts.you2.pl\/de\/wp-json\/wp\/v2\/product\/2948","targetHints":{"allow":["GET"]}}],"collection":[{"href":"https:\/\/fts.you2.pl\/de\/wp-json\/wp\/v2\/product"}],"about":[{"href":"https:\/\/fts.you2.pl\/de\/wp-json\/wp\/v2\/types\/product"}],"wp:featuredmedia":[{"embeddable":true,"href":"https:\/\/fts.you2.pl\/de\/wp-json\/wp\/v2\/media\/13169"}],"wp:attachment":[{"href":"https:\/\/fts.you2.pl\/de\/wp-json\/wp\/v2\/media?parent=2948"}],"wp:term":[{"taxonomy":"product_brand","embeddable":true,"href":"https:\/\/fts.you2.pl\/de\/wp-json\/wp\/v2\/product_brand?post=2948"},{"taxonomy":"product_cat","embeddable":true,"href":"https:\/\/fts.you2.pl\/de\/wp-json\/wp\/v2\/product_cat?post=2948"},{"taxonomy":"product_tag","embeddable":true,"href":"https:\/\/fts.you2.pl\/de\/wp-json\/wp\/v2\/product_tag?post=2948"}],"curies":[{"name":"wp","href":"https:\/\/api.w.org\/{rel}","templated":true}]}}