{"id":2949,"date":"2025-04-27T15:22:53","date_gmt":"2025-04-27T13:22:53","guid":{"rendered":"https:\/\/fts.you2.pl\/index.php\/produkt\/polo-rugby-nowa-zelandia-2005-06-xl\/"},"modified":"2025-09-19T15:36:58","modified_gmt":"2025-09-19T13:36:58","slug":"polo-rugby-nowa-zelandia-2005-06-xl","status":"publish","type":"product","link":"https:\/\/fts.you2.pl\/de\/polo-rugby-nowa-zelandia-2005-06-xl\/","title":{"rendered":"Polo Rugby Nowa Zelandia 2005\/06 [XL]"},"content":{"rendered":"<p><strong>Klub:<\/strong> Nowa Zelandia<\/p>\n<p><strong>Sezon:<\/strong> 2005\/06<\/p>\n<p><strong>Rozmiar: <\/strong>XL<\/p>\n<p><strong>Stan:<\/strong> Doskona\u0142y<\/p>\n<p><strong>Wymiary (szeroko\u015b\u0107 pod pachami\/d\u0142ugo\u015b\u0107) w cm: <\/strong>56\/70(prz\u00f3d), 76(ty\u0142)<\/p>","protected":false},"excerpt":{"rendered":"<p data-start=\"0\" data-end=\"105\"><strong data-start=\"0\" data-end=\"103\">Oryginalna koszulka polo reprezentacji Nowej Zelandii w rugby z sezonu 2005\/06 \u2013 produkcji Adidasa.<\/strong><\/p>\n<p data-start=\"107\" data-end=\"501\">Ta <strong data-start=\"110\" data-end=\"197\">oryginalna koszulka typu polo reprezentacji Nowej Zelandii w rugby z sezonu 2005\/06<\/strong>, wyprodukowana przez <strong data-start=\"219\" data-end=\"230\">Adidasa<\/strong>, to klasyczny model utrzymany w charakterystycznym dla <strong data-start=\"286\" data-end=\"316\">All Blacks czarnym kolorze<\/strong>, uzupe\u0142nionym o <strong data-start=\"333\" data-end=\"361\">bia\u0142e paski na r\u0119kawkach <\/strong>oraz dwa cienkie niebieskie na froncie.\u00a0Prosty i elegancki kr\u00f3j oddaje tradycj\u0119 oraz presti\u017c dru\u017cyny, kt\u00f3ra od lat uchodzi za jedn\u0105 z najbardziej utytu\u0142owanych w \u015bwiecie rugby.<\/p>\n<p data-start=\"503\" data-end=\"871\">Na piersi znajduje si\u0119 s\u0142ynna <strong data-start=\"533\" data-end=\"565\">srebrna papro\u0107 (Silver Fern)<\/strong> \u2013 ikoniczny symbol Nowej Zelandii, obok logo <strong data-start=\"611\" data-end=\"622\">Adidasa<\/strong>, kt\u00f3ry w tamtym okresie by\u0142 oficjalnym dostawc\u0105 sprz\u0119tu dru\u017cyny narodowej. Dzi\u0119ki wykonaniu z wysokiej jako\u015bci materia\u0142u koszulka zapewnia\u0142a <strong data-start=\"762\" data-end=\"792\">komfort, wygod\u0119 i trwa\u0142o\u015b\u0107<\/strong>, sprawdzaj\u0105c si\u0119 zar\u00f3wno jako element odzie\u017cy treningowej, jak i casualowej.<\/p>\n<p data-start=\"873\" data-end=\"1307\">Sezon <strong data-start=\"879\" data-end=\"890\">2005\/06<\/strong> by\u0142 dla <strong data-start=\"899\" data-end=\"913\">All Blacks<\/strong> kolejnym rozdzia\u0142em w budowaniu swojej dominacji na \u015bwiatowych boiskach. Dru\u017cyna prowadzona przez <strong data-start=\"1012\" data-end=\"1033\">Grahama Henry\u2019ego<\/strong> imponowa\u0142a ofensywnym stylem gry i dyscyplin\u0105, pokonuj\u0105c kluczowych rywali w test-meczach. W tamtym czasie barwy Nowej Zelandii reprezentowali wielcy zawodnicy, m.in. <strong data-start=\"1201\" data-end=\"1259\">Dan Carter, Richie McCaw, Tana Umaga czy Mils Muliaina<\/strong>, kt\u00f3rzy stawali si\u0119 ikonami \u015bwiatowego rugby.<\/p>\n<p data-start=\"1309\" data-end=\"1539\">Ta koszulka polo to \u015bwietna propozycja dla <strong data-start=\"1352\" data-end=\"1399\">kolekcjoner\u00f3w oryginalnej odzie\u017cy sportowej<\/strong> oraz wiernych fan\u00f3w <strong data-start=\"1420\" data-end=\"1434\">All Blacks<\/strong>, kt\u00f3rzy chc\u0105 posiada\u0107 autentyczny element zwi\u0105zany z jedn\u0105 z najs\u0142ynniejszych dru\u017cyn w historii rugby.<\/p>","protected":false},"featured_media":13179,"template":"","meta":{"_kad_blocks_custom_css":"","_kad_blocks_head_custom_js":"","_kad_blocks_body_custom_js":"","_kad_blocks_footer_custom_js":"","_kad_post_transparent":"","_kad_post_title":"","_kad_post_layout":"","_kad_post_sidebar_id":"","_kad_post_content_style":"","_kad_post_vertical_padding":"","_kad_post_feature":"","_kad_post_feature_position":"","_kad_post_header":false,"_kad_post_footer":false},"product_brand":[45],"product_cat":[25,110,177],"product_tag":[],"class_list":{"0":"post-2949","1":"product","2":"type-product","3":"status-publish","4":"has-post-thumbnail","6":"product_brand-adidas","7":"product_cat-inne","8":"product_cat-inne-sporty","9":"product_cat-pozostale-sporty","10":"pa_rozmiar-xl","12":"first","13":"instock","14":"taxable","15":"shipping-taxable","16":"purchasable","17":"product-type-simple","18":"entry","19":"content-bg","20":"loop-entry"},"taxonomy_info":{"product_brand":[{"value":45,"label":"Adidas"}],"product_cat":[{"value":25,"label":"Inne"},{"value":110,"label":"Inne sporty"},{"value":177,"label":"Pozosta\u0142e sporty"}],"pa_rozmiar":[{"value":57,"label":"XL"}]},"featured_image_src_large":["https:\/\/fts.you2.pl\/wp-content\/uploads\/2025\/09\/Photoroom_049_20250427_161327-1024x1024.png",1024,1024,true],"author_info":[],"comment_info":"","_links":{"self":[{"href":"https:\/\/fts.you2.pl\/de\/wp-json\/wp\/v2\/product\/2949","targetHints":{"allow":["GET"]}}],"collection":[{"href":"https:\/\/fts.you2.pl\/de\/wp-json\/wp\/v2\/product"}],"about":[{"href":"https:\/\/fts.you2.pl\/de\/wp-json\/wp\/v2\/types\/product"}],"wp:featuredmedia":[{"embeddable":true,"href":"https:\/\/fts.you2.pl\/de\/wp-json\/wp\/v2\/media\/13179"}],"wp:attachment":[{"href":"https:\/\/fts.you2.pl\/de\/wp-json\/wp\/v2\/media?parent=2949"}],"wp:term":[{"taxonomy":"product_brand","embeddable":true,"href":"https:\/\/fts.you2.pl\/de\/wp-json\/wp\/v2\/product_brand?post=2949"},{"taxonomy":"product_cat","embeddable":true,"href":"https:\/\/fts.you2.pl\/de\/wp-json\/wp\/v2\/product_cat?post=2949"},{"taxonomy":"product_tag","embeddable":true,"href":"https:\/\/fts.you2.pl\/de\/wp-json\/wp\/v2\/product_tag?post=2949"}],"curies":[{"name":"wp","href":"https:\/\/api.w.org\/{rel}","templated":true}]}}