{"id":2950,"date":"2025-04-27T15:22:51","date_gmt":"2025-04-27T13:22:51","guid":{"rendered":"https:\/\/fts.you2.pl\/index.php\/produkt\/psg-2010-11-away-l-2\/"},"modified":"2025-09-19T15:38:06","modified_gmt":"2025-09-19T13:38:06","slug":"psg-2010-11-away-l-2","status":"publish","type":"product","link":"https:\/\/fts.you2.pl\/de\/psg-2010-11-away-l-2\/","title":{"rendered":"Koszulka pi\u0142karska PSG 2010\/11 Away [L]"},"content":{"rendered":"<p><strong>Klub:<\/strong> PSG<\/p>\n<p><strong>Sezon:<\/strong> 2010\/11 Away<\/p>\n<p><strong>Rozmiar: <\/strong>L<\/p>\n<p><strong>Stan:<\/strong> Doskona\u0142y<\/p>\n<p><strong>Wymiary (szeroko\u015b\u0107 pod pachami\/d\u0142ugo\u015b\u0107) w cm: <\/strong>54\/74<\/p>","protected":false},"excerpt":{"rendered":"<p data-start=\"0\" data-end=\"90\"><strong data-start=\"0\" data-end=\"88\">Oryginalna koszulka pi\u0142karska Paris Saint-Germain z sezonu 2010\/11 \u2013 produkcji Nike.<\/strong><\/p>\n<p data-start=\"92\" data-end=\"393\">Ta <strong data-start=\"95\" data-end=\"149\">oryginalna wyjazdowa koszulka PSG z sezonu 2010\/11<\/strong>, wyprodukowana przez <strong data-start=\"171\" data-end=\"179\">Nike<\/strong>, to wyj\u0105tkowy model przygotowany z okazji <strong data-start=\"222\" data-end=\"240\">40-lecia klubu<\/strong>. Utrzymana w eleganckim <strong data-start=\"265\" data-end=\"286\">czerwonym kolorze<\/strong>, nawi\u0105zuje do historycznych barw dru\u017cyny, a minimalistyczny design nadaje jej ponadczasowego charakteru.<\/p>\n<p data-start=\"395\" data-end=\"765\">Na piersi znalaz\u0142y si\u0119: klasyczny <strong data-start=\"429\" data-end=\"457\">herb Paris Saint-Germain<\/strong>, logo <strong data-start=\"464\" data-end=\"472\">Nike<\/strong> oraz znak sponsora <strong data-start=\"492\" data-end=\"508\">Fly Emirates<\/strong>, a specjalne <strong data-start=\"522\" data-end=\"543\">detale rocznicowe<\/strong> podkre\u015blaj\u0105 jubileusz czterech dekad istnienia klubu. Koszulka wykonana zosta\u0142a w technologii <strong data-start=\"638\" data-end=\"654\">Nike Dri-FIT<\/strong>, zapewniaj\u0105cej zawodnikom <strong data-start=\"681\" data-end=\"715\">lekko\u015b\u0107, przewiewno\u015b\u0107 i wygod\u0119<\/strong>, zar\u00f3wno w meczach ligowych, jak i pucharowych.<\/p>\n<p data-start=\"767\" data-end=\"1096\">Sezon <strong data-start=\"773\" data-end=\"784\">2010\/11<\/strong> by\u0142 dla PSG okresem przej\u015bciowym \u2013 klub rywalizowa\u0142 w Ligue 1 i krajowych pucharach, a w dru\u017cynie grali m.in. <strong data-start=\"895\" data-end=\"971\">Claude Mak\u00e9l\u00e9l\u00e9, Ludovic Giuly, Nen\u00ea, Guillaume Hoarau czy Mamadou Sakho<\/strong>. By\u0142 to czas tu\u017c przed przej\u0119ciem zespo\u0142u przez Qatar Sports Investments, kt\u00f3re zapocz\u0105tkowa\u0142o now\u0105 er\u0119 wielkich sukces\u00f3w.<\/p>\n<p data-start=\"1098\" data-end=\"1335\">Ta koszulka to wyj\u0105tkowa propozycja dla <strong data-start=\"1138\" data-end=\"1189\">kolekcjoner\u00f3w oryginalnych koszulek pi\u0142karskich<\/strong> oraz fan\u00f3w PSG, kt\u00f3rzy chc\u0105 posiada\u0107 rzadki egzemplarz wydany z okazji <strong data-start=\"1261\" data-end=\"1289\">40-lecia istnienia klubu<\/strong> \u2013 symbol \u0142\u0105cz\u0105cy tradycj\u0119 z nowoczesno\u015bci\u0105.<\/p>","protected":false},"featured_media":13185,"template":"","meta":{"_kad_blocks_custom_css":"","_kad_blocks_head_custom_js":"","_kad_blocks_body_custom_js":"","_kad_blocks_footer_custom_js":"","_kad_post_transparent":"","_kad_post_title":"","_kad_post_layout":"","_kad_post_sidebar_id":"","_kad_post_content_style":"","_kad_post_vertical_padding":"","_kad_post_feature":"","_kad_post_feature_position":"","_kad_post_header":false,"_kad_post_footer":false},"product_brand":[55],"product_cat":[31,129,210],"product_tag":[],"class_list":{"0":"post-2950","1":"product","2":"type-product","3":"status-publish","4":"has-post-thumbnail","6":"product_brand-nike","7":"product_cat-kluby-europejskie","8":"product_cat-kluby-francuskie","9":"product_cat-paris-saint-germain","10":"pa_rozmiar-l","12":"first","13":"instock","14":"taxable","15":"shipping-taxable","16":"purchasable","17":"product-type-simple","18":"entry","19":"content-bg","20":"loop-entry"},"taxonomy_info":{"product_brand":[{"value":55,"label":"Nike"}],"product_cat":[{"value":31,"label":"Kluby Europejskie"},{"value":129,"label":"Kluby Francuskie"},{"value":210,"label":"Paris Saint Germain"}],"pa_rozmiar":[{"value":39,"label":"L"}]},"featured_image_src_large":["https:\/\/fts.you2.pl\/wp-content\/uploads\/2025\/09\/Photoroom_018_20250427_161327-1024x1024.png",1024,1024,true],"author_info":[],"comment_info":"","_links":{"self":[{"href":"https:\/\/fts.you2.pl\/de\/wp-json\/wp\/v2\/product\/2950","targetHints":{"allow":["GET"]}}],"collection":[{"href":"https:\/\/fts.you2.pl\/de\/wp-json\/wp\/v2\/product"}],"about":[{"href":"https:\/\/fts.you2.pl\/de\/wp-json\/wp\/v2\/types\/product"}],"wp:featuredmedia":[{"embeddable":true,"href":"https:\/\/fts.you2.pl\/de\/wp-json\/wp\/v2\/media\/13185"}],"wp:attachment":[{"href":"https:\/\/fts.you2.pl\/de\/wp-json\/wp\/v2\/media?parent=2950"}],"wp:term":[{"taxonomy":"product_brand","embeddable":true,"href":"https:\/\/fts.you2.pl\/de\/wp-json\/wp\/v2\/product_brand?post=2950"},{"taxonomy":"product_cat","embeddable":true,"href":"https:\/\/fts.you2.pl\/de\/wp-json\/wp\/v2\/product_cat?post=2950"},{"taxonomy":"product_tag","embeddable":true,"href":"https:\/\/fts.you2.pl\/de\/wp-json\/wp\/v2\/product_tag?post=2950"}],"curies":[{"name":"wp","href":"https:\/\/api.w.org\/{rel}","templated":true}]}}