{"id":2952,"date":"2025-04-27T15:22:32","date_gmt":"2025-04-27T13:22:32","guid":{"rendered":"https:\/\/fts.you2.pl\/index.php\/produkt\/swansea-city-afc-2018-19-third-s\/"},"modified":"2025-09-19T15:40:16","modified_gmt":"2025-09-19T13:40:16","slug":"swansea-city-afc-2018-19-third-s","status":"publish","type":"product","link":"https:\/\/fts.you2.pl\/de\/swansea-city-afc-2018-19-third-s\/","title":{"rendered":"Koszulka pi\u0142karska Swansea City AFC 2018\/19 Third [S]"},"content":{"rendered":"<p><strong>Klub:<\/strong> Swansea City AFC<\/p>\n<p><strong>Sezon:<\/strong> 2018\/19 Third<\/p>\n<p><strong>Rozmiar: <\/strong>S<\/p>\n<p><strong>Stan:<\/strong> Doskona\u0142y<\/p>\n<p><strong>Wymiary (szeroko\u015b\u0107 pod pachami\/d\u0142ugo\u015b\u0107) w cm: <\/strong>50\/68<\/p>","protected":false},"excerpt":{"rendered":"<p data-start=\"0\" data-end=\"87\"><strong data-start=\"0\" data-end=\"85\">Oryginalna koszulka pi\u0142karska Swansea City AFC z sezonu 2018\/19 \u2013 produkcji Joma.<\/strong><\/p>\n<p data-start=\"89\" data-end=\"507\">Ta <strong data-start=\"92\" data-end=\"157\">oryginalna trzecia koszulka Swansea City AFC z sezonu 2018\/19<\/strong>, wyprodukowana przez <strong data-start=\"179\" data-end=\"187\">Jom\u0119<\/strong>, to stylowy model w <strong data-start=\"208\" data-end=\"232\">bordowej kolorystyce<\/strong>, uzupe\u0142niony o <strong data-start=\"248\" data-end=\"290\">czarne panele na ramionach i r\u0119kawkach<\/strong>, kt\u00f3re nadaj\u0105 jej nowoczesnego i dynamicznego charakteru. Wersja ta jest szczeg\u00f3lnie wyj\u0105tkowa, poniewa\u017c zosta\u0142a wydana <strong data-start=\"411\" data-end=\"446\">bez nadruku sponsora na froncie<\/strong>, co podkre\u015bla minimalistyczny i elegancki wygl\u0105d koszulki.<\/p>\n<p data-start=\"509\" data-end=\"850\">Na piersi znalaz\u0142y si\u0119: <strong data-start=\"533\" data-end=\"558\">herb Swansea City AFC<\/strong> oraz logo <strong data-start=\"569\" data-end=\"577\">Jomy<\/strong>, oba w kontrastuj\u0105cych bia\u0142ych detalach, kt\u00f3re doskonale komponuj\u0105 si\u0119 z bordowo-czarn\u0105 baz\u0105. Koszulka zosta\u0142a wykonana z lekkiego materia\u0142u technicznego, gwarantuj\u0105cego <strong data-start=\"748\" data-end=\"796\">komfort, przewiewno\u015b\u0107 i pe\u0142n\u0105 swobod\u0119 ruch\u00f3w<\/strong> zar\u00f3wno podczas gry, jak i codziennego u\u017cytkowania.<\/p>\n<p data-start=\"852\" data-end=\"1191\">Sezon <strong data-start=\"858\" data-end=\"869\">2018\/19<\/strong> by\u0142 dla \u201eThe Swans\u201d pierwszym po spadku z Premier League i okresem odbudowy w rozgrywkach <strong data-start=\"960\" data-end=\"976\">Championship<\/strong>. Dru\u017cyn\u0119 prowadzi\u0142 w\u00f3wczas <strong data-start=\"1004\" data-end=\"1021\">Graham Potter<\/strong>, a w sk\u0142adzie znajdowali si\u0119 m.in. <strong data-start=\"1057\" data-end=\"1126\">Daniel James, Oli McBurnie, Bersant Celina czy Mike van der Hoorn<\/strong>, kt\u00f3rzy odgrywali kluczowe role w nowym etapie historii klubu.<\/p>\n<p data-start=\"1193\" data-end=\"1391\">Ta koszulka to doskona\u0142y wyb\u00f3r dla <strong data-start=\"1228\" data-end=\"1279\">kolekcjoner\u00f3w oryginalnych koszulek pi\u0142karskich<\/strong> oraz fan\u00f3w Swansea, kt\u00f3rzy chc\u0105 posiada\u0107 unikatowy model z pierwszego sezonu gry po powrocie do Championship.<\/p>","protected":false},"featured_media":13203,"template":"","meta":{"_kad_blocks_custom_css":"","_kad_blocks_head_custom_js":"","_kad_blocks_body_custom_js":"","_kad_blocks_footer_custom_js":"","_kad_post_transparent":"","_kad_post_title":"","_kad_post_layout":"","_kad_post_sidebar_id":"","_kad_post_content_style":"","_kad_post_vertical_padding":"","_kad_post_feature":"","_kad_post_feature_position":"","_kad_post_header":false,"_kad_post_footer":false},"product_brand":[317],"product_cat":[32,31,33],"product_tag":[],"class_list":{"0":"post-2952","1":"product","2":"type-product","3":"status-publish","4":"has-post-thumbnail","6":"product_brand-joma","7":"product_cat-kluby-angielskie","8":"product_cat-kluby-europejskie","9":"product_cat-pozostale-kluby-angielskie","10":"pa_rozmiar-s","12":"first","13":"instock","14":"taxable","15":"shipping-taxable","16":"purchasable","17":"product-type-simple","18":"entry","19":"content-bg","20":"loop-entry"},"taxonomy_info":{"product_brand":[{"value":317,"label":"Joma"}],"product_cat":[{"value":32,"label":"Kluby Angielskie"},{"value":31,"label":"Kluby Europejskie"},{"value":33,"label":"Pozosta\u0142e kluby angielskie"}],"pa_rozmiar":[{"value":19,"label":"S"}]},"featured_image_src_large":["https:\/\/fts.you2.pl\/wp-content\/uploads\/2025\/09\/Photoroom_043_20250427_161327-1024x1024.png",1024,1024,true],"author_info":[],"comment_info":"","_links":{"self":[{"href":"https:\/\/fts.you2.pl\/de\/wp-json\/wp\/v2\/product\/2952","targetHints":{"allow":["GET"]}}],"collection":[{"href":"https:\/\/fts.you2.pl\/de\/wp-json\/wp\/v2\/product"}],"about":[{"href":"https:\/\/fts.you2.pl\/de\/wp-json\/wp\/v2\/types\/product"}],"wp:featuredmedia":[{"embeddable":true,"href":"https:\/\/fts.you2.pl\/de\/wp-json\/wp\/v2\/media\/13203"}],"wp:attachment":[{"href":"https:\/\/fts.you2.pl\/de\/wp-json\/wp\/v2\/media?parent=2952"}],"wp:term":[{"taxonomy":"product_brand","embeddable":true,"href":"https:\/\/fts.you2.pl\/de\/wp-json\/wp\/v2\/product_brand?post=2952"},{"taxonomy":"product_cat","embeddable":true,"href":"https:\/\/fts.you2.pl\/de\/wp-json\/wp\/v2\/product_cat?post=2952"},{"taxonomy":"product_tag","embeddable":true,"href":"https:\/\/fts.you2.pl\/de\/wp-json\/wp\/v2\/product_tag?post=2952"}],"curies":[{"name":"wp","href":"https:\/\/api.w.org\/{rel}","templated":true}]}}