{"id":2955,"date":"2025-04-27T15:22:36","date_gmt":"2025-04-27T13:22:36","guid":{"rendered":"https:\/\/fts.you2.pl\/index.php\/produkt\/koszulka-bramkarska-ud-las-palmas-2009-10-l\/"},"modified":"2025-09-19T15:43:09","modified_gmt":"2025-09-19T13:43:09","slug":"koszulka-bramkarska-ud-las-palmas-2009-10-l","status":"publish","type":"product","link":"https:\/\/fts.you2.pl\/de\/koszulka-bramkarska-ud-las-palmas-2009-10-l\/","title":{"rendered":"Koszulka bramkarska UD Las Palmas 2009\/10 [L]"},"content":{"rendered":"<p><strong>Klub:<\/strong> UD Las Palmas<\/p>\n<p><strong>Sezon:<\/strong> 2009\/10<\/p>\n<p><strong>Rozmiar: <\/strong>L<\/p>\n<p><strong>Stan:<\/strong> Bardzo dobry &#8211; uszkodzony nadruk na karku oraz starta nalepka z rozmiarem.<\/p>\n<p><strong>Wymiary (szeroko\u015b\u0107 pod pachami\/d\u0142ugo\u015b\u0107) w cm: <\/strong>55\/73<\/p>","protected":false},"excerpt":{"rendered":"<p data-start=\"0\" data-end=\"89\"><strong data-start=\"0\" data-end=\"87\">Oryginalna koszulka bramkarska UD Las Palmas z sezonu 2009\/10 \u2013 produkcji KS Sport.<\/strong><\/p>\n<p data-start=\"91\" data-end=\"462\">Ta <strong data-start=\"94\" data-end=\"159\">oryginalna koszulka bramkarska UD Las Palmas z sezonu 2009\/10<\/strong>, wyprodukowana przez <strong data-start=\"181\" data-end=\"199\">mark\u0119 KS Sport<\/strong>, to wyj\u0105tkowy model w intensywnym <strong data-start=\"234\" data-end=\"259\">pomara\u0144czowym kolorze<\/strong>, prze\u0142amany <strong data-start=\"272\" data-end=\"325\">czarnym akcentem w g\u00f3rnej i lewej cz\u0119\u015bci koszulki<\/strong>. Na jej froncie, w centralnym miejscu, widnieje <strong data-start=\"374\" data-end=\"396\">herb UD Las Palmas<\/strong>, co nadaje trykotowi wyrazistego i charakterystycznego wygl\u0105du.<\/p>\n<p data-start=\"464\" data-end=\"810\">Na r\u0119kawku umieszczono oficjalny <strong data-start=\"497\" data-end=\"514\">patch La Liga<\/strong>, kt\u00f3ry podkre\u015bla autentyczno\u015b\u0107 koszulki i jej bezpo\u015brednie powi\u0105zanie z hiszpa\u0144skimi rozgrywkami ligowymi. Ca\u0142o\u015b\u0107 uzupe\u0142nia logo <strong data-start=\"644\" data-end=\"656\">KS Sport<\/strong>, a konstrukcja koszulki zosta\u0142a zaprojektowana tak, by zapewnia\u0107 <strong data-start=\"722\" data-end=\"764\">komfort, wytrzyma\u0142o\u015b\u0107 i swobod\u0119 ruch\u00f3w<\/strong> bramkarzowi w trakcie intensywnych spotka\u0144.<\/p>\n<p data-start=\"812\" data-end=\"1087\">Sezon <strong data-start=\"818\" data-end=\"829\">2009\/10<\/strong> by\u0142 dla UD Las Palmas czasem rywalizacji w hiszpa\u0144skiej <strong data-start=\"886\" data-end=\"906\">Segunda Divisi\u00f3n<\/strong>, gdzie klub walczy\u0142 o utrzymanie pozycji na zapleczu La Liga. Bramkarze dru\u017cyny odgrywali w\u00f3wczas kluczow\u0105 rol\u0119 w zachowaniu stabilno\u015bci defensywnej i zdobywaniu cennych punkt\u00f3w.<\/p>\n<p data-start=\"1089\" data-end=\"1361\">Ta koszulka to niezwykle ciekawy egzemplarz dla <strong data-start=\"1137\" data-end=\"1189\">kolekcjoner\u00f3w oryginalnych koszulek bramkarskich<\/strong> oraz fan\u00f3w <strong data-start=\"1201\" data-end=\"1218\">UD Las Palmas<\/strong>, kt\u00f3rzy chc\u0105 posiada\u0107 pami\u0105tk\u0119 z ko\u0144ca pierwszej dekady XXI wieku \u2013 okresu, gdy klub z Wysp Kanaryjskich walczy\u0142 o powr\u00f3t do krajowej elity.<\/p>","protected":false},"featured_media":13228,"template":"","meta":{"_kad_blocks_custom_css":"","_kad_blocks_head_custom_js":"","_kad_blocks_body_custom_js":"","_kad_blocks_footer_custom_js":"","_kad_post_transparent":"","_kad_post_title":"","_kad_post_layout":"","_kad_post_sidebar_id":"","_kad_post_content_style":"","_kad_post_vertical_padding":"","_kad_post_feature":"","_kad_post_feature_position":"","_kad_post_header":false,"_kad_post_footer":false},"product_brand":[450],"product_cat":[31,87,88],"product_tag":[],"class_list":{"0":"post-2955","1":"product","2":"type-product","3":"status-publish","4":"has-post-thumbnail","6":"product_brand-ks-sport","7":"product_cat-kluby-europejskie","8":"product_cat-kluby-hiszpanskie","9":"product_cat-pozostale-kluby-hiszpanskie","10":"pa_rozmiar-l","12":"first","13":"instock","14":"taxable","15":"shipping-taxable","16":"purchasable","17":"product-type-simple","18":"entry","19":"content-bg","20":"loop-entry"},"taxonomy_info":{"product_brand":[{"value":450,"label":"KS Sport"}],"product_cat":[{"value":31,"label":"Kluby Europejskie"},{"value":87,"label":"Kluby Hiszpa\u0144skie"},{"value":88,"label":"Pozosta\u0142e kluby hiszpa\u0144skie"}],"pa_rozmiar":[{"value":39,"label":"L"}]},"featured_image_src_large":["https:\/\/fts.you2.pl\/wp-content\/uploads\/2025\/09\/Photoroom_039_20250427_161327-1024x1024.png",1024,1024,true],"author_info":[],"comment_info":"","_links":{"self":[{"href":"https:\/\/fts.you2.pl\/de\/wp-json\/wp\/v2\/product\/2955","targetHints":{"allow":["GET"]}}],"collection":[{"href":"https:\/\/fts.you2.pl\/de\/wp-json\/wp\/v2\/product"}],"about":[{"href":"https:\/\/fts.you2.pl\/de\/wp-json\/wp\/v2\/types\/product"}],"wp:featuredmedia":[{"embeddable":true,"href":"https:\/\/fts.you2.pl\/de\/wp-json\/wp\/v2\/media\/13228"}],"wp:attachment":[{"href":"https:\/\/fts.you2.pl\/de\/wp-json\/wp\/v2\/media?parent=2955"}],"wp:term":[{"taxonomy":"product_brand","embeddable":true,"href":"https:\/\/fts.you2.pl\/de\/wp-json\/wp\/v2\/product_brand?post=2955"},{"taxonomy":"product_cat","embeddable":true,"href":"https:\/\/fts.you2.pl\/de\/wp-json\/wp\/v2\/product_cat?post=2955"},{"taxonomy":"product_tag","embeddable":true,"href":"https:\/\/fts.you2.pl\/de\/wp-json\/wp\/v2\/product_tag?post=2955"}],"curies":[{"name":"wp","href":"https:\/\/api.w.org\/{rel}","templated":true}]}}