{"id":2958,"date":"2025-05-11T16:19:39","date_gmt":"2025-05-11T14:19:39","guid":{"rendered":"https:\/\/fts.you2.pl\/index.php\/produkt\/match-issue-aik-solna-1995-away-9-l\/"},"modified":"2025-09-19T15:46:24","modified_gmt":"2025-09-19T13:46:24","slug":"match-issue-aik-solna-1995-away-9-l","status":"publish","type":"product","link":"https:\/\/fts.you2.pl\/de\/match-issue-aik-solna-1995-away-9-l\/","title":{"rendered":"Koszulka pi\u0142karska MATCH ISSUE AIK Solna 1995 Away 9 [L]"},"content":{"rendered":"<p><strong>Klub:<\/strong> AIK Solna<\/p>\n<p><strong>Sezon:<\/strong> 1995 Away<\/p>\n<p><strong>Rozmiar: <\/strong>L<\/p>\n<p><strong>Stan:<\/strong> Bardzo dobry &#8211; nieznacznie pop\u0119kany numer na plecach oraz uci\u0119ta metka z rozmiarem na karku.<\/p>\n<p><strong>Wymiary (szeroko\u015b\u0107 pod pachami\/d\u0142ugo\u015b\u0107) w cm: <\/strong>56\/74<\/p>","protected":false},"excerpt":{"rendered":"<p data-start=\"0\" data-end=\"77\"><strong data-start=\"0\" data-end=\"75\">Oryginalna meczowa koszulka pi\u0142karska AIK Fotboll z 1995 roku \u2013 produkcji Pumy.<\/strong><\/p>\n<p data-start=\"79\" data-end=\"397\">Ta <strong data-start=\"82\" data-end=\"137\">oryginalna meczowa koszulka AIK Fotboll z 1995 roku<\/strong>, wyprodukowana przez <strong data-start=\"159\" data-end=\"167\">Pum\u0119<\/strong>, to absolutny klasyk skandynawskiego futbolu z po\u0142owy lat 90. Model w wersji z <strong data-start=\"247\" data-end=\"265\">d\u0142ugim r\u0119kawem<\/strong>, utrzymany w <strong data-start=\"279\" data-end=\"305\">bia\u0142ym kolorze bazowym<\/strong>, wyr\u00f3\u017cnia si\u0119 charakterystycznym retro stylem, kt\u00f3ry idealnie oddaje klimat tamtej epoki.<\/p>\n<p data-start=\"399\" data-end=\"868\">Na froncie koszulki umieszczono logo sponsora <strong data-start=\"445\" data-end=\"456\">Scandic<\/strong>, a powy\u017cej dumnie prezentuje si\u0119 <strong data-start=\"490\" data-end=\"502\">herb AIK<\/strong>, jeden z najbardziej rozpoznawalnych symboli szwedzkiej pi\u0142ki. Ty\u0142 koszulki zdobi wyra\u017any <strong data-start=\"593\" data-end=\"604\">numer 9<\/strong>, nadaj\u0105cy jej autentycznego meczowego charakteru. Szczeg\u00f3ln\u0105 ozdob\u0105 s\u0105 klasyczne <strong data-start=\"686\" data-end=\"715\">lampasy z logotypami Pumy<\/strong> biegn\u0105ce wzd\u0142u\u017c ca\u0142ej d\u0142ugo\u015bci r\u0119kaw\u00f3w \u2013 detal, kt\u00f3ry przywo\u0142uje estetyk\u0119 futbolu lat 90. i czyni t\u0119 koszulk\u0119 wyj\u0105tkowym egzemplarzem kolekcjonerskim.<\/p>\n<p data-start=\"870\" data-end=\"1126\">Koszulka wykonana zosta\u0142a z solidnych, jak na tamte czasy, materia\u0142\u00f3w, zapewniaj\u0105cych <strong data-start=\"956\" data-end=\"978\">trwa\u0142o\u015b\u0107 i komfort<\/strong>. Jej kr\u00f3j jest typowy dla meczowych koszulek sprzed trzech dekad \u2013 lu\u017aniejszy, z dba\u0142o\u015bci\u0105 o swobod\u0119 ruch\u00f3w i wytrzyma\u0142o\u015b\u0107 w trakcie rywalizacji.<\/p>\n<p data-start=\"1128\" data-end=\"1459\">Sezon <strong data-start=\"1134\" data-end=\"1142\">1995<\/strong> by\u0142 dla <strong data-start=\"1151\" data-end=\"1158\">AIK<\/strong> kolejnym etapem walki o czo\u0142owe lokaty w <strong data-start=\"1200\" data-end=\"1215\">Allsvenskan<\/strong>, najwy\u017cszej klasie rozgrywkowej w Szwecji. Klub z Solny od lat nale\u017ca\u0142 do najbardziej utytu\u0142owanych w kraju, a koszulki z tego okresu s\u0105 dzi\u015b rzadko spotykanymi i niezwykle cenionymi pami\u0105tkami w\u015br\u00f3d kibic\u00f3w oraz kolekcjoner\u00f3w retro futbolu.<\/p>\n<p data-start=\"1128\" data-end=\"1459\">W tamtych latach wa\u017cn\u0105 rol\u0119 w dru\u017cynie odgrywa\u0142 w\u0142a\u015bnie <strong data-start=\"1238\" data-end=\"1256\">Pascal Simpson<\/strong>, bo to on w\u0142a\u015bnie wyst\u0119powa\u0142 z numerem 9. Dynamiczny napastnik znany z szybko\u015bci, si\u0142y fizycznej i skuteczno\u015bci pod bramk\u0105 rywali. W barwach AIK gra\u0142 w latach <strong data-start=\"1375\" data-end=\"1388\">1991\u20131998<\/strong>, rozgrywaj\u0105c ponad <strong data-start=\"1408\" data-end=\"1452\">150 spotka\u0144 i zdobywaj\u0105c ponad 40 bramek<\/strong>. W 1992 roku pom\u00f3g\u0142 klubowi zdoby\u0107 <strong data-start=\"1488\" data-end=\"1511\">mistrzostwo Szwecji<\/strong>, a jego forma w po\u0142owie lat 90. sprawi\u0142a, \u017ce zapisa\u0142 si\u0119 w historii AIK jako jeden z kluczowych zawodnik\u00f3w tej dekady.<\/p>\n<p data-start=\"1461\" data-end=\"1764\">Ta koszulka to wyj\u0105tkowy egzemplarz, kt\u00f3ry \u0142\u0105czy w sobie <strong data-start=\"1518\" data-end=\"1552\">autentyczno\u015b\u0107 meczowego stroju<\/strong>, <strong data-start=\"1554\" data-end=\"1588\">charakterystyczny styl lat 90.<\/strong> i histori\u0119 jednego z najwi\u0119kszych klub\u00f3w Szwecji. Niezast\u0105piona w kolekcji dla ka\u017cdego fana <strong data-start=\"1681\" data-end=\"1696\">AIK Fotboll<\/strong>, jak i mi\u0142o\u015bnika oryginalnych koszulek pi\u0142karskich z przesz\u0142o\u015bci.<\/p>","protected":false},"featured_media":13251,"template":"","meta":{"_kad_blocks_custom_css":"","_kad_blocks_head_custom_js":"","_kad_blocks_body_custom_js":"","_kad_blocks_footer_custom_js":"","_kad_post_transparent":"","_kad_post_title":"","_kad_post_layout":"","_kad_post_sidebar_id":"","_kad_post_content_style":"","_kad_post_vertical_padding":"","_kad_post_feature":"","_kad_post_feature_position":"","_kad_post_header":false,"_kad_post_footer":false},"product_brand":[86],"product_cat":[50,31,173,73],"product_tag":[],"class_list":{"0":"post-2958","1":"product","2":"type-product","3":"status-publish","4":"has-post-thumbnail","6":"product_brand-puma","7":"product_cat-kluby-europejskie-kluby-europejskie","8":"product_cat-kluby-europejskie","9":"product_cat-match-worn-issue","10":"product_cat-skandynawia","11":"pa_rozmiar-l","13":"first","14":"instock","15":"taxable","16":"shipping-taxable","17":"purchasable","18":"product-type-simple","19":"entry","20":"content-bg","21":"loop-entry"},"taxonomy_info":{"product_brand":[{"value":86,"label":"Puma"}],"product_cat":[{"value":50,"label":"Kluby Europejskie"},{"value":31,"label":"Kluby Europejskie"},{"value":173,"label":"MATCH WORN &amp; ISSUE"},{"value":73,"label":"Skandynawia"}],"pa_rozmiar":[{"value":39,"label":"L"}]},"featured_image_src_large":["https:\/\/fts.you2.pl\/wp-content\/uploads\/2025\/09\/Photoroom_064_20250510_214825-1024x1024.png",1024,1024,true],"author_info":[],"comment_info":"","_links":{"self":[{"href":"https:\/\/fts.you2.pl\/de\/wp-json\/wp\/v2\/product\/2958","targetHints":{"allow":["GET"]}}],"collection":[{"href":"https:\/\/fts.you2.pl\/de\/wp-json\/wp\/v2\/product"}],"about":[{"href":"https:\/\/fts.you2.pl\/de\/wp-json\/wp\/v2\/types\/product"}],"wp:featuredmedia":[{"embeddable":true,"href":"https:\/\/fts.you2.pl\/de\/wp-json\/wp\/v2\/media\/13251"}],"wp:attachment":[{"href":"https:\/\/fts.you2.pl\/de\/wp-json\/wp\/v2\/media?parent=2958"}],"wp:term":[{"taxonomy":"product_brand","embeddable":true,"href":"https:\/\/fts.you2.pl\/de\/wp-json\/wp\/v2\/product_brand?post=2958"},{"taxonomy":"product_cat","embeddable":true,"href":"https:\/\/fts.you2.pl\/de\/wp-json\/wp\/v2\/product_cat?post=2958"},{"taxonomy":"product_tag","embeddable":true,"href":"https:\/\/fts.you2.pl\/de\/wp-json\/wp\/v2\/product_tag?post=2958"}],"curies":[{"name":"wp","href":"https:\/\/api.w.org\/{rel}","templated":true}]}}