{"id":2961,"date":"2025-05-11T16:19:37","date_gmt":"2025-05-11T14:19:37","guid":{"rendered":"https:\/\/fts.you2.pl\/index.php\/produkt\/bnwt-spodnie-treningowe-arsenal-fc-2022-23-l\/"},"modified":"2025-09-19T15:47:36","modified_gmt":"2025-09-19T13:47:36","slug":"bnwt-spodnie-treningowe-arsenal-fc-2022-23-l","status":"publish","type":"product","link":"https:\/\/fts.you2.pl\/de\/bnwt-spodnie-treningowe-arsenal-fc-2022-23-l\/","title":{"rendered":"Spodnie dresowe BNWT Arsenal FC 2022\/23 [L]"},"content":{"rendered":"<p><strong>Klub:<\/strong> Arsenal FC<\/p>\n<p><strong>Sezon:<\/strong> 2022\/23<\/p>\n<p><strong>Rozmiar: <\/strong>L<\/p>\n<p><strong>Stan:<\/strong> BNWT &#8211; Spodnie nowe, z metkami.<\/p>\n<p><strong>Wymiary (szeroko\u015b\u0107\/d\u0142ugo\u015b\u0107 nogawki od zewn\u0119trznej strony) w cm: <\/strong>41\/105<\/p>","protected":false},"excerpt":{"rendered":"<p data-start=\"0\" data-end=\"81\"><strong data-start=\"0\" data-end=\"79\">Oryginalne spodnie dresowe Arsenal FC z sezonu 2022\/23 \u2013 produkcji Adidasa.<\/strong><\/p>\n<p data-start=\"83\" data-end=\"461\">Te <strong data-start=\"86\" data-end=\"144\">oryginalne spodnie dresowe Arsenal FC z sezonu 2022\/23<\/strong>, wyprodukowane przez <strong data-start=\"166\" data-end=\"177\">Adidasa<\/strong>, to nowoczesny i funkcjonalny element klubowej odzie\u017cy treningowej. Utrzymane w eleganckim <strong data-start=\"269\" data-end=\"291\">granatowym kolorze<\/strong> z charakterystycznymi <strong data-start=\"314\" data-end=\"342\">r\u00f3\u017cowymi paskami Adidasa<\/strong> po bokach, wyr\u00f3\u017cniaj\u0105 si\u0119 \u015bwie\u017cym designem, kt\u00f3ry idealnie wpisuje si\u0119 w stylistyk\u0119 klubowej kolekcji z tego sezonu.<\/p>\n<p data-start=\"463\" data-end=\"819\">Na nogawce umieszczono <strong data-start=\"486\" data-end=\"503\">herb Arsenalu<\/strong> oraz logo <strong data-start=\"514\" data-end=\"525\">Adidasa<\/strong>, co nadaje spodniom autentycznego charakteru i podkre\u015bla ich oficjalne pochodzenie. Wykonane z lekkiego i oddychaj\u0105cego materia\u0142u w technologii <strong data-start=\"670\" data-end=\"683\">AEROREADY<\/strong>, zapewniaj\u0105 <strong data-start=\"696\" data-end=\"747\">komfort, odprowadzanie wilgoci i swobod\u0119 ruch\u00f3w<\/strong> zar\u00f3wno podczas aktywno\u015bci sportowych, jak i codziennego u\u017cytkowania.<\/p>\n<p data-start=\"821\" data-end=\"1230\">Sezon <strong data-start=\"827\" data-end=\"838\">2022\/23<\/strong> by\u0142 dla Arsenalu niezwykle emocjonuj\u0105cy \u2013 dru\u017cyna Mikela Artety przez wi\u0119ksz\u0105 cz\u0119\u015b\u0107 rozgrywek walczy\u0142a o mistrzostwo Anglii, ko\u0144cz\u0105c Premier League na <strong data-start=\"990\" data-end=\"1004\">2. miejscu<\/strong> i zapewniaj\u0105c sobie powr\u00f3t do Ligi Mistrz\u00f3w po kilku latach przerwy. Kolekcja treningowa Adidasa, w tym spodnie dresowe, towarzyszy\u0142a zawodnikom w przygotowaniach do jednego z najlepszych sezon\u00f3w klubu w ostatniej dekadzie.<\/p>\n<p data-start=\"1232\" data-end=\"1392\">Te spodnie to \u015bwietny wyb\u00f3r dla <strong data-start=\"1264\" data-end=\"1282\">fan\u00f3w Arsenalu<\/strong>, kt\u00f3rzy ceni\u0105 sobie <strong data-start=\"1303\" data-end=\"1343\">oryginalne elementy odzie\u017cy klubowej<\/strong> \u0142\u0105cz\u0105ce sportowy komfort z nowoczesnym stylem.<\/p>","protected":false},"featured_media":13277,"template":"","meta":{"_kad_blocks_custom_css":"","_kad_blocks_head_custom_js":"","_kad_blocks_body_custom_js":"","_kad_blocks_footer_custom_js":"","_kad_post_transparent":"","_kad_post_title":"","_kad_post_layout":"","_kad_post_sidebar_id":"","_kad_post_content_style":"","_kad_post_vertical_padding":"","_kad_post_feature":"","_kad_post_feature_position":"","_kad_post_header":false,"_kad_post_footer":false},"product_brand":[45],"product_cat":[337,32,31],"product_tag":[],"class_list":{"0":"post-2961","1":"product","2":"type-product","3":"status-publish","4":"has-post-thumbnail","6":"product_brand-adidas","7":"product_cat-arsenal-fc","8":"product_cat-kluby-angielskie","9":"product_cat-kluby-europejskie","10":"pa_rozmiar-l","12":"first","13":"instock","14":"taxable","15":"shipping-taxable","16":"purchasable","17":"product-type-simple","18":"entry","19":"content-bg","20":"loop-entry"},"taxonomy_info":{"product_brand":[{"value":45,"label":"Adidas"}],"product_cat":[{"value":337,"label":"Arsenal FC"},{"value":32,"label":"Kluby Angielskie"},{"value":31,"label":"Kluby Europejskie"}],"pa_rozmiar":[{"value":39,"label":"L"}]},"featured_image_src_large":["https:\/\/fts.you2.pl\/wp-content\/uploads\/2025\/09\/Photoroom_000_20250510_214825-2-1024x1024.png",1024,1024,true],"author_info":[],"comment_info":"","_links":{"self":[{"href":"https:\/\/fts.you2.pl\/de\/wp-json\/wp\/v2\/product\/2961","targetHints":{"allow":["GET"]}}],"collection":[{"href":"https:\/\/fts.you2.pl\/de\/wp-json\/wp\/v2\/product"}],"about":[{"href":"https:\/\/fts.you2.pl\/de\/wp-json\/wp\/v2\/types\/product"}],"wp:featuredmedia":[{"embeddable":true,"href":"https:\/\/fts.you2.pl\/de\/wp-json\/wp\/v2\/media\/13277"}],"wp:attachment":[{"href":"https:\/\/fts.you2.pl\/de\/wp-json\/wp\/v2\/media?parent=2961"}],"wp:term":[{"taxonomy":"product_brand","embeddable":true,"href":"https:\/\/fts.you2.pl\/de\/wp-json\/wp\/v2\/product_brand?post=2961"},{"taxonomy":"product_cat","embeddable":true,"href":"https:\/\/fts.you2.pl\/de\/wp-json\/wp\/v2\/product_cat?post=2961"},{"taxonomy":"product_tag","embeddable":true,"href":"https:\/\/fts.you2.pl\/de\/wp-json\/wp\/v2\/product_tag?post=2961"}],"curies":[{"name":"wp","href":"https:\/\/api.w.org\/{rel}","templated":true}]}}