{"id":2962,"date":"2025-05-11T16:19:35","date_gmt":"2025-05-11T14:19:35","guid":{"rendered":"https:\/\/fts.you2.pl\/index.php\/produkt\/aston-villa-2007-08-home-xxl\/"},"modified":"2025-09-19T15:48:01","modified_gmt":"2025-09-19T13:48:01","slug":"aston-villa-2007-08-home-xxl","status":"publish","type":"product","link":"https:\/\/fts.you2.pl\/de\/aston-villa-2007-08-home-xxl\/","title":{"rendered":"Koszulka pi\u0142karska Aston Villa 2007\/08 Home [XXL]"},"content":{"rendered":"<p><strong>Klub:<\/strong> Aston Villa<\/p>\n<p><strong>Sezon:<\/strong> 2007\/08 Home<\/p>\n<p><strong>Rozmiar: <\/strong>XXL<\/p>\n<p><strong>Stan:<\/strong> Dobry &#8211; jedna mikro dziurka na dole koszulki oraz zaci\u0105gni\u0119cie.<\/p>\n<p><strong>Wymiary (szeroko\u015b\u0107 pod pachami\/d\u0142ugo\u015b\u0107) w cm: <\/strong>64\/75<\/p>","protected":false},"excerpt":{"rendered":"<p data-start=\"0\" data-end=\"82\"><strong data-start=\"0\" data-end=\"80\">Oryginalna koszulka pi\u0142karska Aston Villi z sezonu 2007\/08 \u2013 produkcji Nike.<\/strong><\/p>\n<p data-start=\"84\" data-end=\"444\">Ta <strong data-start=\"87\" data-end=\"146\">oryginalna domowa koszulka Aston Villi z sezonu 2007\/08<\/strong>, wyprodukowana przez <strong data-start=\"168\" data-end=\"176\">Nike<\/strong>, to klasyczny model w tradycyjnych <strong data-start=\"212\" data-end=\"243\">bordowo-niebieskich barwach<\/strong>, kt\u00f3re od dekad stanowi\u0105 znak rozpoznawczy klubu z Birmingham. Na froncie koszulki widnieje logo sponsora <strong data-start=\"350\" data-end=\"359\">32Red<\/strong>, charakterystyczne dla tego okresu, kt\u00f3re nadaje jej autentycznego, retro klimatu.<\/p>\n<p data-start=\"446\" data-end=\"760\">Koszulka posiada <strong data-start=\"463\" data-end=\"483\">herb Aston Villi<\/strong> na piersi oraz logo <strong data-start=\"504\" data-end=\"512\">Nike<\/strong>, a ca\u0142o\u015b\u0107 wykonano z materia\u0142\u00f3w o w\u0142a\u015bciwo\u015bciach oddychaj\u0105cych, zapewniaj\u0105cych zawodnikom <strong data-start=\"603\" data-end=\"631\">komfort i swobod\u0119 ruch\u00f3w<\/strong>. Jej prosty, a jednocze\u015bnie elegancki design doskonale odzwierciedla charakter \u201eThe Villans\u201d ko\u0144ca pierwszej dekady XXI wieku.<\/p>\n<p data-start=\"762\" data-end=\"1145\">Sezon <strong data-start=\"768\" data-end=\"779\">2007\/08<\/strong> by\u0142 dla Aston Villi czasem stabilizacji i rozwoju pod wodz\u0105 <strong data-start=\"840\" data-end=\"860\">Martina O\u2019Neilla<\/strong>. Dru\u017cyna zako\u0144czy\u0142a rozgrywki Premier League na <strong data-start=\"909\" data-end=\"923\">6. miejscu<\/strong>, prezentuj\u0105c ofensywny i efektowny styl gry. W barwach klubu b\u0142yszczeli w\u00f3wczas m.in. <strong data-start=\"1010\" data-end=\"1076\">Ashley Young, Gareth Barry, Gabriel Agbonlahor oraz John Carew<\/strong>, kt\u00f3rzy nale\u017celi do trzonu zespo\u0142u i budowali jego renom\u0119 w lidze.<\/p>\n<p data-start=\"1147\" data-end=\"1369\">Ta koszulka to \u015bwietny wyb\u00f3r dla <strong data-start=\"1180\" data-end=\"1230\">kolekcjoner\u00f3w oryginalnych stroj\u00f3w pi\u0142karskich<\/strong> oraz <strong data-start=\"1236\" data-end=\"1257\">fan\u00f3w Aston Villi<\/strong>, kt\u00f3rzy chc\u0105 posiada\u0107 pami\u0105tk\u0119 z jednego z najbardziej udanych sezon\u00f3w klubu w Premier League tamtego okresu.<\/p>","protected":false},"featured_media":13284,"template":"","meta":{"_kad_blocks_custom_css":"","_kad_blocks_head_custom_js":"","_kad_blocks_body_custom_js":"","_kad_blocks_footer_custom_js":"","_kad_post_transparent":"","_kad_post_title":"","_kad_post_layout":"","_kad_post_sidebar_id":"","_kad_post_content_style":"","_kad_post_vertical_padding":"","_kad_post_feature":"","_kad_post_feature_position":"","_kad_post_header":false,"_kad_post_footer":false},"product_brand":[55],"product_cat":[32,31,33],"product_tag":[],"class_list":{"0":"post-2962","1":"product","2":"type-product","3":"status-publish","4":"has-post-thumbnail","6":"product_brand-nike","7":"product_cat-kluby-angielskie","8":"product_cat-kluby-europejskie","9":"product_cat-pozostale-kluby-angielskie","10":"pa_rozmiar-xxl","12":"first","13":"instock","14":"taxable","15":"shipping-taxable","16":"purchasable","17":"product-type-simple","18":"entry","19":"content-bg","20":"loop-entry"},"taxonomy_info":{"product_brand":[{"value":55,"label":"Nike"}],"product_cat":[{"value":32,"label":"Kluby Angielskie"},{"value":31,"label":"Kluby Europejskie"},{"value":33,"label":"Pozosta\u0142e kluby angielskie"}],"pa_rozmiar":[{"value":71,"label":"XXL"}]},"featured_image_src_large":["https:\/\/fts.you2.pl\/wp-content\/uploads\/2025\/09\/Photoroom_030_20250510_214825-1024x1024.png",1024,1024,true],"author_info":[],"comment_info":"","_links":{"self":[{"href":"https:\/\/fts.you2.pl\/de\/wp-json\/wp\/v2\/product\/2962","targetHints":{"allow":["GET"]}}],"collection":[{"href":"https:\/\/fts.you2.pl\/de\/wp-json\/wp\/v2\/product"}],"about":[{"href":"https:\/\/fts.you2.pl\/de\/wp-json\/wp\/v2\/types\/product"}],"wp:featuredmedia":[{"embeddable":true,"href":"https:\/\/fts.you2.pl\/de\/wp-json\/wp\/v2\/media\/13284"}],"wp:attachment":[{"href":"https:\/\/fts.you2.pl\/de\/wp-json\/wp\/v2\/media?parent=2962"}],"wp:term":[{"taxonomy":"product_brand","embeddable":true,"href":"https:\/\/fts.you2.pl\/de\/wp-json\/wp\/v2\/product_brand?post=2962"},{"taxonomy":"product_cat","embeddable":true,"href":"https:\/\/fts.you2.pl\/de\/wp-json\/wp\/v2\/product_cat?post=2962"},{"taxonomy":"product_tag","embeddable":true,"href":"https:\/\/fts.you2.pl\/de\/wp-json\/wp\/v2\/product_tag?post=2962"}],"curies":[{"name":"wp","href":"https:\/\/api.w.org\/{rel}","templated":true}]}}