{"id":2964,"date":"2025-05-11T16:19:31","date_gmt":"2025-05-11T14:19:31","guid":{"rendered":"https:\/\/fts.you2.pl\/index.php\/produkt\/celtic-fc-2011-12-away-xxl\/"},"modified":"2025-09-19T15:48:49","modified_gmt":"2025-09-19T13:48:49","slug":"celtic-fc-2011-12-away-xxl","status":"publish","type":"product","link":"https:\/\/fts.you2.pl\/de\/celtic-fc-2011-12-away-xxl\/","title":{"rendered":"Koszulka pi\u0142karska Celtic FC 2011\/12 Away [XXL]"},"content":{"rendered":"<p><strong>Klub:<\/strong> Celtic FC<\/p>\n<p><strong>Sezon:<\/strong> 2011\/12 Away<\/p>\n<p><strong>Rozmiar: <\/strong>XXL<\/p>\n<p><strong>Stan:<\/strong> Bardzo dobry &#8211; kilka mikro plamek na plecach oraz drobnych zaci\u0105gni\u0119\u0107 na r\u0119kawku.<\/p>\n<p><strong>Wymiary (szeroko\u015b\u0107 pod pachami\/d\u0142ugo\u015b\u0107) w cm: <\/strong>66\/80<\/p>","protected":false},"excerpt":{"rendered":"<p data-start=\"0\" data-end=\"80\"><strong data-start=\"0\" data-end=\"78\">Oryginalna koszulka pi\u0142karska Celtic FC z sezonu 2011\/12 \u2013 produkcji Nike.<\/strong><\/p>\n<p data-start=\"82\" data-end=\"415\">Ta <strong data-start=\"85\" data-end=\"145\">oryginalna wyjazdowa koszulka Celtic FC z sezonu 2011\/12<\/strong>, wyprodukowana przez <strong data-start=\"167\" data-end=\"175\">Nike<\/strong>, to model w nowoczesnym stylu, utrzymany w <strong data-start=\"219\" data-end=\"237\">szarym kolorze<\/strong> z kontrastuj\u0105cymi <strong data-start=\"256\" data-end=\"291\">zielonym ko\u0142nierzem i r\u0119kawkami<\/strong>. Na froncie widnieje logo sponsora <strong data-start=\"327\" data-end=\"340\">Tennent\u2019s<\/strong>, kt\u00f3re w tamtym okresie by\u0142o nierozerwalnie zwi\u0105zane z klubem z Glasgow.<\/p>\n<p data-start=\"417\" data-end=\"756\">Koszulka posiada <strong data-start=\"434\" data-end=\"453\">herb Celticu FC<\/strong> oraz logo <strong data-start=\"464\" data-end=\"472\">Nike<\/strong>, a jej minimalistyczny, a jednocze\u015bnie wyrazisty design wyr\u00f3\u017cnia j\u0105 na tle klasycznych, bia\u0142o-zielonych barw dru\u017cyny. Wykonana z lekkiego, oddychaj\u0105cego materia\u0142u w technologii <strong data-start=\"650\" data-end=\"666\">Nike Dri-FIT<\/strong>, zapewnia\u0142a zawodnikom <strong data-start=\"690\" data-end=\"741\">komfort, odprowadzanie wilgoci i swobod\u0119 ruch\u00f3w<\/strong> podczas gry.<\/p>\n<p data-start=\"758\" data-end=\"1113\">Sezon <strong data-start=\"764\" data-end=\"775\">2011\/12<\/strong> by\u0142 dla Celticu niezwykle udany \u2013 dru\u017cyna prowadzona przez <strong data-start=\"835\" data-end=\"852\">Neila Lennona<\/strong> si\u0119gn\u0119\u0142a po <strong data-start=\"865\" data-end=\"888\">mistrzostwo Szkocji<\/strong>, odzyskuj\u0105c koron\u0119 po kilkuletniej dominacji Rangers. Kluczow\u0105 rol\u0119 w zespole odegrali m.in. <strong data-start=\"982\" data-end=\"1044\">Gary Hooper, Scott Brown, Victor Wanyama czy Ki Sung-yueng<\/strong>, kt\u00f3rzy poprowadzili klub do 43. tytu\u0142u mistrzowskiego w historii.<\/p>\n<p data-start=\"1115\" data-end=\"1343\">Ta koszulka to wyj\u0105tkowa propozycja dla <strong data-start=\"1155\" data-end=\"1205\">kolekcjoner\u00f3w oryginalnych stroj\u00f3w pi\u0142karskich<\/strong> oraz <strong data-start=\"1211\" data-end=\"1228\">fan\u00f3w Celticu<\/strong>, kt\u00f3rzy chc\u0105 posiada\u0107 pami\u0105tk\u0119 z sezonu, w kt\u00f3rym klub rozpocz\u0105\u0142 kolejn\u0105 er\u0119 swojej dominacji w szkockiej pi\u0142ce.<\/p>","protected":false},"featured_media":13300,"template":"","meta":{"_kad_blocks_custom_css":"","_kad_blocks_head_custom_js":"","_kad_blocks_body_custom_js":"","_kad_blocks_footer_custom_js":"","_kad_post_transparent":"","_kad_post_title":"","_kad_post_layout":"","_kad_post_sidebar_id":"","_kad_post_content_style":"","_kad_post_vertical_padding":"","_kad_post_feature":"","_kad_post_feature_position":"","_kad_post_header":false,"_kad_post_footer":false},"product_brand":[55],"product_cat":[50,31,235],"product_tag":[],"class_list":{"0":"post-2964","1":"product","2":"type-product","3":"status-publish","4":"has-post-thumbnail","6":"product_brand-nike","7":"product_cat-kluby-europejskie-kluby-europejskie","8":"product_cat-kluby-europejskie","9":"product_cat-szkocja","10":"pa_rozmiar-xxl","12":"first","13":"instock","14":"taxable","15":"shipping-taxable","16":"purchasable","17":"product-type-simple","18":"entry","19":"content-bg","20":"loop-entry"},"taxonomy_info":{"product_brand":[{"value":55,"label":"Nike"}],"product_cat":[{"value":50,"label":"Kluby Europejskie"},{"value":31,"label":"Kluby Europejskie"},{"value":235,"label":"Szkocja"}],"pa_rozmiar":[{"value":71,"label":"XXL"}]},"featured_image_src_large":["https:\/\/fts.you2.pl\/wp-content\/uploads\/2025\/09\/Photoroom_010_20250510_214825-1024x1024.png",1024,1024,true],"author_info":[],"comment_info":"","_links":{"self":[{"href":"https:\/\/fts.you2.pl\/de\/wp-json\/wp\/v2\/product\/2964","targetHints":{"allow":["GET"]}}],"collection":[{"href":"https:\/\/fts.you2.pl\/de\/wp-json\/wp\/v2\/product"}],"about":[{"href":"https:\/\/fts.you2.pl\/de\/wp-json\/wp\/v2\/types\/product"}],"wp:featuredmedia":[{"embeddable":true,"href":"https:\/\/fts.you2.pl\/de\/wp-json\/wp\/v2\/media\/13300"}],"wp:attachment":[{"href":"https:\/\/fts.you2.pl\/de\/wp-json\/wp\/v2\/media?parent=2964"}],"wp:term":[{"taxonomy":"product_brand","embeddable":true,"href":"https:\/\/fts.you2.pl\/de\/wp-json\/wp\/v2\/product_brand?post=2964"},{"taxonomy":"product_cat","embeddable":true,"href":"https:\/\/fts.you2.pl\/de\/wp-json\/wp\/v2\/product_cat?post=2964"},{"taxonomy":"product_tag","embeddable":true,"href":"https:\/\/fts.you2.pl\/de\/wp-json\/wp\/v2\/product_tag?post=2964"}],"curies":[{"name":"wp","href":"https:\/\/api.w.org\/{rel}","templated":true}]}}