{"id":2979,"date":"2025-05-11T16:19:47","date_gmt":"2025-05-11T14:19:47","guid":{"rendered":"https:\/\/fts.you2.pl\/index.php\/produkt\/red-bull-salzburg-2007-09-home-xl\/"},"modified":"2025-09-19T15:55:14","modified_gmt":"2025-09-19T13:55:14","slug":"red-bull-salzburg-2007-09-home-xl","status":"publish","type":"product","link":"https:\/\/fts.you2.pl\/de\/red-bull-salzburg-2007-09-home-xl\/","title":{"rendered":"Koszulka pi\u0142karska Red Bull Salzburg 2007\/09 Home [XL]"},"content":{"rendered":"<p><strong>Klub:<\/strong> Red Bull Salzburg<\/p>\n<p><strong>Sezon:<\/strong> 2007\/09 Home<\/p>\n<p><strong>Rozmiar: <\/strong>XL<\/p>\n<p><strong>Stan:<\/strong> Bardzo dobry &#8211; kilka mikro plamek na r\u0119kawku.<\/p>\n<p><strong>Wymiary (szeroko\u015b\u0107 pod pachami\/d\u0142ugo\u015b\u0107) w cm: <\/strong>56\/73(prz\u00f3d), 80(ty\u0142)<\/p>","protected":false},"excerpt":{"rendered":"<p data-start=\"0\" data-end=\"94\"><strong data-start=\"0\" data-end=\"94\">Oryginalna domowa koszulka pi\u0142karska Red Bull Salzburg z sezonu 2007\/08 produkcji Adidasa.<\/strong><\/p>\n<p data-start=\"96\" data-end=\"509\">Ta <strong data-start=\"99\" data-end=\"139\">oryginalna domowa koszulka pi\u0142karska<\/strong> Red Bull Salzburg z sezonu 2007\/08, wyprodukowana przez <strong data-start=\"196\" data-end=\"207\">Adidasa<\/strong>, to klasyczny model, kt\u00f3ry sta\u0142 si\u0119 cz\u0119\u015bci\u0105 historii austriackiego futbolu. Koszulka ta wyr\u00f3\u017cnia si\u0119 prostym, ale eleganckim designem, kt\u00f3ry odzwierciedla sportow\u0105 estetyk\u0119 klubu, kt\u00f3ry w tamtym czasie walczy\u0142 o dominacj\u0119 w <strong data-start=\"432\" data-end=\"454\">Austria Bundesliga<\/strong> oraz stawia\u0142 pierwsze kroki na mi\u0119dzynarodowej scenie.<\/p>\n<p data-start=\"511\" data-end=\"956\">Koszulka utrzymana jest w charakterystycznym dla Red Bull Salzburg\u00a0<strong>bia\u0142ym<\/strong> kolorze, z czerwonymi akcentami na r\u0119kawach i ko\u0142nierzyku, co nadaje jej \u015bwie\u017cego i nowoczesnego wygl\u0105du. Na piersi znajduje si\u0119 <strong data-start=\"718\" data-end=\"744\">herb Red Bull Salzburg<\/strong>, kt\u00f3ry symbolizuje przynale\u017cno\u015b\u0107 do klubu, oraz <strong data-start=\"793\" data-end=\"809\">logo Adidasa<\/strong> w centralnej cz\u0119\u015bci frontu, co zapewnia autentyczno\u015b\u0107 produktu. G\u0142\u00f3wnym punktem koszulki jest typowy dla klub\u00f3w spod marki<strong> Red Bull<\/strong> motyw dw\u00f3ch czerwonych byk\u00f3w zderzaj\u0105cych si\u0119 ze sob\u0105 g\u0142owami, z \u017c\u00f3\u0142tym t\u0142em.<\/p>\n<p data-start=\"958\" data-end=\"1236\">Koszulka zosta\u0142a wykonana z lekkiego materia\u0142u, kt\u00f3ry zapewnia <strong data-start=\"1021\" data-end=\"1032\">komfort<\/strong> i <strong data-start=\"1035\" data-end=\"1051\">oddychalno\u015b\u0107<\/strong>, a tak\u017ce zapewnia swobod\u0119 ruch\u00f3w podczas gry. Dzi\u0119ki technologii <strong data-start=\"1117\" data-end=\"1130\">Climacool<\/strong> koszulka efektywnie odprowadza wilgo\u0107, co zapewnia komfort nawet podczas najbardziej intensywnych mecz\u00f3w.<\/p>\n<p data-start=\"1238\" data-end=\"1633\">Sezon 2007\/08 by\u0142 jednym z wa\u017cniejszych w historii Red Bull Salzburg, kiedy dru\u017cyna rywalizowa\u0142a o tytu\u0142 mistrza Austrii oraz pr\u00f3bowa\u0142a swoich si\u0142 w europejskich pucharach, stawiaj\u0105c pierwsze kroki na mi\u0119dzynarodowej scenie. W dru\u017cynie grali tacy zawodnicy jak <strong data-start=\"1499\" data-end=\"1513\">Marc Janko<\/strong>, <strong data-start=\"1515\" data-end=\"1535\">Jonathan Soriano<\/strong>, czy <strong data-start=\"1541\" data-end=\"1563\">Andreas Ivanschitz<\/strong>, kt\u00f3rzy stanowili o sile zespo\u0142u i przyczynili si\u0119 do sukces\u00f3w klubu.<\/p>\n<p data-start=\"1635\" data-end=\"1981\" data-is-last-node=\"\" data-is-only-node=\"\">Dla <strong data-start=\"1639\" data-end=\"1666\">fan\u00f3w Red Bull Salzburg<\/strong>, <strong data-start=\"1668\" data-end=\"1679\">kibic\u00f3w<\/strong> austriackiego futbolu oraz <strong data-start=\"1707\" data-end=\"1745\">kolekcjoner\u00f3w koszulek pi\u0142karskich<\/strong>, ta koszulka jest doskona\u0142\u0105 pozycj\u0105 w zbiorach. <strong data-start=\"1794\" data-end=\"1808\">Oryginalna<\/strong>, <strong data-start=\"1810\" data-end=\"1825\">autentyczna<\/strong> i pe\u0142na historii \u2013 to idealny wyb\u00f3r do kolekcji lub jako wyj\u0105tkowy element garderoby, kt\u00f3ry przypomina o jednym z wa\u017cniejszych rozdzia\u0142\u00f3w w historii klubu.<\/p>","protected":false},"featured_media":13419,"template":"","meta":{"_kad_blocks_custom_css":"","_kad_blocks_head_custom_js":"","_kad_blocks_body_custom_js":"","_kad_blocks_footer_custom_js":"","_kad_post_transparent":"","_kad_post_title":"","_kad_post_layout":"","_kad_post_sidebar_id":"","_kad_post_content_style":"","_kad_post_vertical_padding":"","_kad_post_feature":"","_kad_post_feature_position":"","_kad_post_header":false,"_kad_post_footer":false},"product_brand":[45],"product_cat":[104,50,31],"product_tag":[],"class_list":{"0":"post-2979","1":"product","2":"type-product","3":"status-publish","4":"has-post-thumbnail","6":"product_brand-adidas","7":"product_cat-austria-i-szwajcaria","8":"product_cat-kluby-europejskie-kluby-europejskie","9":"product_cat-kluby-europejskie","10":"pa_rozmiar-xl","12":"first","13":"instock","14":"taxable","15":"shipping-taxable","16":"purchasable","17":"product-type-simple","18":"entry","19":"content-bg","20":"loop-entry"},"taxonomy_info":{"product_brand":[{"value":45,"label":"Adidas"}],"product_cat":[{"value":104,"label":"Austria i Szwajcaria"},{"value":50,"label":"Kluby Europejskie"},{"value":31,"label":"Kluby Europejskie"}],"pa_rozmiar":[{"value":57,"label":"XL"}]},"featured_image_src_large":["https:\/\/fts.you2.pl\/wp-content\/uploads\/2025\/09\/Photoroom_018_20250510_214825-1024x1024.png",1024,1024,true],"author_info":[],"comment_info":"","_links":{"self":[{"href":"https:\/\/fts.you2.pl\/de\/wp-json\/wp\/v2\/product\/2979","targetHints":{"allow":["GET"]}}],"collection":[{"href":"https:\/\/fts.you2.pl\/de\/wp-json\/wp\/v2\/product"}],"about":[{"href":"https:\/\/fts.you2.pl\/de\/wp-json\/wp\/v2\/types\/product"}],"wp:featuredmedia":[{"embeddable":true,"href":"https:\/\/fts.you2.pl\/de\/wp-json\/wp\/v2\/media\/13419"}],"wp:attachment":[{"href":"https:\/\/fts.you2.pl\/de\/wp-json\/wp\/v2\/media?parent=2979"}],"wp:term":[{"taxonomy":"product_brand","embeddable":true,"href":"https:\/\/fts.you2.pl\/de\/wp-json\/wp\/v2\/product_brand?post=2979"},{"taxonomy":"product_cat","embeddable":true,"href":"https:\/\/fts.you2.pl\/de\/wp-json\/wp\/v2\/product_cat?post=2979"},{"taxonomy":"product_tag","embeddable":true,"href":"https:\/\/fts.you2.pl\/de\/wp-json\/wp\/v2\/product_tag?post=2979"}],"curies":[{"name":"wp","href":"https:\/\/api.w.org\/{rel}","templated":true}]}}