{"id":2980,"date":"2025-05-11T16:19:46","date_gmt":"2025-05-11T14:19:46","guid":{"rendered":"https:\/\/fts.you2.pl\/index.php\/produkt\/slowacja-2016-17-away-l\/"},"modified":"2025-09-19T15:55:36","modified_gmt":"2025-09-19T13:55:36","slug":"slowacja-2016-17-away-l","status":"publish","type":"product","link":"https:\/\/fts.you2.pl\/de\/slowacja-2016-17-away-l\/","title":{"rendered":"Koszulka pi\u0142karska S\u0142owacja 2016\/17 Away [L]"},"content":{"rendered":"<p><strong>Klub:<\/strong> S\u0142owacja<\/p>\n<p><strong>Sezon:<\/strong> 2016\/17 Away<\/p>\n<p><strong>Rozmiar: <\/strong>L<\/p>\n<p><strong>Stan:<\/strong> Doskona\u0142y<\/p>\n<p><strong>Wymiary (szeroko\u015b\u0107 pod pachami\/d\u0142ugo\u015b\u0107) w cm: <\/strong>56\/74<\/p>","protected":false},"excerpt":{"rendered":"<p data-start=\"0\" data-end=\"96\"><strong data-start=\"0\" data-end=\"96\">Oryginalna domowa koszulka pi\u0142karska reprezentacji S\u0142owacji z sezonu 2016\/17 produkcji Nike.<\/strong><\/p>\n<p data-start=\"98\" data-end=\"494\">Ta <strong data-start=\"101\" data-end=\"141\">oryginalna domowa koszulka pi\u0142karska<\/strong> reprezentacji S\u0142owacji z sezonu 2016\/17, wyprodukowana przez <strong data-start=\"203\" data-end=\"211\">Nike<\/strong>, to elegancki i nowoczesny model, kt\u00f3ry \u0142\u0105czy klasyczny design z nowoczesn\u0105 technologi\u0105. Koszulka jest utrzymana w <strong data-start=\"327\" data-end=\"337\">niebieskim<\/strong> kolorze, z <b>bia\u0142ymi<\/b>\u00a0akcentami, kt\u00f3re nawi\u0105zuj\u0105 do narodowych barw S\u0142owacji, tworz\u0105c efektowny kontrast i podkre\u015blaj\u0105c dum\u0119 narodow\u0105.<\/p>\n<p data-start=\"496\" data-end=\"895\">Na piersi znajduje si\u0119 prasowany<strong data-start=\"519\" data-end=\"546\">\u00a0herb S\u0142owacji<\/strong>, kt\u00f3ry reprezentuje bogat\u0105 histori\u0119 i tradycj\u0119 tego kraju, a tak\u017ce <strong data-start=\"614\" data-end=\"627\">logo Nike<\/strong> na ramieniu, co stanowi gwarancj\u0119 jako\u015bci produktu i znak federacji.<\/p>\n<p data-start=\"897\" data-end=\"1171\">Koszulka zosta\u0142a wykonana z lekkiego, oddychaj\u0105cego materia\u0142u, kt\u00f3ry zapewnia <strong data-start=\"975\" data-end=\"986\">komfort<\/strong> i <strong data-start=\"989\" data-end=\"1005\">oddychalno\u015b\u0107<\/strong>, dzi\u0119ki technologii <strong data-start=\"1026\" data-end=\"1037\">Dri-FIT<\/strong>. Materia\u0142 skutecznie odprowadza wilgo\u0107, co zapewnia wygod\u0119 w trakcie intensywnych zmaga\u0144 na boisku, a tak\u017ce w codziennym u\u017cytkowaniu.<\/p>\n<p data-start=\"1173\" data-end=\"1553\">Sezon 2016\/17 to czas, kiedy reprezentacja S\u0142owacji walczy\u0142a o awans do <strong data-start=\"1245\" data-end=\"1271\">Mistrzostw \u015awiata 2018<\/strong> w Rosji, a dru\u017cyna by\u0142a pe\u0142na zawodnik\u00f3w takich jak <strong data-start=\"1324\" data-end=\"1340\">Marek Hamsik<\/strong>, <strong data-start=\"1342\" data-end=\"1357\">Juraj Kucka<\/strong> czy <strong data-start=\"1362\" data-end=\"1379\">Martin Skrtel<\/strong>, kt\u00f3rzy stanowili fundament dru\u017cyny narodowej. Koszulka ta jest cz\u0119\u015bci\u0105 okresu, w kt\u00f3rym S\u0142owacy stawiali czo\u0142a wymagaj\u0105cym rywalom, staraj\u0105c si\u0119 powr\u00f3ci\u0107 na \u015bwiatow\u0105 scen\u0119.<\/p>\n<p data-start=\"1555\" data-end=\"1900\" data-is-last-node=\"\" data-is-only-node=\"\">Dla <strong data-start=\"1559\" data-end=\"1591\">fan\u00f3w reprezentacji S\u0142owacji<\/strong>, <strong data-start=\"1593\" data-end=\"1604\">kibic\u00f3w<\/strong> pi\u0142ki no\u017cnej oraz <strong data-start=\"1623\" data-end=\"1661\">kolekcjoner\u00f3w koszulek pi\u0142karskich<\/strong>, ta koszulka jest doskona\u0142\u0105 propozycj\u0105 do kolekcji. <strong data-start=\"1714\" data-end=\"1728\">Oryginalna<\/strong>, <strong data-start=\"1730\" data-end=\"1745\">autentyczna<\/strong> i pe\u0142na narodowej dumy \u2013 to idealny wyb\u00f3r do kolekcji lub jako wyj\u0105tkowy element garderoby, kt\u00f3ry przypomina o pi\u0119knych chwilach reprezentacyjnych zmaga\u0144.<\/p>","protected":false},"featured_media":13426,"template":"","meta":{"_kad_blocks_custom_css":"","_kad_blocks_head_custom_js":"","_kad_blocks_body_custom_js":"","_kad_blocks_footer_custom_js":"","_kad_post_transparent":"","_kad_post_title":"","_kad_post_layout":"","_kad_post_sidebar_id":"","_kad_post_content_style":"","_kad_post_vertical_padding":"","_kad_post_feature":"","_kad_post_feature_position":"","_kad_post_header":false,"_kad_post_footer":false},"product_brand":[55],"product_cat":[23,114,22],"product_tag":[],"class_list":{"0":"post-2980","1":"product","2":"type-product","3":"status-publish","4":"has-post-thumbnail","6":"product_brand-nike","7":"product_cat-europa","8":"product_cat-pozostale","9":"product_cat-reprezentacje","10":"pa_rozmiar-l","12":"first","13":"instock","14":"taxable","15":"shipping-taxable","16":"purchasable","17":"product-type-simple","18":"entry","19":"content-bg","20":"loop-entry"},"taxonomy_info":{"product_brand":[{"value":55,"label":"Nike"}],"product_cat":[{"value":23,"label":"Europa"},{"value":114,"label":"Pozosta\u0142e"},{"value":22,"label":"REPREZENTACJE"}],"pa_rozmiar":[{"value":39,"label":"L"}]},"featured_image_src_large":["https:\/\/fts.you2.pl\/wp-content\/uploads\/2025\/09\/Photoroom_006_20250510_214825-1-1024x1024.png",1024,1024,true],"author_info":[],"comment_info":"","_links":{"self":[{"href":"https:\/\/fts.you2.pl\/de\/wp-json\/wp\/v2\/product\/2980","targetHints":{"allow":["GET"]}}],"collection":[{"href":"https:\/\/fts.you2.pl\/de\/wp-json\/wp\/v2\/product"}],"about":[{"href":"https:\/\/fts.you2.pl\/de\/wp-json\/wp\/v2\/types\/product"}],"wp:featuredmedia":[{"embeddable":true,"href":"https:\/\/fts.you2.pl\/de\/wp-json\/wp\/v2\/media\/13426"}],"wp:attachment":[{"href":"https:\/\/fts.you2.pl\/de\/wp-json\/wp\/v2\/media?parent=2980"}],"wp:term":[{"taxonomy":"product_brand","embeddable":true,"href":"https:\/\/fts.you2.pl\/de\/wp-json\/wp\/v2\/product_brand?post=2980"},{"taxonomy":"product_cat","embeddable":true,"href":"https:\/\/fts.you2.pl\/de\/wp-json\/wp\/v2\/product_cat?post=2980"},{"taxonomy":"product_tag","embeddable":true,"href":"https:\/\/fts.you2.pl\/de\/wp-json\/wp\/v2\/product_tag?post=2980"}],"curies":[{"name":"wp","href":"https:\/\/api.w.org\/{rel}","templated":true}]}}