{"id":2988,"date":"2025-05-25T15:27:06","date_gmt":"2025-05-25T13:27:06","guid":{"rendered":"https:\/\/fts.you2.pl\/index.php\/produkt\/brazylia-2002-04-home-9-l\/"},"modified":"2025-09-19T15:58:48","modified_gmt":"2025-09-19T13:58:48","slug":"brazylia-2002-04-home-9-l","status":"publish","type":"product","link":"https:\/\/fts.you2.pl\/de\/brazylia-2002-04-home-9-l\/","title":{"rendered":"Koszulka pi\u0142karska Brazylia 2002\/04 Home 9 [L]"},"content":{"rendered":"<p><strong>Klub:<\/strong> Brazylia<\/p>\n<p><strong>Sezon:<\/strong> 2002\/04 Home<\/p>\n<p><strong>Rozmiar: <\/strong>L<\/p>\n<p><strong>Stan:<\/strong> Bardzo dobry &#8211; jedno mikro zaci\u0105gni\u0119cie na froncie oraz zdarta nalepka producenta.<\/p>\n<p><strong>Wymiary (szeroko\u015b\u0107 pod pachami\/d\u0142ugo\u015b\u0107) w cm: <\/strong>58\/71<\/p>","protected":false},"excerpt":{"rendered":"<p data-start=\"0\" data-end=\"121\"><strong data-start=\"0\" data-end=\"119\">Oryginalna koszulka pi\u0142karska reprezentacji Brazylii z lat 2002\u20132004 w wersji domowej z numerem 9 \u2013 produkcji Nike.<\/strong><\/p>\n<p data-start=\"123\" data-end=\"689\">Ta <strong data-start=\"126\" data-end=\"179\">oryginalna domowa koszulka reprezentacji Brazylii<\/strong> z lat <strong data-start=\"186\" data-end=\"199\">2002\u20132004<\/strong> to kultowy model wyprodukowany przez <strong data-start=\"237\" data-end=\"245\">Nike<\/strong>, kt\u00f3ry towarzyszy\u0142 \u201eCanarinhos\u201d podczas jednego z najbardziej pami\u0119tnych okres\u00f3w w historii brazylijskiego futbolu. Utrzymana w klasycznym, <strong data-start=\"386\" data-end=\"416\">intensywnie \u017c\u00f3\u0142tym kolorze<\/strong> z zielonymi wstawkami na r\u0119kawach i ko\u0142nierzyku, koszulka odzwierciedla ikoniczne barwy narodowe Brazylii. Na plecach widnieje <strong data-start=\"544\" data-end=\"555\">numer 9<\/strong>, kt\u00f3ry w tamtym okresie nosi\u0142 sam <strong data-start=\"590\" data-end=\"622\">Ronaldo Lu\u00eds Naz\u00e1rio de Lima<\/strong> \u2013 legenda \u015bwiatowego futbolu i bohater mundialu w Korei i Japonii.<\/p>\n<p data-start=\"691\" data-end=\"1194\">Koszulka zosta\u0142a wykonana z lekkiego, przewiewnego materia\u0142u z zastosowaniem technologii <strong data-start=\"780\" data-end=\"796\">Nike Dri-FIT<\/strong>, gwarantuj\u0105cej wysoki komfort u\u017cytkowania zar\u00f3wno na boisku, jak i na co dzie\u0144. Na piersi znajduje si\u0119 <strong data-start=\"900\" data-end=\"959\">haftowany herb CBF (Confedera\u00e7\u00e3o Brasileira de Futebol)<\/strong> z pi\u0119cioma gwiazdkami symbolizuj\u0105cymi mistrzostwa \u015bwiata, a obok \u2013 charakterystyczne logo Nike. Kr\u00f3j koszulki odzwierciedla styl pocz\u0105tku lat 2000 \u2013 lekko opadaj\u0105ce r\u0119kawy, p\u00f3\u0142okr\u0105g\u0142y ko\u0142nierz i nowoczesna jak na swoje czasy sylwetka.<\/p>\n<p data-start=\"1196\" data-end=\"1571\">Model ten by\u0142 u\u017cywany podczas <strong data-start=\"1226\" data-end=\"1252\">Mistrzostw \u015awiata 2002<\/strong>, gdzie Brazylia pod wodz\u0105 Luiza Felipe Scolariego si\u0119gn\u0119\u0142a po <strong data-start=\"1315\" data-end=\"1342\">pi\u0105ty tytu\u0142 mistrzowski<\/strong>, pokonuj\u0105c Niemcy w finale 2:0. Ronaldo, graj\u0105cy z numerem 9, zdoby\u0142 <strong data-start=\"1412\" data-end=\"1424\">8 bramek<\/strong> w turnieju i zosta\u0142 <strong data-start=\"1445\" data-end=\"1465\">kr\u00f3lem strzelc\u00f3w<\/strong>, a jego wyst\u0119p w finale \u2013 dwa gole przeciwko Oliverowi Kahnowi \u2013 zapisa\u0142 si\u0119 na sta\u0142e w historii futbolu.<\/p>\n<p data-start=\"1573\" data-end=\"1870\">Koszulka z tym numerem i z tego okresu to <strong data-start=\"1615\" data-end=\"1664\">symbol z\u0142otej ery brazylijskiej reprezentacji<\/strong>, kt\u00f3ra zachwyca\u0142a ofensywnym stylem gry, technik\u0105 i niepowtarzalnym luzem na boisku. Dla wielu kibic\u00f3w to w\u0142a\u015bnie ta wersja domowej koszulki reprezentacji Brazylii jest najbardziej rozpoznawalna i kultowa.<\/p>\n<p data-start=\"1872\" data-end=\"2237\" data-is-last-node=\"\" data-is-only-node=\"\">To doskona\u0142y egzemplarz dla <strong data-start=\"1900\" data-end=\"1940\">kolekcjoner\u00f3w historycznych koszulek<\/strong>, fan\u00f3w <strong data-start=\"1948\" data-end=\"1974\">reprezentacji Brazylii<\/strong>, a przede wszystkim mi\u0142o\u015bnik\u00f3w talentu <strong data-start=\"2014\" data-end=\"2033\">Ronaldo Naz\u00e1rio<\/strong>. Koszulka \u0142\u0105czy w sobie <strong data-start=\"2058\" data-end=\"2140\">legendarny design, niezapomniane osi\u0105gni\u0119cia i autentyczny pi\u0142karski charakter<\/strong> \u2013 idealna do kolekcji lub jako pami\u0105tka jednego z najwi\u0119kszych mundialowych triumf\u00f3w w historii.<\/p>","protected":false},"featured_media":13487,"template":"","meta":{"_kad_blocks_custom_css":"","_kad_blocks_head_custom_js":"","_kad_blocks_body_custom_js":"","_kad_blocks_footer_custom_js":"","_kad_post_transparent":"","_kad_post_title":"","_kad_post_layout":"","_kad_post_sidebar_id":"","_kad_post_content_style":"","_kad_post_vertical_padding":"","_kad_post_feature":"","_kad_post_feature_position":"","_kad_post_header":false,"_kad_post_footer":false},"product_brand":[55],"product_cat":[77,78,22],"product_tag":[],"class_list":{"0":"post-2988","1":"product","2":"type-product","3":"status-publish","4":"has-post-thumbnail","6":"product_brand-nike","7":"product_cat-ameryka-poludniowa-reprezentacje","8":"product_cat-brazylia","9":"product_cat-reprezentacje","10":"pa_rozmiar-l","12":"first","13":"instock","14":"taxable","15":"shipping-taxable","16":"purchasable","17":"product-type-simple","18":"entry","19":"content-bg","20":"loop-entry"},"taxonomy_info":{"product_brand":[{"value":55,"label":"Nike"}],"product_cat":[{"value":77,"label":"Ameryka Po\u0142udniowa"},{"value":78,"label":"Brazylia"},{"value":22,"label":"REPREZENTACJE"}],"pa_rozmiar":[{"value":39,"label":"L"}]},"featured_image_src_large":["https:\/\/fts.you2.pl\/wp-content\/uploads\/2025\/09\/Photoroom_004_20250521_104552-1024x1024.png",1024,1024,true],"author_info":[],"comment_info":"","_links":{"self":[{"href":"https:\/\/fts.you2.pl\/de\/wp-json\/wp\/v2\/product\/2988","targetHints":{"allow":["GET"]}}],"collection":[{"href":"https:\/\/fts.you2.pl\/de\/wp-json\/wp\/v2\/product"}],"about":[{"href":"https:\/\/fts.you2.pl\/de\/wp-json\/wp\/v2\/types\/product"}],"wp:featuredmedia":[{"embeddable":true,"href":"https:\/\/fts.you2.pl\/de\/wp-json\/wp\/v2\/media\/13487"}],"wp:attachment":[{"href":"https:\/\/fts.you2.pl\/de\/wp-json\/wp\/v2\/media?parent=2988"}],"wp:term":[{"taxonomy":"product_brand","embeddable":true,"href":"https:\/\/fts.you2.pl\/de\/wp-json\/wp\/v2\/product_brand?post=2988"},{"taxonomy":"product_cat","embeddable":true,"href":"https:\/\/fts.you2.pl\/de\/wp-json\/wp\/v2\/product_cat?post=2988"},{"taxonomy":"product_tag","embeddable":true,"href":"https:\/\/fts.you2.pl\/de\/wp-json\/wp\/v2\/product_tag?post=2988"}],"curies":[{"name":"wp","href":"https:\/\/api.w.org\/{rel}","templated":true}]}}