{"id":3001,"date":"2025-05-25T15:26:53","date_gmt":"2025-05-25T13:26:53","guid":{"rendered":"https:\/\/fts.you2.pl\/index.php\/produkt\/psg-2010-11-home-l\/"},"modified":"2025-09-19T16:04:10","modified_gmt":"2025-09-19T14:04:10","slug":"psg-2010-11-home-l","status":"publish","type":"product","link":"https:\/\/fts.you2.pl\/de\/psg-2010-11-home-l\/","title":{"rendered":"Koszulka pi\u0142karska PSG 2010\/11 Home [L]"},"content":{"rendered":"<p><strong>Klub:<\/strong> PSG<\/p>\n<p><strong>Sezon:<\/strong> 2010\/11 Home<\/p>\n<p><strong>Rozmiar: <\/strong>L<\/p>\n<p><strong>Stan:<\/strong> Bardzo dobry &#8211; nieznacznie uszkodzony nadruk sponsora na froncie.<\/p>\n<p><strong>Wymiary (szeroko\u015b\u0107 pod pachami\/d\u0142ugo\u015b\u0107) w cm: <\/strong>52\/71<\/p>","protected":false},"excerpt":{"rendered":"<p data-start=\"0\" data-end=\"83\"><strong data-start=\"0\" data-end=\"83\">Oryginalna domowa koszulka Paris Saint-Germain z sezonu 2010\/11 produkcji Nike.<\/strong><\/p>\n<p data-start=\"85\" data-end=\"448\">Ta <strong data-start=\"88\" data-end=\"128\">oryginalna domowa koszulka pi\u0142karska<\/strong> Paris Saint-Germain z sezonu 2010\/11, wyprodukowana przez <strong data-start=\"187\" data-end=\"195\">Nike<\/strong>, to elegancki i ponadczasowy model, kt\u00f3ry idealnie odzwierciedla tradycj\u0119 jednego z najwi\u0119kszych francuskich klub\u00f3w pi\u0142karskich. By\u0142 to wa\u017cny okres w historii PSG, kt\u00f3ry wprowadza\u0142 dru\u017cyn\u0119 na now\u0105 drog\u0119 rozwoju, zanim zesp\u00f3\u0142 sta\u0142 si\u0119 europejsk\u0105 pot\u0119g\u0105.<\/p>\n<p data-start=\"450\" data-end=\"798\">Koszulka utrzymana jest w klasycznych barwach klubu \u2013 <strong data-start=\"504\" data-end=\"518\">granatowym<\/strong> i <strong data-start=\"521\" data-end=\"534\">czerwonym<\/strong>, z wyrazistym pionowym pasem w kolorze czerwonym, biegn\u0105cym przez ca\u0142\u0105 d\u0142ugo\u015b\u0107 koszulki, z bia\u0142\u0105 obw\u00f3dk\u0105. Na piersi znajduje si\u0119 <strong data-start=\"647\" data-end=\"685\">haftowany herb Paris Saint-Germain<\/strong>, a tak\u017ce logo <strong data-start=\"700\" data-end=\"708\">Nike<\/strong> oraz sponsor g\u0142\u00f3wny \u2013 <strong data-start=\"731\" data-end=\"747\">Fly Emirates<\/strong>, co jest charakterystycznym elementem tego okresu.<\/p>\n<p data-start=\"800\" data-end=\"1038\">Koszulka wykonana jest z lekkiego materia\u0142u, kt\u00f3ry zapewnia <strong data-start=\"860\" data-end=\"871\">komfort<\/strong> i <strong data-start=\"874\" data-end=\"890\">oddychalno\u015b\u0107<\/strong>, dzi\u0119ki technologii <strong data-start=\"911\" data-end=\"922\">Dri-FIT<\/strong>. Zapewnia to wygod\u0119 podczas intensywnych mecz\u00f3w, a tak\u017ce sprawia, \u017ce koszulka jest idealna do codziennego noszenia.<\/p>\n<p data-start=\"1040\" data-end=\"1451\">Sezon 2010\/11 to czas, kiedy PSG wkracza\u0142o w now\u0105 er\u0119 po przej\u0119ciu przez inwestor\u00f3w z Kataru. Klub w tym czasie zacz\u0105\u0142 budowa\u0107 fundamenty swojej przysz\u0142ej dominacji na francuskiej i europejskiej scenie pi\u0142karskiej. Na boisku pojawiali si\u0119 gracze tacy jak <strong data-start=\"1295\" data-end=\"1303\">Nene<\/strong>, <strong data-start=\"1305\" data-end=\"1321\">J\u00e9r\u00e9my M\u00e9nez<\/strong>, czy <strong data-start=\"1327\" data-end=\"1344\">Mevl\u00fct Erdin\u00e7<\/strong>, kt\u00f3rzy stanowili o sile dru\u017cyny, cho\u0107 jeszcze przed wielkim prze\u0142omem, kt\u00f3ry nast\u0105pi\u0142 w kolejnych latach.<\/p>\n<p data-start=\"1453\" data-end=\"1820\" data-is-last-node=\"\" data-is-only-node=\"\">Dla <strong data-start=\"1457\" data-end=\"1486\">fan\u00f3w Paris Saint-Germain<\/strong>, <strong data-start=\"1488\" data-end=\"1499\">kibic\u00f3w<\/strong> francuskiej pi\u0142ki no\u017cnej oraz <strong data-start=\"1530\" data-end=\"1568\">kolekcjoner\u00f3w koszulek pi\u0142karskich<\/strong>, ta koszulka jest cennym elementem, kt\u00f3ry przypomina o pocz\u0105tkach wsp\u00f3\u0142czesnej pot\u0119gi PSG. <strong data-start=\"1660\" data-end=\"1674\">Oryginalna<\/strong>, <strong data-start=\"1676\" data-end=\"1691\">autentyczna<\/strong> i pe\u0142na symboliki \u2013 to idealny wyb\u00f3r dla ka\u017cdego, kto pragnie doda\u0107 do swojej kolekcji kawa\u0142ek historii tego legendarnego klubu.<\/p>","protected":false},"featured_media":13585,"template":"","meta":{"_kad_blocks_custom_css":"","_kad_blocks_head_custom_js":"","_kad_blocks_body_custom_js":"","_kad_blocks_footer_custom_js":"","_kad_post_transparent":"","_kad_post_title":"","_kad_post_layout":"","_kad_post_sidebar_id":"","_kad_post_content_style":"","_kad_post_vertical_padding":"","_kad_post_feature":"","_kad_post_feature_position":"","_kad_post_header":false,"_kad_post_footer":false},"product_brand":[55],"product_cat":[31,129,210],"product_tag":[],"class_list":{"0":"post-3001","1":"product","2":"type-product","3":"status-publish","4":"has-post-thumbnail","6":"product_brand-nike","7":"product_cat-kluby-europejskie","8":"product_cat-kluby-francuskie","9":"product_cat-paris-saint-germain","10":"pa_rozmiar-l","12":"first","13":"instock","14":"taxable","15":"shipping-taxable","16":"purchasable","17":"product-type-simple","18":"entry","19":"content-bg","20":"loop-entry"},"taxonomy_info":{"product_brand":[{"value":55,"label":"Nike"}],"product_cat":[{"value":31,"label":"Kluby Europejskie"},{"value":129,"label":"Kluby Francuskie"},{"value":210,"label":"Paris Saint Germain"}],"pa_rozmiar":[{"value":39,"label":"L"}]},"featured_image_src_large":["https:\/\/fts.you2.pl\/wp-content\/uploads\/2025\/09\/Photoroom_006_20250521_104552-1024x1024.png",1024,1024,true],"author_info":[],"comment_info":"","_links":{"self":[{"href":"https:\/\/fts.you2.pl\/de\/wp-json\/wp\/v2\/product\/3001","targetHints":{"allow":["GET"]}}],"collection":[{"href":"https:\/\/fts.you2.pl\/de\/wp-json\/wp\/v2\/product"}],"about":[{"href":"https:\/\/fts.you2.pl\/de\/wp-json\/wp\/v2\/types\/product"}],"wp:featuredmedia":[{"embeddable":true,"href":"https:\/\/fts.you2.pl\/de\/wp-json\/wp\/v2\/media\/13585"}],"wp:attachment":[{"href":"https:\/\/fts.you2.pl\/de\/wp-json\/wp\/v2\/media?parent=3001"}],"wp:term":[{"taxonomy":"product_brand","embeddable":true,"href":"https:\/\/fts.you2.pl\/de\/wp-json\/wp\/v2\/product_brand?post=3001"},{"taxonomy":"product_cat","embeddable":true,"href":"https:\/\/fts.you2.pl\/de\/wp-json\/wp\/v2\/product_cat?post=3001"},{"taxonomy":"product_tag","embeddable":true,"href":"https:\/\/fts.you2.pl\/de\/wp-json\/wp\/v2\/product_tag?post=3001"}],"curies":[{"name":"wp","href":"https:\/\/api.w.org\/{rel}","templated":true}]}}