{"id":3004,"date":"2025-05-25T15:27:14","date_gmt":"2025-05-25T13:27:14","guid":{"rendered":"https:\/\/fts.you2.pl\/index.php\/produkt\/rot-weiss-oberhausen-2002-03-home-xl\/"},"modified":"2025-09-19T16:05:19","modified_gmt":"2025-09-19T14:05:19","slug":"rot-weiss-oberhausen-2002-03-home-xl","status":"publish","type":"product","link":"https:\/\/fts.you2.pl\/de\/rot-weiss-oberhausen-2002-03-home-xl\/","title":{"rendered":"Koszulka pi\u0142karska Rot Weiss Oberhausen 2002\/03 Home [XL]"},"content":{"rendered":"<p><strong>Klub:<\/strong> Rot Weiss Oberhausen<\/p>\n<p><strong>Sezon:<\/strong> 2002\/03 Home<\/p>\n<p><strong>Rozmiar: <\/strong>XL<\/p>\n<p><strong>Stan:<\/strong> Bardzo dobry &#8211; dwa mikro zaci\u0105gni\u0119cia.<\/p>\n<p><strong>Wymiary (szeroko\u015b\u0107 pod pachami\/d\u0142ugo\u015b\u0107) w cm: <\/strong>56\/72<\/p>","protected":false},"excerpt":{"rendered":"<p data-start=\"0\" data-end=\"108\"><strong data-start=\"0\" data-end=\"108\">Oryginalna koszulka pi\u0142karska Rot Weiss Oberhausen z sezonu 2002\/03 w wersji domowej produkcji Uhlsport.<\/strong><\/p>\n<p data-start=\"110\" data-end=\"525\">Ta oryginalna koszulka pi\u0142karska<strong> Rot Weiss Oberhausen<\/strong> z sezonu <strong>2002\/03<\/strong> to prawdziwa pere\u0142ka z pocz\u0105tk\u00f3w XXI wieku, kt\u00f3ra przenosi nas do czas\u00f3w intensywnej rywalizacji w<strong> 2. Bundeslidze<\/strong>. Wykonana przez niemieck\u0105 firm\u0119<strong> Uhlsport<\/strong>, domowa wersja stroju utrzymana jest w tradycyjnych barwach klubu \u2013 czerwieni z bia\u0142ymi akcentami \u2013 i charakteryzuje si\u0119 klasycznym krojem oraz solidnym wykonaniem typowym dla tamtej epoki.<\/p>\n<p data-start=\"527\" data-end=\"943\">Na koszulce znajdziemy wyszywany herb <strong>Rot Weiss Oberhausen <\/strong>oraz logo Uhlsport. To w\u0142a\u015bnie w sezonie 2002\/03 dru\u017cyna kontynuowa\u0142a swoj\u0105 gr\u0119 na zapleczu Bundesligi, mierz\u0105c si\u0119 z takimi zespo\u0142ami jak Mainz 05, Alemannia Aachen czy 1. FC K\u00f6ln. Koszulka oddaje klimat tamtych rozgrywek i stanowi autentyczny element historii niemieckiej pi\u0142ki klubowej.<\/p>\n<p data-start=\"945\" data-end=\"1338\" data-is-last-node=\"\" data-is-only-node=\"\">Dla kolekcjoner\u00f3w i fan\u00f3w Rot Weiss Oberhausen to wyj\u0105tkowa okazja, by zdoby\u0107 oryginalny str\u00f3j z ery sprzed komercyjnego boomu w futbolu. Koszulka idealnie sprawdzi si\u0119 jako cz\u0119\u015b\u0107 kolekcji retro lub jako unikalny element garderoby z pi\u0142karsk\u0105 dusz\u0105. Rzadko spotykana, w pe\u0142ni oryginalna i pe\u0142na historycznego charakteru \u2013 to doskona\u0142y wyb\u00f3r dla ka\u017cdego pasjonata niemieckiego futbolu lat 2000.<\/p>","protected":false},"featured_media":13606,"template":"","meta":{"_kad_blocks_custom_css":"","_kad_blocks_head_custom_js":"","_kad_blocks_body_custom_js":"","_kad_blocks_footer_custom_js":"","_kad_post_transparent":"","_kad_post_title":"","_kad_post_layout":"","_kad_post_sidebar_id":"","_kad_post_content_style":"","_kad_post_vertical_padding":"","_kad_post_feature":"","_kad_post_feature_position":"","_kad_post_header":false,"_kad_post_footer":false},"product_brand":[299],"product_cat":[31,46,174],"product_tag":[],"class_list":{"0":"post-3004","1":"product","2":"type-product","3":"status-publish","4":"has-post-thumbnail","6":"product_brand-uhlsport","7":"product_cat-kluby-europejskie","8":"product_cat-kluby-niemieckie","9":"product_cat-pozostale-kluby-niemieckie","10":"pa_rozmiar-xl","12":"first","13":"instock","14":"taxable","15":"shipping-taxable","16":"purchasable","17":"product-type-simple","18":"entry","19":"content-bg","20":"loop-entry"},"taxonomy_info":{"product_brand":[{"value":299,"label":"Uhlsport"}],"product_cat":[{"value":31,"label":"Kluby Europejskie"},{"value":46,"label":"Kluby Niemieckie"},{"value":174,"label":"Pozosta\u0142e kluby niemieckie"}],"pa_rozmiar":[{"value":57,"label":"XL"}]},"featured_image_src_large":["https:\/\/fts.you2.pl\/wp-content\/uploads\/2025\/09\/Photoroom_038_20250521_104552-1024x1024.png",1024,1024,true],"author_info":[],"comment_info":"","_links":{"self":[{"href":"https:\/\/fts.you2.pl\/de\/wp-json\/wp\/v2\/product\/3004","targetHints":{"allow":["GET"]}}],"collection":[{"href":"https:\/\/fts.you2.pl\/de\/wp-json\/wp\/v2\/product"}],"about":[{"href":"https:\/\/fts.you2.pl\/de\/wp-json\/wp\/v2\/types\/product"}],"wp:featuredmedia":[{"embeddable":true,"href":"https:\/\/fts.you2.pl\/de\/wp-json\/wp\/v2\/media\/13606"}],"wp:attachment":[{"href":"https:\/\/fts.you2.pl\/de\/wp-json\/wp\/v2\/media?parent=3004"}],"wp:term":[{"taxonomy":"product_brand","embeddable":true,"href":"https:\/\/fts.you2.pl\/de\/wp-json\/wp\/v2\/product_brand?post=3004"},{"taxonomy":"product_cat","embeddable":true,"href":"https:\/\/fts.you2.pl\/de\/wp-json\/wp\/v2\/product_cat?post=3004"},{"taxonomy":"product_tag","embeddable":true,"href":"https:\/\/fts.you2.pl\/de\/wp-json\/wp\/v2\/product_tag?post=3004"}],"curies":[{"name":"wp","href":"https:\/\/api.w.org\/{rel}","templated":true}]}}