{"id":3007,"date":"2025-05-25T15:27:12","date_gmt":"2025-05-25T13:27:12","guid":{"rendered":"https:\/\/fts.you2.pl\/index.php\/produkt\/stoke-city-fc-2011-12-away-s\/"},"modified":"2025-09-19T16:06:41","modified_gmt":"2025-09-19T14:06:41","slug":"stoke-city-fc-2011-12-away-s","status":"publish","type":"product","link":"https:\/\/fts.you2.pl\/de\/stoke-city-fc-2011-12-away-s\/","title":{"rendered":"Koszulka pi\u0142karska Stoke City FC 2011\/12 Away [S]"},"content":{"rendered":"<p><strong>Klub:<\/strong> Stoke City FC<\/p>\n<p><strong>Sezon:<\/strong> 2011\/12 Away<\/p>\n<p><strong>Rozmiar: <\/strong>S<\/p>\n<p><strong>Stan:<\/strong> Doskona\u0142y<\/p>\n<p><strong>Wymiary (szeroko\u015b\u0107 pod pachami\/d\u0142ugo\u015b\u0107) w cm: <\/strong>51\/71<\/p>","protected":false},"excerpt":{"rendered":"<p data-start=\"0\" data-end=\"110\"><strong data-start=\"0\" data-end=\"108\">Oryginalna pi\u0142karska koszulka wyjazdowa Stoke City z sezonu 2011\/12 \u2013 produkcji Adidas, z patchami Premier League.<\/strong><\/p>\n<p data-start=\"112\" data-end=\"534\">Ta <strong data-start=\"115\" data-end=\"169\">oryginalna wyjazdowa koszulka pi\u0142karska Stoke City<\/strong> z sezonu <strong data-start=\"179\" data-end=\"190\">2011\/12<\/strong> to oficjalny model wyprodukowany przez <strong data-start=\"238\" data-end=\"249\">Adidasa<\/strong>, przeznaczony na wyst\u0119py w <strong data-start=\"277\" data-end=\"295\">Premier League<\/strong>. Koszulka wyr\u00f3\u017cnia si\u0119 klasycznym wzorem w <strong data-start=\"339\" data-end=\"373\">czarno-niebieskie pionowe pasy<\/strong>, kt\u00f3ry nawi\u0105zuje do historycznych stroj\u00f3w klubu, oraz obecno\u015bci\u0105 <strong data-start=\"439\" data-end=\"477\">oryginalnych patchy Premier League<\/strong> na r\u0119kawkach, co dodatkowo potwierdza jej autentyczno\u015b\u0107.<\/p>\n<p data-start=\"536\" data-end=\"925\">Na piersi znajduje si\u0119 <strong data-start=\"559\" data-end=\"588\">haftowany herb Stoke City<\/strong>, logo <strong data-start=\"595\" data-end=\"606\">Adidasa<\/strong> oraz sponsor g\u0142\u00f3wny <strong>Britannia<\/strong>. Wykonana z materia\u0142u w technologii <strong data-start=\"687\" data-end=\"700\">Climacool<\/strong>, koszulka zapewnia odpowiedni\u0105 wentylacj\u0119 i komfort noszenia. Sezon 2011\/12 to okres, w kt\u00f3rym Stoke rywalizowa\u0142o nie tylko w Premier League, ale r\u00f3wnie\u017c w europejskich pucharach, zyskuj\u0105c szacunek za solidn\u0105 i fizyczn\u0105 gr\u0119.<\/p>\n<p data-start=\"927\" data-end=\"1114\" data-is-last-node=\"\" data-is-only-node=\"\">To \u015bwietna propozycja dla fan\u00f3w angielskiej pi\u0142ki, kolekcjoner\u00f3w koszulek z oryginalnymi detalami meczowymi i os\u00f3b ceni\u0105cych klasyczny, pi\u0142karski styl z pocz\u0105tku drugiej dekady XXI wieku.<\/p>","protected":false},"featured_media":13631,"template":"","meta":{"_kad_blocks_custom_css":"","_kad_blocks_head_custom_js":"","_kad_blocks_body_custom_js":"","_kad_blocks_footer_custom_js":"","_kad_post_transparent":"","_kad_post_title":"","_kad_post_layout":"","_kad_post_sidebar_id":"","_kad_post_content_style":"","_kad_post_vertical_padding":"","_kad_post_feature":"","_kad_post_feature_position":"","_kad_post_header":false,"_kad_post_footer":false},"product_brand":[45],"product_cat":[32,31,33],"product_tag":[],"class_list":{"0":"post-3007","1":"product","2":"type-product","3":"status-publish","4":"has-post-thumbnail","6":"product_brand-adidas","7":"product_cat-kluby-angielskie","8":"product_cat-kluby-europejskie","9":"product_cat-pozostale-kluby-angielskie","10":"pa_rozmiar-s","12":"first","13":"instock","14":"taxable","15":"shipping-taxable","16":"purchasable","17":"product-type-simple","18":"entry","19":"content-bg","20":"loop-entry"},"taxonomy_info":{"product_brand":[{"value":45,"label":"Adidas"}],"product_cat":[{"value":32,"label":"Kluby Angielskie"},{"value":31,"label":"Kluby Europejskie"},{"value":33,"label":"Pozosta\u0142e kluby angielskie"}],"pa_rozmiar":[{"value":19,"label":"S"}]},"featured_image_src_large":["https:\/\/fts.you2.pl\/wp-content\/uploads\/2025\/09\/Photoroom_012_20250521_104552-1024x1024.png",1024,1024,true],"author_info":[],"comment_info":"","_links":{"self":[{"href":"https:\/\/fts.you2.pl\/de\/wp-json\/wp\/v2\/product\/3007","targetHints":{"allow":["GET"]}}],"collection":[{"href":"https:\/\/fts.you2.pl\/de\/wp-json\/wp\/v2\/product"}],"about":[{"href":"https:\/\/fts.you2.pl\/de\/wp-json\/wp\/v2\/types\/product"}],"wp:featuredmedia":[{"embeddable":true,"href":"https:\/\/fts.you2.pl\/de\/wp-json\/wp\/v2\/media\/13631"}],"wp:attachment":[{"href":"https:\/\/fts.you2.pl\/de\/wp-json\/wp\/v2\/media?parent=3007"}],"wp:term":[{"taxonomy":"product_brand","embeddable":true,"href":"https:\/\/fts.you2.pl\/de\/wp-json\/wp\/v2\/product_brand?post=3007"},{"taxonomy":"product_cat","embeddable":true,"href":"https:\/\/fts.you2.pl\/de\/wp-json\/wp\/v2\/product_cat?post=3007"},{"taxonomy":"product_tag","embeddable":true,"href":"https:\/\/fts.you2.pl\/de\/wp-json\/wp\/v2\/product_tag?post=3007"}],"curies":[{"name":"wp","href":"https:\/\/api.w.org\/{rel}","templated":true}]}}