{"id":3011,"date":"2025-06-08T15:51:49","date_gmt":"2025-06-08T13:51:49","guid":{"rendered":"https:\/\/fts.you2.pl\/index.php\/produkt\/player-issue-psg-2021-22-home-30-messi-xl\/"},"modified":"2025-09-19T16:08:19","modified_gmt":"2025-09-19T14:08:19","slug":"player-issue-psg-2021-22-home-30-messi-xl","status":"publish","type":"product","link":"https:\/\/fts.you2.pl\/de\/player-issue-psg-2021-22-home-30-messi-xl\/","title":{"rendered":"Koszulka pi\u0142karska PLAYER ISSUE PSG 2021\/22 Home 30 Messi [XL]"},"content":{"rendered":"<p><strong>Klub:<\/strong> PSG<\/p>\n<p><strong>Sezon:<\/strong> 2021\/22 Home<\/p>\n<p><strong>Rozmiar: <\/strong>XL<\/p>\n<p><strong>Stan:<\/strong> Doskona\u0142y<\/p>\n<p><strong>Wymiary (szeroko\u015b\u0107 pod pachami\/d\u0142ugo\u015b\u0107) w cm: <\/strong>56\/75<\/p>","protected":false},"excerpt":{"rendered":"<p data-start=\"34\" data-end=\"184\"><strong data-start=\"34\" data-end=\"182\">Oryginalna domowa koszulka pi\u0142karska Paris Saint-Germain z sezonu 2021\/22 \u2013 produkcji Nike, z nadrukiem Leo Messiego, w wersji meczowej.<\/strong><\/p>\n<p data-start=\"186\" data-end=\"527\">Przedstawiamy <strong data-start=\"200\" data-end=\"277\">oryginaln\u0105 domow\u0105 koszulk\u0119 pi\u0142karsk\u0105 Paris Saint-Germain z sezonu 2021\/22<\/strong>, wyprodukowan\u0105 przez <strong data-start=\"299\" data-end=\"307\">Nike<\/strong> w komercyjnej wersji meczowej. To wyj\u0105tkowy model, kt\u00f3ry symbolizuje jeden z najwa\u017cniejszych moment\u00f3w w historii klubu \u2013 <strong data-start=\"429\" data-end=\"463\">do\u0142\u0105czenie Leo Messiego do PSG<\/strong>, co sta\u0142o si\u0119 jednym z najg\u0142o\u015bniejszych transfer\u00f3w w futbolu.<\/p>\n<p data-start=\"529\" data-end=\"1026\">Koszulka zachwyca nowoczesnym designem, utrzymanym w klasycznej granatowej kolorystyce z bia\u0142ymi i czerwonymi akcentami, nawi\u0105zuj\u0105cymi do paryskiej elegancji. Wersja meczowa zapewnia <strong data-start=\"712\" data-end=\"739\">technologi\u0119 Dri-FIT ADV<\/strong>, kt\u00f3ra gwarantuje doskona\u0142\u0105 oddychalno\u015b\u0107, lekko\u015b\u0107 i komfort noszenia \u2013 dok\u0142adnie tak, jak w modelach u\u017cywanych przez pi\u0142karzy na boisku. Na plecach widnieje oryginalny nadruk <strong data-start=\"915\" data-end=\"931\">Leo Messiego<\/strong>, jednego z najlepszych pi\u0142karzy w historii, co czyni t\u0119 koszulk\u0119 jeszcze bardziej wyj\u0105tkow\u0105.<\/p>\n<p data-start=\"1028\" data-end=\"1343\">Na piersi znajduje si\u0119 <strong data-start=\"1051\" data-end=\"1063\">herb PSG<\/strong>, logo Nike oraz sponsor z tamtego sezonu. Ten model jest idealny dla kolekcjoner\u00f3w i fan\u00f3w, kt\u00f3rzy chc\u0105 poczu\u0107 klimat sezonu, w kt\u00f3rym paryska dru\u017cyna \u0142\u0105czy\u0142a w swoim sk\u0142adzie gwiazdy \u015bwiatowego formatu \u2013 <strong>Messiego, Neymara<\/strong> i <strong>Mbapp\u00e9<\/strong>.<\/p>\n<p data-start=\"1345\" data-end=\"1568\">Je\u015bli szukasz <strong data-start=\"1359\" data-end=\"1395\">oryginalnej koszulki pi\u0142karskiej<\/strong> o wielkiej warto\u015bci kolekcjonerskiej, ten model b\u0119dzie doskona\u0142ym wyborem \u2013 zar\u00f3wno jako pami\u0105tka historycznego transferu, jak i stylowy element garderoby ka\u017cdego kibica.<\/p>","protected":false},"featured_media":13667,"template":"","meta":{"_kad_blocks_custom_css":"","_kad_blocks_head_custom_js":"","_kad_blocks_body_custom_js":"","_kad_blocks_footer_custom_js":"","_kad_post_transparent":"","_kad_post_title":"","_kad_post_layout":"","_kad_post_sidebar_id":"","_kad_post_content_style":"","_kad_post_vertical_padding":"","_kad_post_feature":"","_kad_post_feature_position":"","_kad_post_header":false,"_kad_post_footer":false},"product_brand":[55],"product_cat":[31,129,210],"product_tag":[],"class_list":{"0":"post-3011","1":"product","2":"type-product","3":"status-publish","4":"has-post-thumbnail","6":"product_brand-nike","7":"product_cat-kluby-europejskie","8":"product_cat-kluby-francuskie","9":"product_cat-paris-saint-germain","10":"pa_rozmiar-xl","12":"first","13":"instock","14":"taxable","15":"shipping-taxable","16":"purchasable","17":"product-type-simple","18":"entry","19":"content-bg","20":"loop-entry"},"taxonomy_info":{"product_brand":[{"value":55,"label":"Nike"}],"product_cat":[{"value":31,"label":"Kluby Europejskie"},{"value":129,"label":"Kluby Francuskie"},{"value":210,"label":"Paris Saint Germain"}],"pa_rozmiar":[{"value":57,"label":"XL"}]},"featured_image_src_large":["https:\/\/fts.you2.pl\/wp-content\/uploads\/2025\/09\/Photoroom_007_20250607_132852-1024x1024.png",1024,1024,true],"author_info":[],"comment_info":"","_links":{"self":[{"href":"https:\/\/fts.you2.pl\/de\/wp-json\/wp\/v2\/product\/3011","targetHints":{"allow":["GET"]}}],"collection":[{"href":"https:\/\/fts.you2.pl\/de\/wp-json\/wp\/v2\/product"}],"about":[{"href":"https:\/\/fts.you2.pl\/de\/wp-json\/wp\/v2\/types\/product"}],"wp:featuredmedia":[{"embeddable":true,"href":"https:\/\/fts.you2.pl\/de\/wp-json\/wp\/v2\/media\/13667"}],"wp:attachment":[{"href":"https:\/\/fts.you2.pl\/de\/wp-json\/wp\/v2\/media?parent=3011"}],"wp:term":[{"taxonomy":"product_brand","embeddable":true,"href":"https:\/\/fts.you2.pl\/de\/wp-json\/wp\/v2\/product_brand?post=3011"},{"taxonomy":"product_cat","embeddable":true,"href":"https:\/\/fts.you2.pl\/de\/wp-json\/wp\/v2\/product_cat?post=3011"},{"taxonomy":"product_tag","embeddable":true,"href":"https:\/\/fts.you2.pl\/de\/wp-json\/wp\/v2\/product_tag?post=3011"}],"curies":[{"name":"wp","href":"https:\/\/api.w.org\/{rel}","templated":true}]}}