{"id":3012,"date":"2025-06-08T15:51:48","date_gmt":"2025-06-08T13:51:48","guid":{"rendered":"https:\/\/fts.you2.pl\/index.php\/produkt\/player-issue-ssc-napoli-2018-19-away-20-zielinski-xxl\/"},"modified":"2025-09-19T16:08:47","modified_gmt":"2025-09-19T14:08:47","slug":"player-issue-ssc-napoli-2018-19-away-20-zielinski-xxl","status":"publish","type":"product","link":"https:\/\/fts.you2.pl\/de\/player-issue-ssc-napoli-2018-19-away-20-zielinski-xxl\/","title":{"rendered":"Koszulka pi\u0142karska PLAYER ISSUE SSC Napoli 2018\/19 Away 20 Zieli\u0144ski [XXL]"},"content":{"rendered":"<p><strong>Klub:<\/strong> SSC Napoli<\/p>\n<p><strong>Sezon:<\/strong> 2018\/19 Away<\/p>\n<p><strong>Rozmiar: <\/strong>XXL<\/p>\n<p><strong>Stan:<\/strong> Doskona\u0142y<\/p>\n<p><strong>Wymiary (szeroko\u015b\u0107 pod pachami\/d\u0142ugo\u015b\u0107) w cm: <\/strong>51\/74 &#8211; koszulka realnie wypada na rozmiar M\/L, materia\u0142 jest bardzo rozci\u0105gliwy, ze wzgl\u0119du na najwy\u017csz\u0105, meczow\u0105 wersj\u0119 koszulki.<\/p>","protected":false},"excerpt":{"rendered":"<p data-start=\"34\" data-end=\"173\"><strong data-start=\"34\" data-end=\"171\">Oryginalna domowa koszulka pi\u0142karska SSC Napoli z sezonu 2018\/19 \u2013 produkcji Kappy, w wersji meczowej z nadrukiem Piotra Zieli\u0144skiego.<\/strong><\/p>\n<p data-start=\"175\" data-end=\"688\">Przedstawiamy <strong data-start=\"189\" data-end=\"257\">oryginaln\u0105 domow\u0105 koszulk\u0119 pi\u0142karsk\u0105 SSC Napoli z sezonu 2018\/19<\/strong>, wyprodukowan\u0105 przez renomowan\u0105 mark\u0119 <strong data-start=\"296\" data-end=\"305\">Kappa<\/strong> w wersji meczowej. To model, kt\u00f3ry wyr\u00f3\u017cnia si\u0119 dopasowanym krojem i ultralekkim materia\u0142em, stworzonym z my\u015bl\u0105 o profesjonalnych zawodnikach. Na plecach widnieje oficjalny nadruk <strong data-start=\"486\" data-end=\"509\">Piotra Zieli\u0144skiego<\/strong>, kluczowego pomocnika Napoli i reprezentanta Polski, kt\u00f3ry w tamtym sezonie imponowa\u0142 technik\u0105 i wizj\u0105 gry, b\u0119d\u0105c jednym z filar\u00f3w dru\u017cyny prowadzonej przez <strong>Carlo Ancelottiego<\/strong>.<\/p>\n<p data-start=\"690\" data-end=\"1161\">Koszulka zachwyca charakterystycznym, intensywnie ciemnym kolorem z mocnymi niebieskimi wstawkami\u2013 symbolem <strong data-start=\"770\" data-end=\"790\">Partenopejczyk\u00f3w.<\/strong>\u00a0Na froncie znajduje si\u0119 <strong data-start=\"915\" data-end=\"934\">herb SSC Napoli<\/strong>, logo Kappy oraz nadruki sponsor\u00f3w. Wersja meczowa zapewnia idealne dopasowanie do sylwetki, maksymaln\u0105 przewiewno\u015b\u0107 i komfort nawet podczas najbardziej wymagaj\u0105cej aktywno\u015bci.<\/p>\n<p data-start=\"1163\" data-end=\"1559\">Sezon <strong>2018\/19<\/strong> by\u0142 dla Napoli czasem walki w <strong>Serie A<\/strong> i europejskich pucharach, a Piotr Zieli\u0144ski odgrywa\u0142 w tym zespole niezwykle wa\u017cn\u0105 rol\u0119, notuj\u0105c kluczowe bramki i asysty. <strong data-start=\"1338\" data-end=\"1404\">Oryginalna koszulka pi\u0142karska Napoli z nazwiskiem Zieli\u0144skiego<\/strong> to nie tylko cz\u0119\u015b\u0107 sportowej historii, ale r\u00f3wnie\u017c cenna pami\u0105tka dla fan\u00f3w w\u0142oskiego klubu i polskich kibic\u00f3w \u015bledz\u0105cych karier\u0119 naszego reprezentanta.<\/p>\n<p data-start=\"1561\" data-end=\"1827\">Je\u015bli szukasz <strong data-start=\"1575\" data-end=\"1629\">oryginalnej koszulki pi\u0142karskiej w wersji meczowej z nadrukiem Polaka, Piotra Zieli\u0144skiego<\/strong>, kt\u00f3ra \u0142\u0105czy nowoczesny design, najwy\u017csz\u0105 jako\u015b\u0107 i warto\u015b\u0107 kolekcjonersk\u0105, ten model SSC Napoli b\u0119dzie idealnym wyborem \u2013 zar\u00f3wno dla kolekcjoner\u00f3w, jak i na prezent dla prawdziwego fana futbolu, a szczeg\u00f3lnie polskich pi\u0142karzy.<\/p>","protected":false},"featured_media":13676,"template":"","meta":{"_kad_blocks_custom_css":"","_kad_blocks_head_custom_js":"","_kad_blocks_body_custom_js":"","_kad_blocks_footer_custom_js":"","_kad_post_transparent":"","_kad_post_title":"","_kad_post_layout":"","_kad_post_sidebar_id":"","_kad_post_content_style":"","_kad_post_vertical_padding":"","_kad_post_feature":"","_kad_post_feature_position":"","_kad_post_header":false,"_kad_post_footer":false},"product_brand":[35],"product_cat":[31,117,298,420],"product_tag":[],"class_list":{"0":"post-3012","1":"product","2":"type-product","3":"status-publish","4":"has-post-thumbnail","6":"product_brand-kappa","7":"product_cat-kluby-europejskie","8":"product_cat-kluby-wloskie","9":"product_cat-polscy-pilkarze","10":"product_cat-ssc-napoli","11":"pa_rozmiar-xxl","13":"first","14":"instock","15":"taxable","16":"shipping-taxable","17":"purchasable","18":"product-type-simple","19":"entry","20":"content-bg","21":"loop-entry"},"taxonomy_info":{"product_brand":[{"value":35,"label":"Kappa"}],"product_cat":[{"value":31,"label":"Kluby Europejskie"},{"value":117,"label":"Kluby W\u0142oskie"},{"value":298,"label":"POLSCY PI\u0141KARZE"},{"value":420,"label":"SSC Napoli"}],"pa_rozmiar":[{"value":71,"label":"XXL"}]},"featured_image_src_large":["https:\/\/fts.you2.pl\/wp-content\/uploads\/2025\/09\/Photoroom_009_20250607_132852-1024x1024.png",1024,1024,true],"author_info":[],"comment_info":"","_links":{"self":[{"href":"https:\/\/fts.you2.pl\/de\/wp-json\/wp\/v2\/product\/3012","targetHints":{"allow":["GET"]}}],"collection":[{"href":"https:\/\/fts.you2.pl\/de\/wp-json\/wp\/v2\/product"}],"about":[{"href":"https:\/\/fts.you2.pl\/de\/wp-json\/wp\/v2\/types\/product"}],"wp:featuredmedia":[{"embeddable":true,"href":"https:\/\/fts.you2.pl\/de\/wp-json\/wp\/v2\/media\/13676"}],"wp:attachment":[{"href":"https:\/\/fts.you2.pl\/de\/wp-json\/wp\/v2\/media?parent=3012"}],"wp:term":[{"taxonomy":"product_brand","embeddable":true,"href":"https:\/\/fts.you2.pl\/de\/wp-json\/wp\/v2\/product_brand?post=3012"},{"taxonomy":"product_cat","embeddable":true,"href":"https:\/\/fts.you2.pl\/de\/wp-json\/wp\/v2\/product_cat?post=3012"},{"taxonomy":"product_tag","embeddable":true,"href":"https:\/\/fts.you2.pl\/de\/wp-json\/wp\/v2\/product_tag?post=3012"}],"curies":[{"name":"wp","href":"https:\/\/api.w.org\/{rel}","templated":true}]}}