{"id":3025,"date":"2025-06-08T15:51:56","date_gmt":"2025-06-08T13:51:56","guid":{"rendered":"https:\/\/fts.you2.pl\/index.php\/produkt\/player-issue-chelsea-fc-2019-20-home-17-kovacic-l\/"},"modified":"2025-09-19T16:14:21","modified_gmt":"2025-09-19T14:14:21","slug":"player-issue-chelsea-fc-2019-20-home-17-kovacic-l","status":"publish","type":"product","link":"https:\/\/fts.you2.pl\/de\/player-issue-chelsea-fc-2019-20-home-17-kovacic-l\/","title":{"rendered":"Koszulka pi\u0142karska PLAYER ISSUE Chelsea FC 2019\/20 Home 17 Kovaci\u0107 [L]"},"content":{"rendered":"<p><strong>Klub:<\/strong> Chelsea FC<\/p>\n<p><strong>Sezon:<\/strong> 2019\/20 Home<\/p>\n<p><strong>Rozmiar: <\/strong>L<\/p>\n<p><strong>Stan:<\/strong> Doskona\u0142y<\/p>\n<p><strong>Wymiary (szeroko\u015b\u0107 pod pachami\/d\u0142ugo\u015b\u0107) w cm: <\/strong>55\/73<\/p>\n<p><strong>Dodatkowe informacje:<\/strong> koszulka w najwy\u017cszej mo\u017cliwej wersji wykonania, DRI-FIT ADV.<\/p>","protected":false},"excerpt":{"rendered":"<p data-start=\"0\" data-end=\"150\"><strong data-start=\"0\" data-end=\"148\">Oryginalna domowa koszulka pi\u0142karska Chelsea FC \u2013 Nike 2019\/20 w meczowej wersji komercyjnej z nadrukiem Mateo Kova\u010di\u0107a i patchem Premier League<\/strong><\/p>\n<p data-start=\"152\" data-end=\"493\">Przedstawiamy <strong data-start=\"166\" data-end=\"234\">oryginaln\u0105 domow\u0105 koszulk\u0119 pi\u0142karsk\u0105 Chelsea FC z sezonu 2019\/20<\/strong>, wyprodukowan\u0105 przez firm\u0119 <strong data-start=\"262\" data-end=\"270\">Nike<\/strong>, w <strong data-start=\"274\" data-end=\"305\">meczowej wersji komercyjnej<\/strong>. Na plecach widnieje oficjalny nadruk <strong data-start=\"344\" data-end=\"362\">Mateo Kova\u010di\u0107a<\/strong>, a na r\u0119kawku znajduje si\u0119 <strong data-start=\"390\" data-end=\"414\">patch Premier League<\/strong>, co nadaje jej wyj\u0105tkowego charakteru i podkre\u015bla autentyczno\u015b\u0107 tego modelu.<\/p>\n<p data-start=\"495\" data-end=\"1046\">Koszulka wyr\u00f3\u017cnia si\u0119 unikalnym designem \u2013 klasyczny, <strong data-start=\"549\" data-end=\"568\">niebieski kolor<\/strong> zosta\u0142 wzbogacony graficznym motywem inspirowanym architektur\u0105 Stamford Bridge, stadionu \u201eThe Blues\u201d. Na piersi znajduje si\u0119<strong data-start=\"703\" data-end=\"729\">\u00a0herb Chelsea<\/strong>, logo Nike w kontrastowej bieli oraz nadruk sponsora Yokohama Tyres. <strong data-start=\"799\" data-end=\"828\">Meczowa wersja komercyjna<\/strong> zosta\u0142a wykonana w meczowej technologii <strong data-start=\"860\" data-end=\"878\">Nike<\/strong>, dzi\u0119ki czemu jest l\u017cejsza, bardziej elastyczna i zapewnia doskona\u0142\u0105 wentylacj\u0119 oraz komfort noszenia \u2013 dok\u0142adnie tak, jak modele noszone przez zawodnik\u00f3w na boisku.<\/p>\n<p data-start=\"1048\" data-end=\"1410\">Sezon 2019\/20 by\u0142 pe\u0142en emocji \u2013 dru\u017cyna pod wodz\u0105 Franka Lamparda z powodzeniem rywalizowa\u0142a w Premier League, stawiaj\u0105c na m\u0142odych zawodnik\u00f3w. <strong data-start=\"1193\" data-end=\"1210\">Mateo Kova\u010di\u0107<\/strong> odegra\u0142 wa\u017cn\u0105 rol\u0119 w \u015brodku pola, zachwycaj\u0105c wizj\u0105 gry, technik\u0105 i zaanga\u017cowaniem. Jego wyst\u0119py zosta\u0142y docenione przez kibic\u00f3w i ekspert\u00f3w, kt\u00f3rzy wybrali go <strong data-start=\"1371\" data-end=\"1407\">pi\u0142karzem sezonu Chelsea 2019\/20<\/strong>.<\/p>\n<p data-start=\"1412\" data-end=\"1758\"><strong data-start=\"1412\" data-end=\"1547\">Oryginalna domowa koszulka pi\u0142karska Chelsea FC 2019\/20 w meczowej wersji komercyjnej z nadrukiem Kova\u010di\u0107a i patchem Premier League<\/strong> to idealne po\u0142\u0105czenie nowoczesnego designu, wysokiej jako\u015bci wykonania oraz sportowej historii. Doskona\u0142a dla fan\u00f3w londy\u0144skiego klubu, kolekcjoner\u00f3w oryginalnych trykot\u00f3w i mi\u0142o\u015bnik\u00f3w chorwackiego pomocnika.<\/p>","protected":false},"featured_media":13782,"template":"","meta":{"_kad_blocks_custom_css":"","_kad_blocks_head_custom_js":"","_kad_blocks_body_custom_js":"","_kad_blocks_footer_custom_js":"","_kad_post_transparent":"","_kad_post_title":"","_kad_post_layout":"","_kad_post_sidebar_id":"","_kad_post_content_style":"","_kad_post_vertical_padding":"","_kad_post_feature":"","_kad_post_feature_position":"","_kad_post_header":false,"_kad_post_footer":false},"product_brand":[55],"product_cat":[397,32,31],"product_tag":[],"class_list":{"0":"post-3025","1":"product","2":"type-product","3":"status-publish","4":"has-post-thumbnail","6":"product_brand-nike","7":"product_cat-chelsea-fc","8":"product_cat-kluby-angielskie","9":"product_cat-kluby-europejskie","10":"pa_rozmiar-l","12":"first","13":"instock","14":"taxable","15":"shipping-taxable","16":"purchasable","17":"product-type-simple","18":"entry","19":"content-bg","20":"loop-entry"},"taxonomy_info":{"product_brand":[{"value":55,"label":"Nike"}],"product_cat":[{"value":397,"label":"Chelsea FC"},{"value":32,"label":"Kluby Angielskie"},{"value":31,"label":"Kluby Europejskie"}],"pa_rozmiar":[{"value":39,"label":"L"}]},"featured_image_src_large":["https:\/\/fts.you2.pl\/wp-content\/uploads\/2025\/09\/Photoroom_045_20250607_132852-1024x1024.png",1024,1024,true],"author_info":[],"comment_info":"","_links":{"self":[{"href":"https:\/\/fts.you2.pl\/de\/wp-json\/wp\/v2\/product\/3025","targetHints":{"allow":["GET"]}}],"collection":[{"href":"https:\/\/fts.you2.pl\/de\/wp-json\/wp\/v2\/product"}],"about":[{"href":"https:\/\/fts.you2.pl\/de\/wp-json\/wp\/v2\/types\/product"}],"wp:featuredmedia":[{"embeddable":true,"href":"https:\/\/fts.you2.pl\/de\/wp-json\/wp\/v2\/media\/13782"}],"wp:attachment":[{"href":"https:\/\/fts.you2.pl\/de\/wp-json\/wp\/v2\/media?parent=3025"}],"wp:term":[{"taxonomy":"product_brand","embeddable":true,"href":"https:\/\/fts.you2.pl\/de\/wp-json\/wp\/v2\/product_brand?post=3025"},{"taxonomy":"product_cat","embeddable":true,"href":"https:\/\/fts.you2.pl\/de\/wp-json\/wp\/v2\/product_cat?post=3025"},{"taxonomy":"product_tag","embeddable":true,"href":"https:\/\/fts.you2.pl\/de\/wp-json\/wp\/v2\/product_tag?post=3025"}],"curies":[{"name":"wp","href":"https:\/\/api.w.org\/{rel}","templated":true}]}}