{"id":3037,"date":"2025-06-15T15:43:57","date_gmt":"2025-06-15T13:43:57","guid":{"rendered":"https:\/\/fts.you2.pl\/index.php\/produkt\/borussia-dortmund-2011-12-home-44-perisic-xxl\/"},"modified":"2025-09-19T16:19:33","modified_gmt":"2025-09-19T14:19:33","slug":"borussia-dortmund-2011-12-home-44-perisic-xxl","status":"publish","type":"product","link":"https:\/\/fts.you2.pl\/de\/borussia-dortmund-2011-12-home-44-perisic-xxl\/","title":{"rendered":"Koszulka pi\u0142karska Borussia Dortmund 2011\/12 Home 44 Perisic [XXL]"},"content":{"rendered":"<p><strong>Klub:<\/strong> Borussia Dortmund<\/p>\n<p><strong>Sezon:<\/strong> 2011\/12 Home<\/p>\n<p><strong>Rozmiar: <\/strong>XXL<\/p>\n<p><strong>Stan:<\/strong> S\u0142aby &#8211; ma\u0142a dziurka i kilka plamek na froncie oraz znacznie pop\u0119kany nadruk na plecach.<\/p>\n<p><strong>Wymiary (szeroko\u015b\u0107 pod pachami\/d\u0142ugo\u015b\u0107) w cm: <\/strong>59\/77<\/p>","protected":false},"excerpt":{"rendered":"<p data-start=\"0\" data-end=\"97\"><strong data-start=\"0\" data-end=\"95\">Oryginalna domowa koszulka pi\u0142karska Borussii Dortmund 2011\/12 z nadrukiem Ivana Perisicia.<\/strong><\/p>\n<p data-start=\"99\" data-end=\"594\">Przedstawiamy <strong data-start=\"113\" data-end=\"177\">domow\u0105 koszulk\u0119 pi\u0142karsk\u0105 Borussii Dortmund z sezonu 2011\/12<\/strong>, w wersji przeznaczonej na europejskie puchary. Ten wyj\u0105tkowy model zosta\u0142 stworzony przez w\u0142osk\u0105 mark\u0119 <strong>Kappa.<\/strong>\u00a0wyr\u00f3\u017cnia si\u0119 klasycznym dla <strong>BVB<\/strong> \u017c\u00f3\u0142to-czarnym designem, kt\u00f3ry symbolizuje dum\u0119 i tradycj\u0119 klubu z Signal Iduna Park. Koszulka posiada <strong data-start=\"430\" data-end=\"467\">nadruk Ivana Perisicia na plecach<\/strong>, a na jednym z r\u0119kawk\u00f3w widnieje oficjalny <strong data-start=\"511\" data-end=\"537\">emblemat Ligi Mistrz\u00f3w<\/strong>, co podkre\u015bla jej wyj\u0105tkowy, mi\u0119dzynarodowy charakter.<\/p>\n<p data-start=\"596\" data-end=\"976\">Sezon <strong>2011\/12<\/strong> by\u0142 dla<strong> Borussii Dortmund<\/strong> niezwykle udany \u2013 zesp\u00f3\u0142 prowadzony przez <strong data-start=\"678\" data-end=\"696\">J\u00fcrgena Kloppa<\/strong> si\u0119gn\u0105\u0142 po mistrzostwo Niemiec, a w europejskich rozgrywkach mierzy\u0142 si\u0119 z najlepszymi dru\u017cynami Starego Kontynentu. Ivan Perisi\u0107, kt\u00f3ry do\u0142\u0105czy\u0142 do dru\u017cyny przed tym sezonem, wni\u00f3s\u0142 do zespo\u0142u dodatkow\u0105 jako\u015b\u0107 i zdoby\u0142 kilka kluczowych bramek, zapisuj\u0105c si\u0119 w pami\u0119ci kibic\u00f3w.<\/p>\n<p data-start=\"978\" data-end=\"1317\">Koszulka zosta\u0142a wykonana z wysokiej jako\u015bci, lekkich i oddychaj\u0105cych materia\u0142\u00f3w, zapewniaj\u0105cych komfort noszenia zar\u00f3wno podczas gry, jak i na co dzie\u0144. <strong data-start=\"1132\" data-end=\"1161\">Dynamiczny, sportowy kr\u00f3j<\/strong> idealnie dopasowuje si\u0119 do sylwetki, a detale \u2013 herb Borussii Dortmund, logo Kappy oraz subtelne, kontrastowe wstawki \u2013 dodaj\u0105 jej wyj\u0105tkowego charakteru.<\/p>\n<p data-start=\"1319\" data-end=\"1639\">Dla ka\u017cdego fana BVB i kolekcjonera to <strong data-start=\"1358\" data-end=\"1402\">koszulka o du\u017cej warto\u015bci sentymentalnej<\/strong>, \u0142\u0105cz\u0105ca wspomnienia sukces\u00f3w z tamtego sezonu, europejskich puchar\u00f3w i wyst\u0119p\u00f3w zawodnik\u00f3w takich jak <strong data-start=\"1506\" data-end=\"1548\">Lewandowski, G\u00f6tze, Kagawa czy Perisi\u0107<\/strong>. Idealna propozycja dla mi\u0142o\u015bnik\u00f3w historii klubu i pi\u0142ki no\u017cnej na najwy\u017cszym poziomie.<\/p>","protected":false},"featured_media":13870,"template":"","meta":{"_kad_blocks_custom_css":"","_kad_blocks_head_custom_js":"","_kad_blocks_body_custom_js":"","_kad_blocks_footer_custom_js":"","_kad_post_transparent":"","_kad_post_title":"","_kad_post_layout":"","_kad_post_sidebar_id":"","_kad_post_content_style":"","_kad_post_vertical_padding":"","_kad_post_feature":"","_kad_post_feature_position":"","_kad_post_header":false,"_kad_post_footer":false},"product_brand":[35],"product_cat":[65,31,46],"product_tag":[],"class_list":{"0":"post-3037","1":"product","2":"type-product","3":"status-publish","4":"has-post-thumbnail","6":"product_brand-kappa","7":"product_cat-borussia-dortmund","8":"product_cat-kluby-europejskie","9":"product_cat-kluby-niemieckie","10":"pa_rozmiar-xxl","12":"first","13":"instock","14":"taxable","15":"shipping-taxable","16":"purchasable","17":"product-type-simple","18":"entry","19":"content-bg","20":"loop-entry"},"taxonomy_info":{"product_brand":[{"value":35,"label":"Kappa"}],"product_cat":[{"value":65,"label":"Borussia Dortmund"},{"value":31,"label":"Kluby Europejskie"},{"value":46,"label":"Kluby Niemieckie"}],"pa_rozmiar":[{"value":71,"label":"XXL"}]},"featured_image_src_large":["https:\/\/fts.you2.pl\/wp-content\/uploads\/2025\/09\/Photoroom_017_20250614_140801-1024x1024.png",1024,1024,true],"author_info":[],"comment_info":"","_links":{"self":[{"href":"https:\/\/fts.you2.pl\/de\/wp-json\/wp\/v2\/product\/3037","targetHints":{"allow":["GET"]}}],"collection":[{"href":"https:\/\/fts.you2.pl\/de\/wp-json\/wp\/v2\/product"}],"about":[{"href":"https:\/\/fts.you2.pl\/de\/wp-json\/wp\/v2\/types\/product"}],"wp:featuredmedia":[{"embeddable":true,"href":"https:\/\/fts.you2.pl\/de\/wp-json\/wp\/v2\/media\/13870"}],"wp:attachment":[{"href":"https:\/\/fts.you2.pl\/de\/wp-json\/wp\/v2\/media?parent=3037"}],"wp:term":[{"taxonomy":"product_brand","embeddable":true,"href":"https:\/\/fts.you2.pl\/de\/wp-json\/wp\/v2\/product_brand?post=3037"},{"taxonomy":"product_cat","embeddable":true,"href":"https:\/\/fts.you2.pl\/de\/wp-json\/wp\/v2\/product_cat?post=3037"},{"taxonomy":"product_tag","embeddable":true,"href":"https:\/\/fts.you2.pl\/de\/wp-json\/wp\/v2\/product_tag?post=3037"}],"curies":[{"name":"wp","href":"https:\/\/api.w.org\/{rel}","templated":true}]}}