{"id":3038,"date":"2025-06-15T15:43:56","date_gmt":"2025-06-15T13:43:56","guid":{"rendered":"https:\/\/fts.you2.pl\/index.php\/produkt\/burnley-fc-2012-13-third-m\/"},"modified":"2025-09-19T16:20:01","modified_gmt":"2025-09-19T14:20:01","slug":"burnley-fc-2012-13-third-m","status":"publish","type":"product","link":"https:\/\/fts.you2.pl\/de\/burnley-fc-2012-13-third-m\/","title":{"rendered":"Koszulka pi\u0142karska Burnley FC 2012\/13 Third [M]"},"content":{"rendered":"<p><strong>Klub:<\/strong> Burnley FC<\/p>\n<p><strong>Sezon:<\/strong> 2012\/13 Third<\/p>\n<p><strong>Rozmiar: <\/strong>M<\/p>\n<p><strong>Stan:<\/strong> Doskona\u0142y<\/p>\n<p><strong>Wymiary (szeroko\u015b\u0107 pod pachami\/d\u0142ugo\u015b\u0107) w cm: <\/strong>50\/70<\/p>","protected":false},"excerpt":{"rendered":"<p data-start=\"0\" data-end=\"72\"><strong data-start=\"0\" data-end=\"70\">Oryginalna trzecia koszulka pi\u0142karska Burnley FC z sezonu 2012\/13.<\/strong><\/p>\n<p data-start=\"74\" data-end=\"552\">Ta wyj\u0105tkowa <strong data-start=\"87\" data-end=\"109\">koszulka pi\u0142karska<\/strong> to alternatywny str\u00f3j meczowy Burnley FC z kampanii 2012\/13, w kt\u00f3rej klub rywalizowa\u0142 w Championship. Wyprodukowana przez <strong data-start=\"233\" data-end=\"241\">Pum\u0119<\/strong>, wyr\u00f3\u017cnia si\u0119 nowoczesnym jak na tamte czasy designem \u2013 dominuj\u0105cy kolor czarny zosta\u0142 prze\u0142amany kontrastowymi detalami w niebieskiej tonacji, nawi\u0105zuj\u0105cymi do tradycyjnych barw \u201eThe Clarets\u201d. Na piersi umieszczono wyszywany herb klubu, logo sponsora g\u0142\u00f3wnego oraz charakterystyczne logo producenta.<\/p>\n<p data-start=\"554\" data-end=\"963\">Koszulka zosta\u0142a wykonana z lekkiego i przewiewnego materia\u0142u, kt\u00f3ry \u015bwietnie sprawdza si\u0119 zar\u00f3wno podczas gry, jak i codziennego noszenia. To projekt stworzony z my\u015bl\u0105 o komforcie i swobodzie ruch\u00f3w, idealny dla kolekcjoner\u00f3w oraz fan\u00f3w zespo\u0142u z Turf Moor. W tym sezonie w barwach Burnley wyst\u0119powali m.in. Charlie Austin czy Kieran Trippier, kt\u00f3rzy odegrali wa\u017cn\u0105 rol\u0119 w walce o czo\u0142owe miejsca w tabeli.<\/p>\n<p data-start=\"965\" data-end=\"1113\" data-is-last-node=\"\" data-is-only-node=\"\">To doskona\u0142a okazja, by wzbogaci\u0107 swoj\u0105 kolekcj\u0119 o <strong data-start=\"1016\" data-end=\"1039\">koszulk\u0119 Burnley FC<\/strong> z unikalnego zestawu alternatywnego, rzadko spotykanego na rynku wt\u00f3rnym.<\/p>","protected":false},"featured_media":13879,"template":"","meta":{"_kad_blocks_custom_css":"","_kad_blocks_head_custom_js":"","_kad_blocks_body_custom_js":"","_kad_blocks_footer_custom_js":"","_kad_post_transparent":"","_kad_post_title":"","_kad_post_layout":"","_kad_post_sidebar_id":"","_kad_post_content_style":"","_kad_post_vertical_padding":"","_kad_post_feature":"","_kad_post_feature_position":"","_kad_post_header":false,"_kad_post_footer":false},"product_brand":[86],"product_cat":[32,31,33],"product_tag":[],"class_list":{"0":"post-3038","1":"product","2":"type-product","3":"status-publish","4":"has-post-thumbnail","6":"product_brand-puma","7":"product_cat-kluby-angielskie","8":"product_cat-kluby-europejskie","9":"product_cat-pozostale-kluby-angielskie","10":"pa_rozmiar-m","12":"first","13":"instock","14":"taxable","15":"shipping-taxable","16":"purchasable","17":"product-type-simple","18":"entry","19":"content-bg","20":"loop-entry"},"taxonomy_info":{"product_brand":[{"value":86,"label":"Puma"}],"product_cat":[{"value":32,"label":"Kluby Angielskie"},{"value":31,"label":"Kluby Europejskie"},{"value":33,"label":"Pozosta\u0142e kluby angielskie"}],"pa_rozmiar":[{"value":28,"label":"M"}]},"featured_image_src_large":["https:\/\/fts.you2.pl\/wp-content\/uploads\/2025\/09\/Photoroom_006_20250614_140801-1-1024x1024.png",1024,1024,true],"author_info":[],"comment_info":"","_links":{"self":[{"href":"https:\/\/fts.you2.pl\/de\/wp-json\/wp\/v2\/product\/3038","targetHints":{"allow":["GET"]}}],"collection":[{"href":"https:\/\/fts.you2.pl\/de\/wp-json\/wp\/v2\/product"}],"about":[{"href":"https:\/\/fts.you2.pl\/de\/wp-json\/wp\/v2\/types\/product"}],"wp:featuredmedia":[{"embeddable":true,"href":"https:\/\/fts.you2.pl\/de\/wp-json\/wp\/v2\/media\/13879"}],"wp:attachment":[{"href":"https:\/\/fts.you2.pl\/de\/wp-json\/wp\/v2\/media?parent=3038"}],"wp:term":[{"taxonomy":"product_brand","embeddable":true,"href":"https:\/\/fts.you2.pl\/de\/wp-json\/wp\/v2\/product_brand?post=3038"},{"taxonomy":"product_cat","embeddable":true,"href":"https:\/\/fts.you2.pl\/de\/wp-json\/wp\/v2\/product_cat?post=3038"},{"taxonomy":"product_tag","embeddable":true,"href":"https:\/\/fts.you2.pl\/de\/wp-json\/wp\/v2\/product_tag?post=3038"}],"curies":[{"name":"wp","href":"https:\/\/api.w.org\/{rel}","templated":true}]}}