{"id":3042,"date":"2025-06-15T15:43:51","date_gmt":"2025-06-15T13:43:51","guid":{"rendered":"https:\/\/fts.you2.pl\/index.php\/produkt\/fc-bayern-monachium-2015-16-away-25-muller-l\/"},"modified":"2025-09-19T16:22:23","modified_gmt":"2025-09-19T14:22:23","slug":"fc-bayern-monachium-2015-16-away-25-muller-l","status":"publish","type":"product","link":"https:\/\/fts.you2.pl\/de\/fc-bayern-monachium-2015-16-away-25-muller-l\/","title":{"rendered":"Koszulka pi\u0142karska FC Bayern Monachium 2015\/16 Away 25 Muller [L]"},"content":{"rendered":"<p><strong>Klub:<\/strong> FC Bayern Monachium<\/p>\n<p><strong>Sezon:<\/strong> 2015\/16 Away<\/p>\n<p><strong>Rozmiar: <\/strong>L<\/p>\n<p><strong>Stan:<\/strong> Dobry &#8211; nieznaczna ilo\u015b\u0107 drobnych zabrudze\u0144 oraz mikro p\u0119kni\u0119cie na cyfrze na plecach.<\/p>\n<p><strong>Wymiary (szeroko\u015b\u0107 pod pachami\/d\u0142ugo\u015b\u0107) w cm: <\/strong>55\/75<\/p>","protected":false},"excerpt":{"rendered":"<p data-start=\"0\" data-end=\"109\"><strong data-start=\"0\" data-end=\"107\">Oryginalna wyjazdowa koszulka pi\u0142karska Bayernu Monachium \u2013 Adidas 2015\/16 z nadrukiem Thomasa M\u00fcllera.<\/strong><\/p>\n<p data-start=\"111\" data-end=\"767\">Przedstawiamy <strong data-start=\"125\" data-end=\"203\">oryginaln\u0105 wyjazdow\u0105 koszulk\u0119 pi\u0142karsk\u0105 Bayernu Monachium z sezonu 2015\/16<\/strong>, wyprodukowan\u0105 przez <strong>Adidas<\/strong>, z oficjalnym nadrukiem jednego z najwi\u0119kszych symboli bawarskiego klubu \u2013 <strong data-start=\"307\" data-end=\"326\">Thomasa M\u00fcllera<\/strong>. Model ten wyr\u00f3\u017cnia si\u0119 eleganck\u0105, bia\u0142\u0105 baz\u0105 z charakterystycznymi szarymi panelami na piersi i klasycznymi trzema paskami w kolorze czerwonym na ramionach. Subtelne bordowe akcenty na mankietach dodaj\u0105 koszulce presti\u017cu i nawi\u0105zuj\u0105 do tradycyjnych barw Bayernu. Na froncie widnieje haftowany herb klubu oraz logo sponsora T-Mobile, a z ty\u0142u \u2013 oficjalny nadruk <em data-start=\"711\" data-end=\"722\">M\u00fcller 25<\/em>, wykonany w oryginalnej klubowej czcionce.<\/p>\n<p data-start=\"769\" data-end=\"1139\">Sezon 2015\/16 by\u0142 kolejnym pokazem si\u0142y Bayernu pod wodz\u0105 Pepa Guardioli \u2013 dru\u017cyna si\u0119gn\u0119\u0142a po mistrzostwo Niemiec, a tak\u017ce triumfowa\u0142a w Pucharze Niemiec. <strong data-start=\"925\" data-end=\"942\">Thomas M\u00fcller<\/strong> rozegra\u0142 w\u00f3wczas jeden z najlepszych sezon\u00f3w w karierze, notuj\u0105c imponuj\u0105c\u0105 liczb\u0119 bramek i asyst w Bundeslidze oraz Lidze Mistrz\u00f3w, udowadniaj\u0105c swoj\u0105 wszechstronno\u015b\u0107 i niepowtarzalny styl gry.<\/p>\n<p data-start=\"1141\" data-end=\"1548\" data-is-last-node=\"\" data-is-only-node=\"\">Koszulka zosta\u0142a wykonana w technologii <em data-start=\"1181\" data-end=\"1192\">Climacool<\/em>, kt\u00f3ra gwarantuje doskona\u0142\u0105 oddychalno\u015b\u0107 i komfort noszenia. Ta <strong data-start=\"1257\" data-end=\"1308\">oryginalna koszulka pi\u0142karska Bayernu Monachium<\/strong>, jest idealna dla ka\u017cdego kolekcjonera i fana, kt\u00f3ry chce mie\u0107 w swojej kolekcji model zwi\u0105zany z er\u0105 Guardioli i najlepszymi latami Thomasa M\u00fcllera. Idealna do ekspozycji, codziennego noszenia lub jako wyj\u0105tkowa pami\u0105tka z czas\u00f3w dominacji Bawarczyk\u00f3w.<\/p>","protected":false},"featured_media":13914,"template":"","meta":{"_kad_blocks_custom_css":"","_kad_blocks_head_custom_js":"","_kad_blocks_body_custom_js":"","_kad_blocks_footer_custom_js":"","_kad_post_transparent":"","_kad_post_title":"","_kad_post_layout":"","_kad_post_sidebar_id":"","_kad_post_content_style":"","_kad_post_vertical_padding":"","_kad_post_feature":"","_kad_post_feature_position":"","_kad_post_header":false,"_kad_post_footer":false},"product_brand":[45],"product_cat":[100,31,46],"product_tag":[],"class_list":{"0":"post-3042","1":"product","2":"type-product","3":"status-publish","4":"has-post-thumbnail","6":"product_brand-adidas","7":"product_cat-fc-bayern-monachium","8":"product_cat-kluby-europejskie","9":"product_cat-kluby-niemieckie","10":"pa_rozmiar-l","12":"first","13":"instock","14":"taxable","15":"shipping-taxable","16":"purchasable","17":"product-type-simple","18":"entry","19":"content-bg","20":"loop-entry"},"taxonomy_info":{"product_brand":[{"value":45,"label":"Adidas"}],"product_cat":[{"value":100,"label":"FC Bayern Monachium"},{"value":31,"label":"Kluby Europejskie"},{"value":46,"label":"Kluby Niemieckie"}],"pa_rozmiar":[{"value":39,"label":"L"}]},"featured_image_src_large":["https:\/\/fts.you2.pl\/wp-content\/uploads\/2025\/09\/Photoroom_106_20250614_140801-1024x1024.png",1024,1024,true],"author_info":[],"comment_info":"","_links":{"self":[{"href":"https:\/\/fts.you2.pl\/de\/wp-json\/wp\/v2\/product\/3042","targetHints":{"allow":["GET"]}}],"collection":[{"href":"https:\/\/fts.you2.pl\/de\/wp-json\/wp\/v2\/product"}],"about":[{"href":"https:\/\/fts.you2.pl\/de\/wp-json\/wp\/v2\/types\/product"}],"wp:featuredmedia":[{"embeddable":true,"href":"https:\/\/fts.you2.pl\/de\/wp-json\/wp\/v2\/media\/13914"}],"wp:attachment":[{"href":"https:\/\/fts.you2.pl\/de\/wp-json\/wp\/v2\/media?parent=3042"}],"wp:term":[{"taxonomy":"product_brand","embeddable":true,"href":"https:\/\/fts.you2.pl\/de\/wp-json\/wp\/v2\/product_brand?post=3042"},{"taxonomy":"product_cat","embeddable":true,"href":"https:\/\/fts.you2.pl\/de\/wp-json\/wp\/v2\/product_cat?post=3042"},{"taxonomy":"product_tag","embeddable":true,"href":"https:\/\/fts.you2.pl\/de\/wp-json\/wp\/v2\/product_tag?post=3042"}],"curies":[{"name":"wp","href":"https:\/\/api.w.org\/{rel}","templated":true}]}}