{"id":3043,"date":"2025-06-15T15:43:51","date_gmt":"2025-06-15T13:43:51","guid":{"rendered":"https:\/\/fts.you2.pl\/index.php\/produkt\/fc-bayern-monachium-1995-97-away-18-klinsmann-xl\/"},"modified":"2025-09-19T16:22:54","modified_gmt":"2025-09-19T14:22:54","slug":"fc-bayern-monachium-1995-97-away-18-klinsmann-xl","status":"publish","type":"product","link":"https:\/\/fts.you2.pl\/de\/fc-bayern-monachium-1995-97-away-18-klinsmann-xl\/","title":{"rendered":"Koszulka pi\u0142karska FC Bayern Monachium 1995\/97 Away 18 Klinsmann [XL]"},"content":{"rendered":"<p><strong>Klub:<\/strong> FC Bayern Monachium<\/p>\n<p><strong>Sezon:<\/strong> 1995\/97 Away<\/p>\n<p><strong>Rozmiar: <\/strong>XL<\/p>\n<p><strong>Stan:<\/strong> Bardzo dobry &#8211; nieznaczna ilo\u015b\u0107 mikro zaci\u0105gni\u0119\u0107.<\/p>\n<p><strong>Wymiary (szeroko\u015b\u0107 pod pachami\/d\u0142ugo\u015b\u0107) w cm: <\/strong>62\/76<\/p>","protected":false},"excerpt":{"rendered":"<p data-start=\"0\" data-end=\"112\"><strong data-start=\"0\" data-end=\"110\">Oryginalna wyjazdowa koszulka pi\u0142karska Bayernu Monachium \u2013 Adidas 1995-97 z nadrukiem J\u00fcrgena Klinsmanna.<\/strong><\/p>\n<p data-start=\"114\" data-end=\"657\">Przedstawiamy <strong data-start=\"128\" data-end=\"203\">oryginaln\u0105 wyjazdow\u0105 koszulk\u0119 pi\u0142karsk\u0105 Bayernu Monachium z lat 1995-97<\/strong>, wyprodukowan\u0105 przez Adidas, z legendarnym nadrukiem <em data-start=\"257\" data-end=\"271\">Klinsmann 18<\/em>. Ten klasyczny model to prawdziwy rarytas dla fan\u00f3w retro, wyr\u00f3\u017cniaj\u0105cy si\u0119 wyj\u0105tkowym, bia\u0142ym kolorem z pionowym, niebiesko czerwonym pasem, kt\u00f3ry podkre\u015bla tradycj\u0119 i presti\u017c bawarskiego giganta. Charakterystyczne logo <strong data-start=\"484\" data-end=\"492\">Opel<\/strong> na froncie idealnie oddaje klimat futbolu lat 90., a du\u017ce, haftowane logo Adidasa oraz herb klubu w lewej cz\u0119\u015bci dodaj\u0105 koszulce niepowtarzalnego charakteru.<\/p>\n<p data-start=\"659\" data-end=\"1101\">To w tej erze <strong data-start=\"673\" data-end=\"693\">J\u00fcrgen Klinsmann<\/strong>, napastnik \u015bwiatowej klasy i mistrz \u015bwiata z 1990 roku, czarowa\u0142 kibic\u00f3w swoj\u0105 skuteczno\u015bci\u0105. W barwach Bayernu strzela\u0142 kluczowe gole zar\u00f3wno w Bundeslidze, jak i w rozgrywkach europejskich, pomagaj\u0105c dru\u017cynie w zdobyciu <strong>Pucharu UEFA<\/strong> w 1996 roku oraz rywalizacji o najwy\u017csze cele w lidze niemieckiej. Koszulka idealnie przywo\u0142uje wspomnienia tamtych czas\u00f3w, kiedy Klinsmann by\u0142 jednym z filar\u00f3w ofensywy.<\/p>\n<p data-start=\"1103\" data-end=\"1541\" data-is-last-node=\"\" data-is-only-node=\"\">Model wykonany jest z solidnego, lekko b\u0142yszcz\u0105cego, grubego charakterystycznego dla projekt\u00f3w Adidasa z po\u0142owy lat 90 materia\u0142u, z klasycznym ko\u0142nierzykiem i kultowymi trzema paskami na r\u0119kawach. To <strong data-start=\"1295\" data-end=\"1346\">oryginalna koszulka pi\u0142karska Bayernu Monachium<\/strong>, kt\u00f3ra \u0142\u0105czy w sobie histori\u0119 i wyj\u0105tkowy design \u2013 obowi\u0105zkowy element dla ka\u017cdego kolekcjonera i fana retro futbolu, szczeg\u00f3lnie tych, kt\u00f3rzy ceni\u0105 wk\u0142ad Klinsmanna w sukcesy bawarskiego klubu.<\/p>","protected":false},"featured_media":13924,"template":"","meta":{"_kad_blocks_custom_css":"","_kad_blocks_head_custom_js":"","_kad_blocks_body_custom_js":"","_kad_blocks_footer_custom_js":"","_kad_post_transparent":"","_kad_post_title":"","_kad_post_layout":"","_kad_post_sidebar_id":"","_kad_post_content_style":"","_kad_post_vertical_padding":"","_kad_post_feature":"","_kad_post_feature_position":"","_kad_post_header":false,"_kad_post_footer":false},"product_brand":[45],"product_cat":[100,31,46],"product_tag":[],"class_list":{"0":"post-3043","1":"product","2":"type-product","3":"status-publish","4":"has-post-thumbnail","6":"product_brand-adidas","7":"product_cat-fc-bayern-monachium","8":"product_cat-kluby-europejskie","9":"product_cat-kluby-niemieckie","10":"pa_rozmiar-xl","12":"first","13":"instock","14":"taxable","15":"shipping-taxable","16":"purchasable","17":"product-type-simple","18":"entry","19":"content-bg","20":"loop-entry"},"taxonomy_info":{"product_brand":[{"value":45,"label":"Adidas"}],"product_cat":[{"value":100,"label":"FC Bayern Monachium"},{"value":31,"label":"Kluby Europejskie"},{"value":46,"label":"Kluby Niemieckie"}],"pa_rozmiar":[{"value":57,"label":"XL"}]},"featured_image_src_large":["https:\/\/fts.you2.pl\/wp-content\/uploads\/2025\/09\/Photoroom_086_20250614_140801-1024x1024.png",1024,1024,true],"author_info":[],"comment_info":"","_links":{"self":[{"href":"https:\/\/fts.you2.pl\/de\/wp-json\/wp\/v2\/product\/3043","targetHints":{"allow":["GET"]}}],"collection":[{"href":"https:\/\/fts.you2.pl\/de\/wp-json\/wp\/v2\/product"}],"about":[{"href":"https:\/\/fts.you2.pl\/de\/wp-json\/wp\/v2\/types\/product"}],"wp:featuredmedia":[{"embeddable":true,"href":"https:\/\/fts.you2.pl\/de\/wp-json\/wp\/v2\/media\/13924"}],"wp:attachment":[{"href":"https:\/\/fts.you2.pl\/de\/wp-json\/wp\/v2\/media?parent=3043"}],"wp:term":[{"taxonomy":"product_brand","embeddable":true,"href":"https:\/\/fts.you2.pl\/de\/wp-json\/wp\/v2\/product_brand?post=3043"},{"taxonomy":"product_cat","embeddable":true,"href":"https:\/\/fts.you2.pl\/de\/wp-json\/wp\/v2\/product_cat?post=3043"},{"taxonomy":"product_tag","embeddable":true,"href":"https:\/\/fts.you2.pl\/de\/wp-json\/wp\/v2\/product_tag?post=3043"}],"curies":[{"name":"wp","href":"https:\/\/api.w.org\/{rel}","templated":true}]}}