{"id":3047,"date":"2025-06-15T15:44:13","date_gmt":"2025-06-15T13:44:13","guid":{"rendered":"https:\/\/fts.you2.pl\/index.php\/produkt\/koszulka-treningowa-feyenoord-rotterdam-2013-14-xl\/"},"modified":"2025-09-19T16:24:42","modified_gmt":"2025-09-19T14:24:42","slug":"koszulka-treningowa-feyenoord-rotterdam-2013-14-xl","status":"publish","type":"product","link":"https:\/\/fts.you2.pl\/de\/koszulka-treningowa-feyenoord-rotterdam-2013-14-xl\/","title":{"rendered":"Pi\u0142karska koszulka treningowa Feyenoord Rotterdam 2013\/14 [XL]"},"content":{"rendered":"<p><strong>Klub:<\/strong> Feyenoord Rotterdam<\/p>\n<p><strong>Sezon:<\/strong> 2013\/14<\/p>\n<p><strong>Rozmiar: <\/strong>XL<\/p>\n<p><strong>Stan:<\/strong> Dobry &#8211; kilka mikro zaci\u0105gni\u0119\u0107.<\/p>\n<p><strong>Wymiary (szeroko\u015b\u0107 pod pachami\/d\u0142ugo\u015b\u0107) w cm: <\/strong>59\/74<\/p>","protected":false},"excerpt":{"rendered":"<p data-start=\"0\" data-end=\"75\"><strong data-start=\"0\" data-end=\"73\">Oryginalna treningowa koszulka Feyenoordu Rotterdam z sezonu 2013\/14.<\/strong><\/p>\n<p data-start=\"77\" data-end=\"536\">Lekka i przewiewna koszulka pi\u0142karska treningowa, stworzona przez firm\u0119 Puma dla holenderskiego Feyenoordu Rotterdam. Utrzymana w nowoczesnym stylu sezonu 2013\/14, idealnie sprawdza si\u0119 zar\u00f3wno podczas intensywnych \u0107wicze\u0144, jak i na co dzie\u0144 dla fan\u00f3w klubu. Wykonana z wysokiej jako\u015bci materia\u0142\u00f3w, kt\u00f3re odprowadzaj\u0105 wilgo\u0107 i zapewniaj\u0105 komfort noszenia. Doskona\u0142y wyb\u00f3r dla kolekcjoner\u00f3w oraz kibic\u00f3w jednego z najbardziej utytu\u0142owanych klub\u00f3w w Holandii.<\/p>","protected":false},"featured_media":13954,"template":"","meta":{"_kad_blocks_custom_css":"","_kad_blocks_head_custom_js":"","_kad_blocks_body_custom_js":"","_kad_blocks_footer_custom_js":"","_kad_post_transparent":"","_kad_post_title":"","_kad_post_layout":"","_kad_post_sidebar_id":"","_kad_post_content_style":"","_kad_post_vertical_padding":"","_kad_post_feature":"","_kad_post_feature_position":"","_kad_post_header":false,"_kad_post_footer":false},"product_brand":[86],"product_cat":[107,25,50,31,26],"product_tag":[],"class_list":{"0":"post-3047","1":"product","2":"type-product","3":"status-publish","4":"has-post-thumbnail","6":"product_brand-puma","7":"product_cat-belgia-i-holandia","8":"product_cat-inne","9":"product_cat-kluby-europejskie-kluby-europejskie","10":"product_cat-kluby-europejskie","11":"product_cat-kurtki-bluzy-trening","12":"pa_rozmiar-xl","14":"first","15":"instock","16":"taxable","17":"shipping-taxable","18":"purchasable","19":"product-type-simple","20":"entry","21":"content-bg","22":"loop-entry"},"taxonomy_info":{"product_brand":[{"value":86,"label":"Puma"}],"product_cat":[{"value":107,"label":"Belgia i Holandia"},{"value":25,"label":"Inne"},{"value":50,"label":"Kluby Europejskie"},{"value":31,"label":"Kluby Europejskie"},{"value":26,"label":"Kurtki\/bluzy\/trening"}],"pa_rozmiar":[{"value":57,"label":"XL"}]},"featured_image_src_large":["https:\/\/fts.you2.pl\/wp-content\/uploads\/2025\/09\/Photoroom_031_20250614_140801-1024x1024.png",1024,1024,true],"author_info":[],"comment_info":"","_links":{"self":[{"href":"https:\/\/fts.you2.pl\/de\/wp-json\/wp\/v2\/product\/3047","targetHints":{"allow":["GET"]}}],"collection":[{"href":"https:\/\/fts.you2.pl\/de\/wp-json\/wp\/v2\/product"}],"about":[{"href":"https:\/\/fts.you2.pl\/de\/wp-json\/wp\/v2\/types\/product"}],"wp:featuredmedia":[{"embeddable":true,"href":"https:\/\/fts.you2.pl\/de\/wp-json\/wp\/v2\/media\/13954"}],"wp:attachment":[{"href":"https:\/\/fts.you2.pl\/de\/wp-json\/wp\/v2\/media?parent=3047"}],"wp:term":[{"taxonomy":"product_brand","embeddable":true,"href":"https:\/\/fts.you2.pl\/de\/wp-json\/wp\/v2\/product_brand?post=3047"},{"taxonomy":"product_cat","embeddable":true,"href":"https:\/\/fts.you2.pl\/de\/wp-json\/wp\/v2\/product_cat?post=3047"},{"taxonomy":"product_tag","embeddable":true,"href":"https:\/\/fts.you2.pl\/de\/wp-json\/wp\/v2\/product_tag?post=3047"}],"curies":[{"name":"wp","href":"https:\/\/api.w.org\/{rel}","templated":true}]}}