{"id":3049,"date":"2025-06-15T15:44:12","date_gmt":"2025-06-15T13:44:12","guid":{"rendered":"https:\/\/fts.you2.pl\/index.php\/produkt\/galatasaray-2001-02-third-xl\/"},"modified":"2025-09-19T16:25:46","modified_gmt":"2025-09-19T14:25:46","slug":"galatasaray-2001-02-third-xl","status":"publish","type":"product","link":"https:\/\/fts.you2.pl\/de\/galatasaray-2001-02-third-xl\/","title":{"rendered":"Koszulka pi\u0142karska Galatasaray 2001\/02 Third [XL]"},"content":{"rendered":"<p><strong>Klub:<\/strong> Galatasaray<\/p>\n<p><strong>Sezon:<\/strong> 2001\/02 Third<\/p>\n<p><strong>Rozmiar: <\/strong>XL<\/p>\n<p><strong>Stan:<\/strong> Bardzo dobry &#8211; kilka mikro zaci\u0105gni\u0119\u0107 z ty\u0142u koszulki.<\/p>\n<p><strong>Wymiary (szeroko\u015b\u0107 pod pachami\/d\u0142ugo\u015b\u0107) w cm: <\/strong>62\/74<\/p>","protected":false},"excerpt":{"rendered":"<p data-start=\"0\" data-end=\"68\"><strong data-start=\"0\" data-end=\"66\">Oryginalna trzecia koszulka pi\u0142karska Galatasaray z sezonu 2001\/02.<\/strong><\/p>\n<p data-start=\"70\" data-end=\"668\">Ta wyj\u0105tkowa koszulka pi\u0142karska<strong> Galatasaray<\/strong> zosta\u0142a wyprodukowana przez legendarn\u0105 w\u0142osk\u0105 mark\u0119<strong> Lotto<\/strong> na sezon 2001\/02 b\u0119d\u0105cy okresem, gdy turecki gigant wci\u0105\u017c znajdowa\u0142 si\u0119 na fali sukces\u00f3w po pami\u0119tnym triumfie w <strong>Pucharze UEFA<\/strong> i <strong>Superpucharze Europy<\/strong> w 2000 roku. Trzeci komplet z tamtego sezonu wyr\u00f3\u017cnia\u0142 si\u0119 nowoczesnym jak na tamte czasy krojem i nietypow\u0105 kolorystyk\u0105.<\/p>\n<p data-start=\"670\" data-end=\"1010\">Na piersi widnieje pi\u0119knie haftowany herb Galatasaray, a obok niego logo Lotto \u2013 producenta, kt\u00f3ry s\u0142yn\u0105\u0142 z tworzenia koszulek o wysokiej jako\u015bci, z charakterystycznym w\u0142oskim stylem. Materia\u0142 zastosowany w tym modelu by\u0142 przewiewny, lekki i przyjemny w dotyku, co zapewnia\u0142o komfort zar\u00f3wno na boisku, jak i podczas codziennego noszenia.<\/p>\n<p data-start=\"1012\" data-end=\"1352\">Sezon 2001 by\u0142 dla Galatasaray czasem kontynuacji gry na europejskich arenach, a w sk\u0142adzie znajdowali si\u0119 prawdziwi bohaterowie klubu \u2013 tacy jak <strong>Hakan \u015e\u00fck\u00fcr, Gheorghe Popescu<\/strong> czy <strong>Emre Bel\u00f6zo\u011flu<\/strong>. Ta koszulka pi\u0142karska jest wi\u0119c symbolem z\u0142otej ery tureckiego futbolu, gdy Galata by\u0142a jednym z najbardziej rozpoznawalnych klub\u00f3w w Europie.<\/p>\n<p data-start=\"1354\" data-end=\"1508\">Idealna dla kolekcjoner\u00f3w rzadkich modeli i fan\u00f3w <strong>tureckiej pi\u0142ki<\/strong>, kt\u00f3rzy chc\u0105 posiada\u0107 kawa\u0142ek historii zwi\u0105zanej z najwi\u0119kszymi sukcesami <strong>Galatasaray<\/strong>.<\/p>","protected":false},"featured_media":13973,"template":"","meta":{"_kad_blocks_custom_css":"","_kad_blocks_head_custom_js":"","_kad_blocks_body_custom_js":"","_kad_blocks_footer_custom_js":"","_kad_post_transparent":"","_kad_post_title":"","_kad_post_layout":"","_kad_post_sidebar_id":"","_kad_post_content_style":"","_kad_post_vertical_padding":"","_kad_post_feature":"","_kad_post_feature_position":"","_kad_post_header":false,"_kad_post_footer":false},"product_brand":[69],"product_cat":[31,50,51],"product_tag":[],"class_list":{"0":"post-3049","1":"product","2":"type-product","3":"status-publish","4":"has-post-thumbnail","6":"product_brand-lotto","7":"product_cat-kluby-europejskie","8":"product_cat-kluby-europejskie-kluby-europejskie","9":"product_cat-turcja","10":"pa_rozmiar-xl","12":"first","13":"instock","14":"taxable","15":"shipping-taxable","16":"purchasable","17":"product-type-simple","18":"entry","19":"content-bg","20":"loop-entry"},"taxonomy_info":{"product_brand":[{"value":69,"label":"Lotto"}],"product_cat":[{"value":31,"label":"Kluby Europejskie"},{"value":50,"label":"Kluby Europejskie"},{"value":51,"label":"Turcja"}],"pa_rozmiar":[{"value":57,"label":"XL"}]},"featured_image_src_large":["https:\/\/fts.you2.pl\/wp-content\/uploads\/2025\/09\/Photoroom_097_20250614_140801-1024x1024.png",1024,1024,true],"author_info":[],"comment_info":"","_links":{"self":[{"href":"https:\/\/fts.you2.pl\/de\/wp-json\/wp\/v2\/product\/3049","targetHints":{"allow":["GET"]}}],"collection":[{"href":"https:\/\/fts.you2.pl\/de\/wp-json\/wp\/v2\/product"}],"about":[{"href":"https:\/\/fts.you2.pl\/de\/wp-json\/wp\/v2\/types\/product"}],"wp:featuredmedia":[{"embeddable":true,"href":"https:\/\/fts.you2.pl\/de\/wp-json\/wp\/v2\/media\/13973"}],"wp:attachment":[{"href":"https:\/\/fts.you2.pl\/de\/wp-json\/wp\/v2\/media?parent=3049"}],"wp:term":[{"taxonomy":"product_brand","embeddable":true,"href":"https:\/\/fts.you2.pl\/de\/wp-json\/wp\/v2\/product_brand?post=3049"},{"taxonomy":"product_cat","embeddable":true,"href":"https:\/\/fts.you2.pl\/de\/wp-json\/wp\/v2\/product_cat?post=3049"},{"taxonomy":"product_tag","embeddable":true,"href":"https:\/\/fts.you2.pl\/de\/wp-json\/wp\/v2\/product_tag?post=3049"}],"curies":[{"name":"wp","href":"https:\/\/api.w.org\/{rel}","templated":true}]}}