{"id":3052,"date":"2025-06-15T15:44:10","date_gmt":"2025-06-15T13:44:10","guid":{"rendered":"https:\/\/fts.you2.pl\/index.php\/produkt\/hertha-bsc-2015-16-away-21-plattenhardt-xl\/"},"modified":"2025-09-19T16:27:04","modified_gmt":"2025-09-19T14:27:04","slug":"hertha-bsc-2015-16-away-21-plattenhardt-xl","status":"publish","type":"product","link":"https:\/\/fts.you2.pl\/de\/hertha-bsc-2015-16-away-21-plattenhardt-xl\/","title":{"rendered":"Koszulka pi\u0142karska Hertha BSC 2015\/16 Away 21 Plattenhardt [XL]"},"content":{"rendered":"<p><strong>Klub:<\/strong> Hertha BSC<\/p>\n<p><strong>Sezon:<\/strong> 2015\/16 Away<\/p>\n<p><strong>Rozmiar: <\/strong>XL<\/p>\n<p><strong>Stan:<\/strong> Bardzo dobry &#8211; delikatnie uszkodzona cyfra na plecach.<\/p>\n<p><strong>Wymiary (szeroko\u015b\u0107 pod pachami\/d\u0142ugo\u015b\u0107) w cm: <\/strong>61\/77<\/p>","protected":false},"excerpt":{"rendered":"<p data-start=\"0\" data-end=\"91\"><strong data-start=\"0\" data-end=\"89\">Oryginalna <\/strong>wyjazdowa<strong data-start=\"0\" data-end=\"89\"> koszulka pi\u0142karska Herthy BSC<\/strong> z sezonu<strong data-start=\"0\" data-end=\"89\"> 2015\/16 <\/strong>z nadrukiem<strong data-start=\"0\" data-end=\"89\"> Marvina Plattenhardta.<\/strong><\/p>\n<p data-start=\"93\" data-end=\"545\">Odkryj <strong data-start=\"100\" data-end=\"174\">oryginaln\u0105 wyjazdow\u0105 koszulk\u0119 pi\u0142karsk\u0105 Herthy Berlin z sezonu 2015\/16<\/strong>, wyprodukowan\u0105 przez Nike \u2013 jednego ze \u015bwiatowych lider\u00f3w w tworzeniu odzie\u017cy sportowej. Ten wyj\u0105tkowy model wyr\u00f3\u017cnia si\u0119 nowoczesnym designem, dopasowanym krojem i przewiewnym materia\u0142em, kt\u00f3ry zapewnia maksymalny komfort noszenia. Na plecach widnieje oficjalny nadruk <strong data-start=\"433\" data-end=\"466\">Marvina Plattenhardta (nr 21)<\/strong>, reprezentanta Niemiec i jednego z filar\u00f3w defensywy klubu w tamtym okresie.<\/p>\n<p data-start=\"547\" data-end=\"881\">Sezon 2015\/16 by\u0142 dla <strong data-start=\"569\" data-end=\"583\">Herthy BSC<\/strong> niezwykle udany \u2013 dru\u017cyna prowadzona przez P\u00e1la D\u00e1rdaia d\u0142ugo plasowa\u0142a si\u0119 w czo\u0142\u00f3wce Bundesligi, walcz\u0105c o europejskie puchary. W tym czasie <strong data-start=\"727\" data-end=\"743\">Plattenhardt<\/strong> wyr\u00f3\u017cnia\u0142 si\u0119 precyzyjnymi do\u015brodkowaniami i \u015bwietnymi sta\u0142ymi fragmentami gry, co uczyni\u0142o go jednym z najwa\u017cniejszych graczy zespo\u0142u.<\/p>\n<p data-start=\"883\" data-end=\"1186\">Koszulka posiada oryginalne detale Nike, klubowy herb na piersi, a tak\u017ce klasyczny wyjazdowy kolorystyczny schemat Herthy. To doskona\u0142a propozycja dla kolekcjoner\u00f3w Bundesligi, fan\u00f3w berli\u0144skiego klubu oraz wszystkich, kt\u00f3rzy ceni\u0105 unikatowe <strong data-start=\"1125\" data-end=\"1183\">koszulki pi\u0142karskie z autentycznym nadrukiem zawodnika<\/strong>.<\/p>","protected":false},"featured_media":13992,"template":"","meta":{"_kad_blocks_custom_css":"","_kad_blocks_head_custom_js":"","_kad_blocks_body_custom_js":"","_kad_blocks_footer_custom_js":"","_kad_post_transparent":"","_kad_post_title":"","_kad_post_layout":"","_kad_post_sidebar_id":"","_kad_post_content_style":"","_kad_post_vertical_padding":"","_kad_post_feature":"","_kad_post_feature_position":"","_kad_post_header":false,"_kad_post_footer":false},"product_brand":[55],"product_cat":[307,31,46],"product_tag":[],"class_list":{"0":"post-3052","1":"product","2":"type-product","3":"status-publish","4":"has-post-thumbnail","6":"product_brand-nike","7":"product_cat-hertha-bsc","8":"product_cat-kluby-europejskie","9":"product_cat-kluby-niemieckie","10":"pa_rozmiar-xl","12":"first","13":"instock","14":"taxable","15":"shipping-taxable","16":"purchasable","17":"product-type-simple","18":"entry","19":"content-bg","20":"loop-entry"},"taxonomy_info":{"product_brand":[{"value":55,"label":"Nike"}],"product_cat":[{"value":307,"label":"Hertha BSC"},{"value":31,"label":"Kluby Europejskie"},{"value":46,"label":"Kluby Niemieckie"}],"pa_rozmiar":[{"value":57,"label":"XL"}]},"featured_image_src_large":["https:\/\/fts.you2.pl\/wp-content\/uploads\/2025\/09\/Photoroom_011_20250614_140801-1024x1024.png",1024,1024,true],"author_info":[],"comment_info":"","_links":{"self":[{"href":"https:\/\/fts.you2.pl\/de\/wp-json\/wp\/v2\/product\/3052","targetHints":{"allow":["GET"]}}],"collection":[{"href":"https:\/\/fts.you2.pl\/de\/wp-json\/wp\/v2\/product"}],"about":[{"href":"https:\/\/fts.you2.pl\/de\/wp-json\/wp\/v2\/types\/product"}],"wp:featuredmedia":[{"embeddable":true,"href":"https:\/\/fts.you2.pl\/de\/wp-json\/wp\/v2\/media\/13992"}],"wp:attachment":[{"href":"https:\/\/fts.you2.pl\/de\/wp-json\/wp\/v2\/media?parent=3052"}],"wp:term":[{"taxonomy":"product_brand","embeddable":true,"href":"https:\/\/fts.you2.pl\/de\/wp-json\/wp\/v2\/product_brand?post=3052"},{"taxonomy":"product_cat","embeddable":true,"href":"https:\/\/fts.you2.pl\/de\/wp-json\/wp\/v2\/product_cat?post=3052"},{"taxonomy":"product_tag","embeddable":true,"href":"https:\/\/fts.you2.pl\/de\/wp-json\/wp\/v2\/product_tag?post=3052"}],"curies":[{"name":"wp","href":"https:\/\/api.w.org\/{rel}","templated":true}]}}